{"id":4986,"date":"2024-09-13T15:50:58","date_gmt":"2024-09-13T13:50:58","guid":{"rendered":"https:\/\/www.steritech.eu.com\/wie-sie-uns-erreichen\/"},"modified":"2026-03-13T11:20:06","modified_gmt":"2026-03-13T10:20:06","slug":"wie-sie-uns-erreichen","status":"publish","type":"page","link":"https:\/\/www.steritech.eu.com\/de\/wie-sie-uns-erreichen\/","title":{"rendered":"Wie Sie uns erreichen"},"content":{"rendered":"\n<div class=\"wp-block-group alignfull has-steritech-bleu-fonce-background-color has-background is-layout-constrained wp-block-group-is-layout-constrained\" style=\"margin-bottom:100px;padding-top:80px;padding-bottom:55px\">\n<div class=\"wp-block-group alignwide is-layout-constrained wp-block-group-is-layout-constrained\">\n<h2 class=\"wp-block-heading has-white-color has-text-color has-link-color wp-elements-eaf9d8d65be1cacb2512736abb41451f\">M\u00f6chten Sie in einem <mark style=\"background-color:rgba(0, 0, 0, 0)\" class=\"has-inline-color has-steritech-vert-color\">familiengef\u00fchrten, dynamischen und international ausgerichteten mittelst\u00e4ndischen<\/mark> Unternehmen arbeiten?<\/h2>\n\n\n<div class=\"bloc-offresEmploi--conteneur\">\n    <div class=\"bloc-offresEmploi--contenu\">\n                                <p class=\"bloc-offresEmploi--aucunResultat text-center\">\n                Alle unsere Stellen sind derzeit besetzt, aber unsere T\u00fcr ist immer offen f\u00fcr spontane Bewerbungen &#8211; man wei\u00df ja nie, wie schnell sich das perfekte Match ergeben kann!\n            <\/p>\n        \n        <div class=\"bloc-offresEmploi--actions flex flex-col md:flex-row align-items-center justify-center\">\n                        \n                                        <a class=\"bloc-offresEmploi--btnCandidatureSpontanee text-uppercase\" href=\"#candidatureSpontanee\">Spontane Bewerbung<\/a>\n                    <\/div>\n    <\/div>\n<\/div>\n<\/div>\n<\/div>\n\n<h2 class=\"wp-block-heading has-text-align-center has-steritech-bleu-fonce-color has-text-color has-link-color wp-elements-fd20b977301c7456e2b5edc1b30bd379\" style=\"margin-bottom:65px\">3 Schritte bis zum gro\u00dfen Sprung!<\/h2>\n<div class=\"bloc-etapes--conteneur\">\n    <div class=\"bloc-etapes--contenu flex flex-col lg:flex-row\">\n                                <div class=\"bloc-etapes--etape flex align-items-center\">\n                                <p class=\"bloc-etapes--etape_chiffre\">1<\/p>\n\n                <div class=\"bloc-etapes--etape_infos\">\n                                                            <img decoding=\"async\" class=\"bloc-etapes--etape_picto\" src=\"https:\/\/www.steritech.eu.com\/wp-content\/uploads\/2024\/10\/picto-telephone.svg\" alt=\"\">\n\n                                                                <p class=\"bloc-etapes--etape_texte\">Telefonischer Austausch<\/p>\n                                    <\/div>\n            <\/div>\n                                <div class=\"bloc-etapes--etape flex align-items-center\">\n                                <p class=\"bloc-etapes--etape_chiffre\">2<\/p>\n\n                <div class=\"bloc-etapes--etape_infos\">\n                                                            <img decoding=\"async\" class=\"bloc-etapes--etape_picto\" src=\"https:\/\/www.steritech.eu.com\/wp-content\/uploads\/2024\/10\/picto-manager.svg\" alt=\"\">\n\n                                                                <p class=\"bloc-etapes--etape_texte\">HR-Gespr\u00e4ch und Manager<\/p>\n                                    <\/div>\n            <\/div>\n                                <div class=\"bloc-etapes--etape flex align-items-center\">\n                                <p class=\"bloc-etapes--etape_chiffre\">3<\/p>\n\n                <div class=\"bloc-etapes--etape_infos\">\n                                                            <img decoding=\"async\" class=\"bloc-etapes--etape_picto\" src=\"https:\/\/www.steritech.eu.com\/wp-content\/uploads\/2024\/10\/picto-test.svg\" alt=\"\">\n\n                                                                <p class=\"bloc-etapes--etape_texte\">Technischer Test<\/p>\n                                    <\/div>\n            <\/div>\n            <\/div>\n<\/div>\n\n<div class=\"wp-block-group alignfull has-white-background-color has-background is-layout-constrained wp-block-group-is-layout-constrained\" style=\"margin-top:100px;padding-top:50px;padding-bottom:78px;background-position:80% 50%;background-repeat:no-repeat;background-size:contain;\">\n<h2 class=\"wp-block-heading has-steritech-bleu-fonce-color has-text-color has-link-color wp-elements-7fab4022eb73cf516c9fcf98bba8e570\">Warum sollten Sie sich uns <mark style=\"background-color:rgba(0, 0, 0, 0)\" class=\"has-inline-color has-steritech-vert-color\">anschlie\u00dfen <\/mark>?<\/h2>\n\n\n<section class=\"bloc-carresolutions--container my-8\" data-align=\"\">\n\t\t\t<a class=\"bloc-carresolutions--link\" href=\"https:\/\/www.steritech.eu.com\/de\/unser-team\/\">\n                        <div class=\"bloc-carresolutions--item\" style=\"background-image:url('https:\/\/www.steritech.eu.com\/wp-content\/uploads\/2025\/07\/Photo-groupe-5-768x512.jpg');\">\n\n            <h4>Unser Team<\/h4>\n\t\t\t\t<div class=\"bloc-carresolutions--separateur\"><\/div>\n\t\t\t\t<p><\/p>\n\n\t\t\t<\/div>\n\t\t<\/a>\n\t\t\t<a class=\"bloc-carresolutions--link\" href=\"https:\/\/www.steritech.eu.com\/de\/das-leben-bei-steritech\/\">\n                        <div class=\"bloc-carresolutions--item\" style=\"background-image:url('https:\/\/www.steritech.eu.com\/wp-content\/uploads\/2025\/04\/IMG_9428-768x512.jpg');\">\n\n            <h4>Das Leben bei Steritech<\/h4>\n\t\t\t\t<div class=\"bloc-carresolutions--separateur\"><\/div>\n\t\t\t\t<p><\/p>\n\n\t\t\t<\/div>\n\t\t<\/a>\n\t\t\t<a class=\"bloc-carresolutions--link\" href=\"https:\/\/www.steritech.eu.com\/de\/wer-sind-wir\/\">\n                        <div class=\"bloc-carresolutions--item\" style=\"background-image:url('https:\/\/www.steritech.eu.com\/wp-content\/uploads\/2024\/11\/IMG_0397-768x576.jpg');\">\n\n            <h4>Mehr \u00fcber Steritech<\/h4>\n\t\t\t\t<div class=\"bloc-carresolutions--separateur\"><\/div>\n\t\t\t\t<p><\/p>\n\n\t\t\t<\/div>\n\t\t<\/a>\n\t\t\t<a class=\"bloc-carresolutions--link\" href=\"https:\/\/www.steritech.eu.com\/de\/unsere-csr-verpflichtungen\/\">\n                        <div class=\"bloc-carresolutions--item\" style=\"background-image:url('https:\/\/www.steritech.eu.com\/wp-content\/uploads\/2025\/04\/Notre-engagement-RSE-une-part-importante-de-notre-ADN-768x432.jpg');\">\n\n            <h4>Unsere CSR-Verpflichtungen<\/h4>\n\t\t\t\t<div class=\"bloc-carresolutions--separateur\"><\/div>\n\t\t\t\t<p><\/p>\n\n\t\t\t<\/div>\n\t\t<\/a>\n\t\n<\/section>\n<\/div>\n","protected":false},"excerpt":{"rendered":"<p>M\u00f6chten Sie in einem familiengef\u00fchrten, dynamischen und international ausgerichteten mittelst\u00e4ndischen Unternehmen arbeiten? 3 Schritte bis zum gro\u00dfen Sprung! Warum sollten Sie sich uns anschlie\u00dfen ?<\/p>\n","protected":false},"author":1,"featured_media":2864,"parent":0,"menu_order":0,"comment_status":"closed","ping_status":"closed","template":"","meta":{"_acf_changed":false,"footnotes":""},"folder":[121],"class_list":["post-4986","page","type-page","status-publish","has-post-thumbnail","hentry"],"acf":[],"yoast_head":"<!-- This site is optimized with the Yoast SEO plugin v27.3 - https:\/\/yoast.com\/product\/yoast-seo-wordpress\/ -->\n<title>Wie Sie uns erreichen - Steritech<\/title>\n<meta name=\"robots\" content=\"index, follow, max-snippet:-1, max-image-preview:large, max-video-preview:-1\" \/>\n<link rel=\"canonical\" href=\"https:\/\/www.steritech.eu.com\/de\/wie-sie-uns-erreichen\/\" \/>\n<meta property=\"og:locale\" content=\"de_DE\" \/>\n<meta property=\"og:type\" content=\"article\" \/>\n<meta property=\"og:title\" content=\"Wie Sie uns erreichen - Steritech\" \/>\n<meta property=\"og:description\" content=\"M\u00f6chten Sie in einem familiengef\u00fchrten, dynamischen und international ausgerichteten mittelst\u00e4ndischen Unternehmen arbeiten? 3 Schritte bis zum gro\u00dfen Sprung! Warum sollten Sie sich uns anschlie\u00dfen ?\" \/>\n<meta property=\"og:url\" content=\"https:\/\/www.steritech.eu.com\/de\/wie-sie-uns-erreichen\/\" \/>\n<meta property=\"og:site_name\" content=\"Steritech\" \/>\n<meta property=\"article:modified_time\" content=\"2026-03-13T10:20:06+00:00\" \/>\n<meta property=\"og:image\" content=\"https:\/\/www.steritech.eu.com\/wp-content\/uploads\/2024\/11\/S2O_4681-5593x3074-1-scaled.jpg\" \/>\n\t<meta property=\"og:image:width\" content=\"1\" \/>\n\t<meta property=\"og:image:height\" content=\"1\" \/>\n\t<meta property=\"og:image:type\" content=\"image\/jpeg\" \/>\n<meta name=\"twitter:card\" content=\"summary_large_image\" \/>\n<script type=\"application\/ld+json\" class=\"yoast-schema-graph\">{\"@context\":\"https:\\\/\\\/schema.org\",\"@graph\":[{\"@type\":\"WebPage\",\"@id\":\"https:\\\/\\\/www.steritech.eu.com\\\/de\\\/wie-sie-uns-erreichen\\\/\",\"url\":\"https:\\\/\\\/www.steritech.eu.com\\\/de\\\/wie-sie-uns-erreichen\\\/\",\"name\":\"Wie Sie uns erreichen - Steritech\",\"isPartOf\":{\"@id\":\"https:\\\/\\\/www.steritech.eu.com\\\/de\\\/#website\"},\"primaryImageOfPage\":{\"@id\":\"https:\\\/\\\/www.steritech.eu.com\\\/de\\\/wie-sie-uns-erreichen\\\/#primaryimage\"},\"image\":{\"@id\":\"https:\\\/\\\/www.steritech.eu.com\\\/de\\\/wie-sie-uns-erreichen\\\/#primaryimage\"},\"thumbnailUrl\":\"https:\\\/\\\/www.steritech.eu.com\\\/wp-content\\\/uploads\\\/2024\\\/11\\\/S2O_4681-5593x3074-1-scaled.jpg\",\"datePublished\":\"2024-09-13T13:50:58+00:00\",\"dateModified\":\"2026-03-13T10:20:06+00:00\",\"breadcrumb\":{\"@id\":\"https:\\\/\\\/www.steritech.eu.com\\\/de\\\/wie-sie-uns-erreichen\\\/#breadcrumb\"},\"inLanguage\":\"de\",\"potentialAction\":[{\"@type\":\"ReadAction\",\"target\":[\"https:\\\/\\\/www.steritech.eu.com\\\/de\\\/wie-sie-uns-erreichen\\\/\"]}]},{\"@type\":\"ImageObject\",\"inLanguage\":\"de\",\"@id\":\"https:\\\/\\\/www.steritech.eu.com\\\/de\\\/wie-sie-uns-erreichen\\\/#primaryimage\",\"url\":\"https:\\\/\\\/www.steritech.eu.com\\\/wp-content\\\/uploads\\\/2024\\\/11\\\/S2O_4681-5593x3074-1-scaled.jpg\",\"contentUrl\":\"https:\\\/\\\/www.steritech.eu.com\\\/wp-content\\\/uploads\\\/2024\\\/11\\\/S2O_4681-5593x3074-1-scaled.jpg\"},{\"@type\":\"BreadcrumbList\",\"@id\":\"https:\\\/\\\/www.steritech.eu.com\\\/de\\\/wie-sie-uns-erreichen\\\/#breadcrumb\",\"itemListElement\":[{\"@type\":\"ListItem\",\"position\":1,\"name\":\"Startseite\",\"item\":\"https:\\\/\\\/www.steritech.eu.com\\\/de\\\/\"},{\"@type\":\"ListItem\",\"position\":2,\"name\":\"Wie Sie uns erreichen\"}]},{\"@type\":\"WebSite\",\"@id\":\"https:\\\/\\\/www.steritech.eu.com\\\/de\\\/#website\",\"url\":\"https:\\\/\\\/www.steritech.eu.com\\\/de\\\/\",\"name\":\"Steritech\",\"description\":\"Smart preservation\",\"publisher\":{\"@id\":\"https:\\\/\\\/www.steritech.eu.com\\\/de\\\/#organization\"},\"alternateName\":\"STERITECH\",\"potentialAction\":[{\"@type\":\"SearchAction\",\"target\":{\"@type\":\"EntryPoint\",\"urlTemplate\":\"https:\\\/\\\/www.steritech.eu.com\\\/de\\\/?s={search_term_string}\"},\"query-input\":{\"@type\":\"PropertyValueSpecification\",\"valueRequired\":true,\"valueName\":\"search_term_string\"}}],\"inLanguage\":\"de\"},{\"@type\":\"Organization\",\"@id\":\"https:\\\/\\\/www.steritech.eu.com\\\/de\\\/#organization\",\"name\":\"Steritech\",\"url\":\"https:\\\/\\\/www.steritech.eu.com\\\/de\\\/\",\"logo\":{\"@type\":\"ImageObject\",\"inLanguage\":\"de\",\"@id\":\"https:\\\/\\\/www.steritech.eu.com\\\/de\\\/#\\\/schema\\\/logo\\\/image\\\/\",\"url\":\"https:\\\/\\\/www.steritech.eu.com\\\/wp-content\\\/uploads\\\/2024\\\/06\\\/Logo-Steritech-texte.svg\",\"contentUrl\":\"https:\\\/\\\/www.steritech.eu.com\\\/wp-content\\\/uploads\\\/2024\\\/06\\\/Logo-Steritech-texte.svg\",\"caption\":\"Steritech\"},\"image\":{\"@id\":\"https:\\\/\\\/www.steritech.eu.com\\\/de\\\/#\\\/schema\\\/logo\\\/image\\\/\"},\"sameAs\":[\"https:\\\/\\\/www.linkedin.com\\\/company\\\/steritechsas\"]}]}<\/script>\n<!-- \/ Yoast SEO plugin. -->","yoast_head_json":{"title":"Wie Sie uns erreichen - Steritech","robots":{"index":"index","follow":"follow","max-snippet":"max-snippet:-1","max-image-preview":"max-image-preview:large","max-video-preview":"max-video-preview:-1"},"canonical":"https:\/\/www.steritech.eu.com\/de\/wie-sie-uns-erreichen\/","og_locale":"de_DE","og_type":"article","og_title":"Wie Sie uns erreichen - Steritech","og_description":"M\u00f6chten Sie in einem familiengef\u00fchrten, dynamischen und international ausgerichteten mittelst\u00e4ndischen Unternehmen arbeiten? 3 Schritte bis zum gro\u00dfen Sprung! Warum sollten Sie sich uns anschlie\u00dfen ?","og_url":"https:\/\/www.steritech.eu.com\/de\/wie-sie-uns-erreichen\/","og_site_name":"Steritech","article_modified_time":"2026-03-13T10:20:06+00:00","og_image":[{"url":"https:\/\/www.steritech.eu.com\/wp-content\/uploads\/2024\/11\/S2O_4681-5593x3074-1-scaled.jpg","width":1,"height":1,"type":"image\/jpeg"}],"twitter_card":"summary_large_image","schema":{"@context":"https:\/\/schema.org","@graph":[{"@type":"WebPage","@id":"https:\/\/www.steritech.eu.com\/de\/wie-sie-uns-erreichen\/","url":"https:\/\/www.steritech.eu.com\/de\/wie-sie-uns-erreichen\/","name":"Wie Sie uns erreichen - Steritech","isPartOf":{"@id":"https:\/\/www.steritech.eu.com\/de\/#website"},"primaryImageOfPage":{"@id":"https:\/\/www.steritech.eu.com\/de\/wie-sie-uns-erreichen\/#primaryimage"},"image":{"@id":"https:\/\/www.steritech.eu.com\/de\/wie-sie-uns-erreichen\/#primaryimage"},"thumbnailUrl":"https:\/\/www.steritech.eu.com\/wp-content\/uploads\/2024\/11\/S2O_4681-5593x3074-1-scaled.jpg","datePublished":"2024-09-13T13:50:58+00:00","dateModified":"2026-03-13T10:20:06+00:00","breadcrumb":{"@id":"https:\/\/www.steritech.eu.com\/de\/wie-sie-uns-erreichen\/#breadcrumb"},"inLanguage":"de","potentialAction":[{"@type":"ReadAction","target":["https:\/\/www.steritech.eu.com\/de\/wie-sie-uns-erreichen\/"]}]},{"@type":"ImageObject","inLanguage":"de","@id":"https:\/\/www.steritech.eu.com\/de\/wie-sie-uns-erreichen\/#primaryimage","url":"https:\/\/www.steritech.eu.com\/wp-content\/uploads\/2024\/11\/S2O_4681-5593x3074-1-scaled.jpg","contentUrl":"https:\/\/www.steritech.eu.com\/wp-content\/uploads\/2024\/11\/S2O_4681-5593x3074-1-scaled.jpg"},{"@type":"BreadcrumbList","@id":"https:\/\/www.steritech.eu.com\/de\/wie-sie-uns-erreichen\/#breadcrumb","itemListElement":[{"@type":"ListItem","position":1,"name":"Startseite","item":"https:\/\/www.steritech.eu.com\/de\/"},{"@type":"ListItem","position":2,"name":"Wie Sie uns erreichen"}]},{"@type":"WebSite","@id":"https:\/\/www.steritech.eu.com\/de\/#website","url":"https:\/\/www.steritech.eu.com\/de\/","name":"Steritech","description":"Smart preservation","publisher":{"@id":"https:\/\/www.steritech.eu.com\/de\/#organization"},"alternateName":"STERITECH","potentialAction":[{"@type":"SearchAction","target":{"@type":"EntryPoint","urlTemplate":"https:\/\/www.steritech.eu.com\/de\/?s={search_term_string}"},"query-input":{"@type":"PropertyValueSpecification","valueRequired":true,"valueName":"search_term_string"}}],"inLanguage":"de"},{"@type":"Organization","@id":"https:\/\/www.steritech.eu.com\/de\/#organization","name":"Steritech","url":"https:\/\/www.steritech.eu.com\/de\/","logo":{"@type":"ImageObject","inLanguage":"de","@id":"https:\/\/www.steritech.eu.com\/de\/#\/schema\/logo\/image\/","url":"https:\/\/www.steritech.eu.com\/wp-content\/uploads\/2024\/06\/Logo-Steritech-texte.svg","contentUrl":"https:\/\/www.steritech.eu.com\/wp-content\/uploads\/2024\/06\/Logo-Steritech-texte.svg","caption":"Steritech"},"image":{"@id":"https:\/\/www.steritech.eu.com\/de\/#\/schema\/logo\/image\/"},"sameAs":["https:\/\/www.linkedin.com\/company\/steritechsas"]}]}},"_links":{"self":[{"href":"https:\/\/www.steritech.eu.com\/de\/wp-json\/wp\/v2\/pages\/4986","targetHints":{"allow":["GET"]}}],"collection":[{"href":"https:\/\/www.steritech.eu.com\/de\/wp-json\/wp\/v2\/pages"}],"about":[{"href":"https:\/\/www.steritech.eu.com\/de\/wp-json\/wp\/v2\/types\/page"}],"author":[{"embeddable":true,"href":"https:\/\/www.steritech.eu.com\/de\/wp-json\/wp\/v2\/users\/1"}],"replies":[{"embeddable":true,"href":"https:\/\/www.steritech.eu.com\/de\/wp-json\/wp\/v2\/comments?post=4986"}],"version-history":[{"count":3,"href":"https:\/\/www.steritech.eu.com\/de\/wp-json\/wp\/v2\/pages\/4986\/revisions"}],"predecessor-version":[{"id":11160,"href":"https:\/\/www.steritech.eu.com\/de\/wp-json\/wp\/v2\/pages\/4986\/revisions\/11160"}],"wp:featuredmedia":[{"embeddable":true,"href":"https:\/\/www.steritech.eu.com\/de\/wp-json\/wp\/v2\/media\/2864"}],"wp:attachment":[{"href":"https:\/\/www.steritech.eu.com\/de\/wp-json\/wp\/v2\/media?parent=4986"}],"wp:term":[{"taxonomy":"folder","embeddable":true,"href":"https:\/\/www.steritech.eu.com\/de\/wp-json\/wp\/v2\/folder?post=4986"}],"curies":[{"name":"wp","href":"https:\/\/api.w.org\/{rel}","templated":true}]}}