{"id":7845,"date":"2024-09-11T16:37:20","date_gmt":"2024-09-11T14:37:20","guid":{"rendered":"https:\/\/www.steritech.eu.com\/sitemap\/"},"modified":"2025-07-16T08:31:46","modified_gmt":"2025-07-16T06:31:46","slug":"sitemap","status":"publish","type":"page","link":"https:\/\/www.steritech.eu.com\/de\/sitemap\/","title":{"rendered":"Sitemap"},"content":{"rendered":"<div class=\"bloc-plandusite \">\n        <div class=\"plandusite\">\n                    <h2>Hauptmen\u00fc<\/h2>\n            <div class=\"menu-hauptmenue-container\"><ul id=\"menu-hauptmenue\" class=\"menu\"><li id=\"menu-item-9120\" class=\"menu-item menu-item-type-custom menu-item-object-custom menu-item-has-children menu-item-9120\"><a href=\"#\">Ihre Bed\u00fcrfnisse<\/a>\n<ul class=\"sub-menu\">\n\t<li id=\"menu-item-9193\" class=\"menu-item menu-item-type-post_type menu-item-object-page menu-item-9193\"><a href=\"https:\/\/www.steritech.eu.com\/de\/finden-sie-die-passende-loesung\/\">Finden Sie die beste L\u00f6sung f\u00fcr Ihre Bed\u00fcrfnisse<\/a><\/li>\n\t<li id=\"menu-item-9194\" class=\"menu-item menu-item-type-post_type menu-item-object-page menu-item-9194\"><a href=\"https:\/\/www.steritech.eu.com\/de\/ihre-produkte-und-verpackungen\/\">Ihre Produkte und Verpackungen<\/a><\/li>\n<\/ul>\n<\/li>\n<li id=\"menu-item-9121\" class=\"menu-item menu-item-type-custom menu-item-object-custom menu-item-has-children menu-item-9121\"><a href=\"#\">Unsere L\u00f6sungen<\/a>\n<ul class=\"sub-menu\">\n\t<li id=\"menu-item-8240\" class=\"menu-item menu-item-type-post_type menu-item-object-page menu-item-8240\"><a href=\"https:\/\/www.steritech.eu.com\/de\/industrielle-autoklavenbrspanunsere\/\">Industrielle Autoklaven<\/a><\/li>\n\t<li id=\"menu-item-8242\" class=\"menu-item menu-item-type-post_type menu-item-object-page menu-item-8242\"><a href=\"https:\/\/www.steritech.eu.com\/de\/loesungen-waermebehandlung-kontinuierlichen-fluss\/\">Kontinuierliche L\u00f6sungen<\/a><\/li>\n\t<li id=\"menu-item-8250\" class=\"menu-item menu-item-type-post_type menu-item-object-page menu-item-8250\"><a href=\"https:\/\/www.steritech.eu.com\/de\/zubehoer-und-optionale-ausstattung\/\">Zubeh\u00f6r und optionale Ausstattung:<\/a><\/li>\n\t<li id=\"menu-item-8243\" class=\"menu-item menu-item-type-post_type menu-item-object-page menu-item-8243\"><a href=\"https:\/\/www.steritech.eu.com\/de\/watterlow-fuer-die-rueckgewinnung-von-energie\/\">WatterloW, f\u00fcr die R\u00fcckgewinnung von Energie!<\/a><\/li>\n\t<li id=\"menu-item-8246\" class=\"menu-item menu-item-type-post_type menu-item-object-page menu-item-8246\"><a href=\"https:\/\/www.steritech.eu.com\/de\/retrofit\/\">Retrofit Ihrer Autoklaven<\/a><\/li>\n<\/ul>\n<\/li>\n<li id=\"menu-item-9122\" class=\"menu-item menu-item-type-custom menu-item-object-custom menu-item-has-children menu-item-9122\"><a href=\"#\">Unsere Dienstleistungen<\/a>\n<ul class=\"sub-menu\">\n\t<li id=\"menu-item-8244\" class=\"menu-item menu-item-type-post_type menu-item-object-page menu-item-8244\"><a href=\"https:\/\/www.steritech.eu.com\/de\/individuelle-unterstuetzung-fuer-ihr-projekt\/\">Individuelle Unterst\u00fctzung f\u00fcr Ihr Projekt<\/a><\/li>\n\t<li id=\"menu-item-8247\" class=\"menu-item menu-item-type-post_type menu-item-object-page menu-item-8247\"><a href=\"https:\/\/www.steritech.eu.com\/de\/tests-und-versuche-in-unserem-labor\/\">Tests und Versuche in unserem Labor<\/a><\/li>\n\t<li id=\"menu-item-8245\" class=\"menu-item menu-item-type-post_type menu-item-object-page menu-item-8245\"><a href=\"https:\/\/www.steritech.eu.com\/de\/pilot-miet-und-gebrauchtmaterial\/\">Pilotanlagen \u2013 Autoklavenvermietung \u2013 Gebrauchtautoklaven<\/a><\/li>\n\t<li id=\"menu-item-8249\" class=\"menu-item menu-item-type-post_type menu-item-object-page menu-item-8249\"><a href=\"https:\/\/www.steritech.eu.com\/de\/wartung-und-kundendienst\/\">Wartung und Kundendienst<\/a><\/li>\n\t<li id=\"menu-item-8248\" class=\"menu-item menu-item-type-post_type menu-item-object-page menu-item-8248\"><a href=\"https:\/\/www.steritech.eu.com\/de\/trilogy-control-system-industrie-4-0\/\">Trilogy Control System \u2013 Industrie 4.0<\/a><\/li>\n\t<li id=\"menu-item-9030\" class=\"menu-item menu-item-type-post_type menu-item-object-page menu-item-9030\"><a href=\"https:\/\/www.steritech.eu.com\/de\/retrofit\/\">Retrofit Ihrer Autoklaven<\/a><\/li>\n<\/ul>\n<\/li>\n<li id=\"menu-item-9123\" class=\"menu-item menu-item-type-custom menu-item-object-custom menu-item-has-children menu-item-9123\"><a href=\"#\">Entdecken Steritech<\/a>\n<ul class=\"sub-menu\">\n\t<li id=\"menu-item-4130\" class=\"menu-item menu-item-type-post_type menu-item-object-page menu-item-4130\"><a href=\"https:\/\/www.steritech.eu.com\/de\/wer-sind-wir\/\">Wer sind wir?<\/a><\/li>\n\t<li id=\"menu-item-9190\" class=\"menu-item menu-item-type-post_type menu-item-object-page menu-item-9190\"><a href=\"https:\/\/www.steritech.eu.com\/de\/unser-team\/\">Unser Team<\/a><\/li>\n\t<li id=\"menu-item-9189\" class=\"menu-item menu-item-type-post_type menu-item-object-page menu-item-9189\"><a href=\"https:\/\/www.steritech.eu.com\/de\/unsere-csr-verpflichtungen\/\">Gemeinsam eine nachhaltige Zukunft gestalten: unsere Leidenschaft<\/a><\/li>\n\t<li id=\"menu-item-9188\" class=\"menu-item menu-item-type-post_type menu-item-object-page menu-item-9188\"><a href=\"https:\/\/www.steritech.eu.com\/de\/das-leben-bei-steritech\/\">Das Leben bei Steritech<\/a><\/li>\n<\/ul>\n<\/li>\n<li id=\"menu-item-9191\" class=\"menu-item menu-item-type-post_type menu-item-object-page current_page_parent menu-item-9191\"><a href=\"https:\/\/www.steritech.eu.com\/de\/steritech-neuigkeiten\/\">Neuigkeiten von Steritech<\/a><\/li>\n<li id=\"menu-item-9192\" class=\"menu-item menu-item-type-post_type menu-item-object-page menu-item-9192\"><a href=\"https:\/\/www.steritech.eu.com\/de\/wie-sie-uns-erreichen\/\">Wie Sie uns erreichen<\/a><\/li>\n<li id=\"menu-item-4978\" class=\"menu-item menu-item-type-post_type menu-item-object-page menu-item-4978\"><a href=\"https:\/\/www.steritech.eu.com\/de\/kontaktieren-sie-uns\/\">Kontaktieren Sie uns<\/a><\/li>\n<\/ul><\/div>\n                    <h2>Fu\u00dfzeilenmen\u00fc<\/h2>\n            <div class=\"menu-fusszeilenmenue-container\"><ul id=\"menu-fusszeilenmenue\" class=\"menu\"><li id=\"menu-item-8654\" class=\"menu-item menu-item-type-custom menu-item-object-custom menu-item-8654\"><a href=\"https:\/\/www.steritech.eu.com\/de\/#solutions\">Unsere L\u00f6sungen<\/a><\/li>\n<li id=\"menu-item-8655\" class=\"menu-item menu-item-type-custom menu-item-object-custom menu-item-8655\"><a href=\"https:\/\/www.steritech.eu.com\/de\/#services\">Unsere Dienstleistungen<\/a><\/li>\n<li id=\"menu-item-8657\" class=\"menu-item menu-item-type-post_type menu-item-object-page menu-item-8657\"><a href=\"https:\/\/www.steritech.eu.com\/de\/wie-sie-uns-erreichen\/\">Kommen Sie zu uns!<\/a><\/li>\n<li id=\"menu-item-8658\" class=\"menu-item menu-item-type-post_type menu-item-object-page menu-item-8658\"><a href=\"https:\/\/www.steritech.eu.com\/de\/kontaktieren-sie-uns\/\">Kontakt<\/a><\/li>\n<li id=\"menu-item-8656\" class=\"menu-item menu-item-type-post_type menu-item-object-page menu-item-8656\"><a href=\"https:\/\/www.steritech.eu.com\/de\/wer-sind-wir\/\">Die Firma<\/a><\/li>\n<\/ul><\/div>\n                    <h2>Hauptmen\u00fc B<\/h2>\n            <div class=\"menu-hauptmenue-b-container\"><ul id=\"menu-hauptmenue-b\" class=\"menu\"><li id=\"menu-item-8295\" class=\"menu-item menu-item-type-custom menu-item-object-custom menu-item-has-children menu-item-8295\"><a href=\"#\">Ihre Bed\u00fcrfnisse<\/a>\n<ul class=\"sub-menu\">\n\t<li id=\"menu-item-9148\" class=\"menu-item menu-item-type-post_type menu-item-object-page menu-item-9148\"><a href=\"https:\/\/www.steritech.eu.com\/de\/finden-sie-die-passende-loesung\/\">Finden Sie die beste L\u00f6sung f\u00fcr Ihre Bed\u00fcrfnisse<\/a><\/li>\n\t<li id=\"menu-item-9149\" class=\"menu-item menu-item-type-post_type menu-item-object-page menu-item-9149\"><a href=\"https:\/\/www.steritech.eu.com\/de\/ihre-produkte-und-verpackungen\/\">Ihre Produkte und Verpackungen<\/a><\/li>\n<\/ul>\n<\/li>\n<li id=\"menu-item-10888\" class=\"menu-item menu-item-type-custom menu-item-object-custom menu-item-has-children menu-item-10888\"><a href=\"#\">Go\u00fbt&#8217;stave : kleiner elektrischer Autoklav<\/a>\n<ul class=\"sub-menu\">\n\t<li id=\"menu-item-10890\" class=\"menu-item menu-item-type-post_type menu-item-object-page menu-item-10890\"><a href=\"https:\/\/www.steritech.eu.com\/de\/goutstave-kleiner-elektrischer-autoklav\/\">Die Produktreihe Go\u00fbt&#8217;stave<\/a><\/li>\n\t<li id=\"menu-item-10889\" class=\"menu-item menu-item-type-post_type menu-item-object-page menu-item-10889\"><a href=\"https:\/\/www.steritech.eu.com\/de\/die-geschichte-von-goutstave\/\">Die Geschichte von Go\u00fbt\u2019stave<\/a><\/li>\n<\/ul>\n<\/li>\n<li id=\"menu-item-8300\" class=\"menu-item menu-item-type-post_type menu-item-object-page menu-item-8300\"><a href=\"https:\/\/www.steritech.eu.com\/de\/gemietetes-oder-gebrauchtes-material\/\">Miet- oder Gebrauchtger\u00e4te<\/a><\/li>\n<li id=\"menu-item-8299\" class=\"menu-item menu-item-type-post_type menu-item-object-page menu-item-8299\"><a href=\"https:\/\/www.steritech.eu.com\/de\/begleitung-bei-ihrem-projekt\/\">Begleitung bei Ihrem Konservenprojekt<\/a><\/li>\n<li id=\"menu-item-8296\" class=\"menu-item menu-item-type-custom menu-item-object-custom menu-item-has-children menu-item-8296\"><a href=\"#\">Entdecken Sie Steritech<\/a>\n<ul class=\"sub-menu\">\n\t<li class=\"menu-item menu-item-type-post_type menu-item-object-page menu-item-8656\"><a href=\"https:\/\/www.steritech.eu.com\/de\/wer-sind-wir\/\">Die Firma<\/a><\/li>\n\t<li id=\"menu-item-9151\" class=\"menu-item menu-item-type-post_type menu-item-object-page menu-item-9151\"><a href=\"https:\/\/www.steritech.eu.com\/de\/unser-team\/\">Unser Team<\/a><\/li>\n\t<li id=\"menu-item-9160\" class=\"menu-item menu-item-type-post_type menu-item-object-page menu-item-9160\"><a href=\"https:\/\/www.steritech.eu.com\/de\/unsere-csr-verpflichtungen\/\">Gemeinsam eine nachhaltige Zukunft gestalten: unsere Leidenschaft<\/a><\/li>\n\t<li id=\"menu-item-9161\" class=\"menu-item menu-item-type-post_type menu-item-object-page menu-item-9161\"><a href=\"https:\/\/www.steritech.eu.com\/de\/das-leben-bei-steritech\/\">Das Leben bei Steritech<\/a><\/li>\n<\/ul>\n<\/li>\n<li id=\"menu-item-9162\" class=\"menu-item menu-item-type-post_type menu-item-object-page current_page_parent menu-item-9162\"><a href=\"https:\/\/www.steritech.eu.com\/de\/steritech-neuigkeiten\/\">Neuigkeiten von Steritech<\/a><\/li>\n<li class=\"menu-item menu-item-type-post_type menu-item-object-page menu-item-8657\"><a href=\"https:\/\/www.steritech.eu.com\/de\/wie-sie-uns-erreichen\/\">Kommen Sie zu uns!<\/a><\/li>\n<li class=\"menu-item menu-item-type-post_type menu-item-object-page menu-item-8658\"><a href=\"https:\/\/www.steritech.eu.com\/de\/kontaktieren-sie-uns\/\">Kontakt<\/a><\/li>\n<\/ul><\/div>\n                    <h2>Sekund\u00e4res Fu\u00dfzeilenmen\u00fc<\/h2>\n            <div class=\"menu-sekundaeres-fusszeilenmenue-container\"><ul id=\"menu-sekundaeres-fusszeilenmenue\" class=\"menu\"><li id=\"menu-item-9725\" class=\"menu-item menu-item-type-custom menu-item-object-custom menu-item-9725\"><a href=\"https:\/\/www.steritech.eu.com\/de\/rechtliche-hinweise-und-datenschutz\/\">Rechtliche Hinweise und Datenschutz<\/a><\/li>\n<li id=\"menu-item-8674\" class=\"menu-item menu-item-type-post_type menu-item-object-page menu-item-8674\"><a href=\"https:\/\/www.steritech.eu.com\/de\/cookie-verwaltung\/\">Cookie-Verwaltung<\/a><\/li>\n<li id=\"menu-item-8675\" class=\"menu-item menu-item-type-post_type menu-item-object-page menu-item-8675\"><a href=\"https:\/\/www.steritech.eu.com\/de\/sitemap\/\">Sitemap<\/a><\/li>\n<\/ul><\/div>\n        \n                \n                    <\/div>\n<\/div>\n","protected":false},"excerpt":{"rendered":"","protected":false},"author":1,"featured_media":0,"parent":0,"menu_order":0,"comment_status":"closed","ping_status":"closed","template":"","meta":{"_acf_changed":false,"footnotes":""},"folder":[121],"class_list":["post-7845","page","type-page","status-publish","hentry"],"acf":[],"yoast_head":"<!-- This site is optimized with the Yoast SEO plugin v27.3 - https:\/\/yoast.com\/product\/yoast-seo-wordpress\/ -->\n<title>Sitemap - Steritech<\/title>\n<meta name=\"robots\" content=\"index, follow, max-snippet:-1, max-image-preview:large, max-video-preview:-1\" \/>\n<link rel=\"canonical\" href=\"https:\/\/www.steritech.eu.com\/de\/sitemap\/\" \/>\n<meta property=\"og:locale\" content=\"de_DE\" \/>\n<meta property=\"og:type\" content=\"article\" \/>\n<meta property=\"og:title\" content=\"Sitemap - Steritech\" \/>\n<meta property=\"og:url\" content=\"https:\/\/www.steritech.eu.com\/de\/sitemap\/\" \/>\n<meta property=\"og:site_name\" content=\"Steritech\" \/>\n<meta property=\"article:modified_time\" content=\"2025-07-16T06:31:46+00:00\" \/>\n<meta name=\"twitter:card\" content=\"summary_large_image\" \/>\n<script type=\"application\/ld+json\" class=\"yoast-schema-graph\">{\"@context\":\"https:\\\/\\\/schema.org\",\"@graph\":[{\"@type\":\"WebPage\",\"@id\":\"https:\\\/\\\/www.steritech.eu.com\\\/de\\\/sitemap\\\/\",\"url\":\"https:\\\/\\\/www.steritech.eu.com\\\/de\\\/sitemap\\\/\",\"name\":\"Sitemap - Steritech\",\"isPartOf\":{\"@id\":\"https:\\\/\\\/www.steritech.eu.com\\\/de\\\/#website\"},\"datePublished\":\"2024-09-11T14:37:20+00:00\",\"dateModified\":\"2025-07-16T06:31:46+00:00\",\"breadcrumb\":{\"@id\":\"https:\\\/\\\/www.steritech.eu.com\\\/de\\\/sitemap\\\/#breadcrumb\"},\"inLanguage\":\"de\",\"potentialAction\":[{\"@type\":\"ReadAction\",\"target\":[\"https:\\\/\\\/www.steritech.eu.com\\\/de\\\/sitemap\\\/\"]}]},{\"@type\":\"BreadcrumbList\",\"@id\":\"https:\\\/\\\/www.steritech.eu.com\\\/de\\\/sitemap\\\/#breadcrumb\",\"itemListElement\":[{\"@type\":\"ListItem\",\"position\":1,\"name\":\"Startseite\",\"item\":\"https:\\\/\\\/www.steritech.eu.com\\\/de\\\/\"},{\"@type\":\"ListItem\",\"position\":2,\"name\":\"Sitemap\"}]},{\"@type\":\"WebSite\",\"@id\":\"https:\\\/\\\/www.steritech.eu.com\\\/de\\\/#website\",\"url\":\"https:\\\/\\\/www.steritech.eu.com\\\/de\\\/\",\"name\":\"Steritech\",\"description\":\"Smart preservation\",\"publisher\":{\"@id\":\"https:\\\/\\\/www.steritech.eu.com\\\/de\\\/#organization\"},\"alternateName\":\"STERITECH\",\"potentialAction\":[{\"@type\":\"SearchAction\",\"target\":{\"@type\":\"EntryPoint\",\"urlTemplate\":\"https:\\\/\\\/www.steritech.eu.com\\\/de\\\/?s={search_term_string}\"},\"query-input\":{\"@type\":\"PropertyValueSpecification\",\"valueRequired\":true,\"valueName\":\"search_term_string\"}}],\"inLanguage\":\"de\"},{\"@type\":\"Organization\",\"@id\":\"https:\\\/\\\/www.steritech.eu.com\\\/de\\\/#organization\",\"name\":\"Steritech\",\"url\":\"https:\\\/\\\/www.steritech.eu.com\\\/de\\\/\",\"logo\":{\"@type\":\"ImageObject\",\"inLanguage\":\"de\",\"@id\":\"https:\\\/\\\/www.steritech.eu.com\\\/de\\\/#\\\/schema\\\/logo\\\/image\\\/\",\"url\":\"https:\\\/\\\/www.steritech.eu.com\\\/wp-content\\\/uploads\\\/2024\\\/06\\\/Logo-Steritech-texte.svg\",\"contentUrl\":\"https:\\\/\\\/www.steritech.eu.com\\\/wp-content\\\/uploads\\\/2024\\\/06\\\/Logo-Steritech-texte.svg\",\"caption\":\"Steritech\"},\"image\":{\"@id\":\"https:\\\/\\\/www.steritech.eu.com\\\/de\\\/#\\\/schema\\\/logo\\\/image\\\/\"},\"sameAs\":[\"https:\\\/\\\/www.linkedin.com\\\/company\\\/steritechsas\"]}]}<\/script>\n<!-- \/ Yoast SEO plugin. -->","yoast_head_json":{"title":"Sitemap - Steritech","robots":{"index":"index","follow":"follow","max-snippet":"max-snippet:-1","max-image-preview":"max-image-preview:large","max-video-preview":"max-video-preview:-1"},"canonical":"https:\/\/www.steritech.eu.com\/de\/sitemap\/","og_locale":"de_DE","og_type":"article","og_title":"Sitemap - Steritech","og_url":"https:\/\/www.steritech.eu.com\/de\/sitemap\/","og_site_name":"Steritech","article_modified_time":"2025-07-16T06:31:46+00:00","twitter_card":"summary_large_image","schema":{"@context":"https:\/\/schema.org","@graph":[{"@type":"WebPage","@id":"https:\/\/www.steritech.eu.com\/de\/sitemap\/","url":"https:\/\/www.steritech.eu.com\/de\/sitemap\/","name":"Sitemap - Steritech","isPartOf":{"@id":"https:\/\/www.steritech.eu.com\/de\/#website"},"datePublished":"2024-09-11T14:37:20+00:00","dateModified":"2025-07-16T06:31:46+00:00","breadcrumb":{"@id":"https:\/\/www.steritech.eu.com\/de\/sitemap\/#breadcrumb"},"inLanguage":"de","potentialAction":[{"@type":"ReadAction","target":["https:\/\/www.steritech.eu.com\/de\/sitemap\/"]}]},{"@type":"BreadcrumbList","@id":"https:\/\/www.steritech.eu.com\/de\/sitemap\/#breadcrumb","itemListElement":[{"@type":"ListItem","position":1,"name":"Startseite","item":"https:\/\/www.steritech.eu.com\/de\/"},{"@type":"ListItem","position":2,"name":"Sitemap"}]},{"@type":"WebSite","@id":"https:\/\/www.steritech.eu.com\/de\/#website","url":"https:\/\/www.steritech.eu.com\/de\/","name":"Steritech","description":"Smart preservation","publisher":{"@id":"https:\/\/www.steritech.eu.com\/de\/#organization"},"alternateName":"STERITECH","potentialAction":[{"@type":"SearchAction","target":{"@type":"EntryPoint","urlTemplate":"https:\/\/www.steritech.eu.com\/de\/?s={search_term_string}"},"query-input":{"@type":"PropertyValueSpecification","valueRequired":true,"valueName":"search_term_string"}}],"inLanguage":"de"},{"@type":"Organization","@id":"https:\/\/www.steritech.eu.com\/de\/#organization","name":"Steritech","url":"https:\/\/www.steritech.eu.com\/de\/","logo":{"@type":"ImageObject","inLanguage":"de","@id":"https:\/\/www.steritech.eu.com\/de\/#\/schema\/logo\/image\/","url":"https:\/\/www.steritech.eu.com\/wp-content\/uploads\/2024\/06\/Logo-Steritech-texte.svg","contentUrl":"https:\/\/www.steritech.eu.com\/wp-content\/uploads\/2024\/06\/Logo-Steritech-texte.svg","caption":"Steritech"},"image":{"@id":"https:\/\/www.steritech.eu.com\/de\/#\/schema\/logo\/image\/"},"sameAs":["https:\/\/www.linkedin.com\/company\/steritechsas"]}]}},"_links":{"self":[{"href":"https:\/\/www.steritech.eu.com\/de\/wp-json\/wp\/v2\/pages\/7845","targetHints":{"allow":["GET"]}}],"collection":[{"href":"https:\/\/www.steritech.eu.com\/de\/wp-json\/wp\/v2\/pages"}],"about":[{"href":"https:\/\/www.steritech.eu.com\/de\/wp-json\/wp\/v2\/types\/page"}],"author":[{"embeddable":true,"href":"https:\/\/www.steritech.eu.com\/de\/wp-json\/wp\/v2\/users\/1"}],"replies":[{"embeddable":true,"href":"https:\/\/www.steritech.eu.com\/de\/wp-json\/wp\/v2\/comments?post=7845"}],"version-history":[{"count":0,"href":"https:\/\/www.steritech.eu.com\/de\/wp-json\/wp\/v2\/pages\/7845\/revisions"}],"wp:attachment":[{"href":"https:\/\/www.steritech.eu.com\/de\/wp-json\/wp\/v2\/media?parent=7845"}],"wp:term":[{"taxonomy":"folder","embeddable":true,"href":"https:\/\/www.steritech.eu.com\/de\/wp-json\/wp\/v2\/folder?post=7845"}],"curies":[{"name":"wp","href":"https:\/\/api.w.org\/{rel}","templated":true}]}}