{"id":7896,"date":"2024-07-30T16:40:12","date_gmt":"2024-07-30T14:40:12","guid":{"rendered":"https:\/\/www.steritech.eu.com\/finden-sie-spandie-beste-span-loesung-fuer-spanihre-beduerfnisse-span\/"},"modified":"2025-07-31T14:04:59","modified_gmt":"2025-07-31T12:04:59","slug":"finden-sie-die-passende-loesung","status":"publish","type":"page","link":"https:\/\/www.steritech.eu.com\/de\/finden-sie-die-passende-loesung\/","title":{"rendered":"Finden Sie &lt;span&gt;die beste&lt;\/span&gt; L\u00f6sung f\u00fcr &lt;span&gt;Ihre Bed\u00fcrfnisse&lt;\/span&gt;"},"content":{"rendered":"","protected":false},"excerpt":{"rendered":"","protected":false},"author":1,"featured_media":0,"parent":0,"menu_order":-1,"comment_status":"closed","ping_status":"closed","template":"template-comparateur.php","meta":{"_acf_changed":false,"footnotes":""},"folder":[121],"class_list":["post-7896","page","type-page","status-publish","hentry"],"acf":[],"yoast_head":"<!-- This site is optimized with the Yoast SEO plugin v27.3 - https:\/\/yoast.com\/product\/yoast-seo-wordpress\/ -->\n<title>Finden Sie die beste  L\u00f6sung f\u00fcr Ihre Bed\u00fcrfnisse  - Steritech<\/title>\n<meta name=\"robots\" content=\"index, follow, max-snippet:-1, max-image-preview:large, max-video-preview:-1\" \/>\n<link rel=\"canonical\" href=\"https:\/\/www.steritech.eu.com\/de\/finden-sie-die-passende-loesung\/\" \/>\n<meta property=\"og:locale\" content=\"de_DE\" \/>\n<meta property=\"og:type\" content=\"article\" \/>\n<meta property=\"og:title\" content=\"Finden Sie &lt;span&gt;die beste&lt;\/span&gt; L\u00f6sung f\u00fcr &lt;span&gt;Ihre Bed\u00fcrfnisse&lt;\/span&gt; - Steritech\" \/>\n<meta property=\"og:url\" content=\"https:\/\/www.steritech.eu.com\/de\/finden-sie-die-passende-loesung\/\" \/>\n<meta property=\"og:site_name\" content=\"Steritech\" \/>\n<meta property=\"article:modified_time\" content=\"2025-07-31T12:04:59+00:00\" \/>\n<meta name=\"twitter:card\" content=\"summary_large_image\" \/>\n<script type=\"application\/ld+json\" class=\"yoast-schema-graph\">{\"@context\":\"https:\\\/\\\/schema.org\",\"@graph\":[{\"@type\":\"WebPage\",\"@id\":\"https:\\\/\\\/www.steritech.eu.com\\\/de\\\/finden-sie-die-passende-loesung\\\/\",\"url\":\"https:\\\/\\\/www.steritech.eu.com\\\/de\\\/finden-sie-die-passende-loesung\\\/\",\"name\":\"Finden Sie &lt;span&gt;die beste&lt;\\\/span&gt; L\u00f6sung f\u00fcr &lt;span&gt;Ihre Bed\u00fcrfnisse&lt;\\\/span&gt; - Steritech\",\"isPartOf\":{\"@id\":\"https:\\\/\\\/www.steritech.eu.com\\\/de\\\/#website\"},\"datePublished\":\"2024-07-30T14:40:12+00:00\",\"dateModified\":\"2025-07-31T12:04:59+00:00\",\"breadcrumb\":{\"@id\":\"https:\\\/\\\/www.steritech.eu.com\\\/de\\\/finden-sie-die-passende-loesung\\\/#breadcrumb\"},\"inLanguage\":\"de\",\"potentialAction\":[{\"@type\":\"ReadAction\",\"target\":[\"https:\\\/\\\/www.steritech.eu.com\\\/de\\\/finden-sie-die-passende-loesung\\\/\"]}]},{\"@type\":\"BreadcrumbList\",\"@id\":\"https:\\\/\\\/www.steritech.eu.com\\\/de\\\/finden-sie-die-passende-loesung\\\/#breadcrumb\",\"itemListElement\":[{\"@type\":\"ListItem\",\"position\":1,\"name\":\"Startseite\",\"item\":\"https:\\\/\\\/www.steritech.eu.com\\\/de\\\/\"},{\"@type\":\"ListItem\",\"position\":2,\"name\":\"Finden Sie die beste L\u00f6sung f\u00fcr Ihre Bed\u00fcrfnisse\"}]},{\"@type\":\"WebSite\",\"@id\":\"https:\\\/\\\/www.steritech.eu.com\\\/de\\\/#website\",\"url\":\"https:\\\/\\\/www.steritech.eu.com\\\/de\\\/\",\"name\":\"Steritech\",\"description\":\"Smart preservation\",\"publisher\":{\"@id\":\"https:\\\/\\\/www.steritech.eu.com\\\/de\\\/#organization\"},\"alternateName\":\"STERITECH\",\"potentialAction\":[{\"@type\":\"SearchAction\",\"target\":{\"@type\":\"EntryPoint\",\"urlTemplate\":\"https:\\\/\\\/www.steritech.eu.com\\\/de\\\/?s={search_term_string}\"},\"query-input\":{\"@type\":\"PropertyValueSpecification\",\"valueRequired\":true,\"valueName\":\"search_term_string\"}}],\"inLanguage\":\"de\"},{\"@type\":\"Organization\",\"@id\":\"https:\\\/\\\/www.steritech.eu.com\\\/de\\\/#organization\",\"name\":\"Steritech\",\"url\":\"https:\\\/\\\/www.steritech.eu.com\\\/de\\\/\",\"logo\":{\"@type\":\"ImageObject\",\"inLanguage\":\"de\",\"@id\":\"https:\\\/\\\/www.steritech.eu.com\\\/de\\\/#\\\/schema\\\/logo\\\/image\\\/\",\"url\":\"https:\\\/\\\/www.steritech.eu.com\\\/wp-content\\\/uploads\\\/2024\\\/06\\\/Logo-Steritech-texte.svg\",\"contentUrl\":\"https:\\\/\\\/www.steritech.eu.com\\\/wp-content\\\/uploads\\\/2024\\\/06\\\/Logo-Steritech-texte.svg\",\"caption\":\"Steritech\"},\"image\":{\"@id\":\"https:\\\/\\\/www.steritech.eu.com\\\/de\\\/#\\\/schema\\\/logo\\\/image\\\/\"},\"sameAs\":[\"https:\\\/\\\/www.linkedin.com\\\/company\\\/steritechsas\"]}]}<\/script>\n<!-- \/ Yoast SEO plugin. -->","yoast_head_json":{"title":"Finden Sie die beste  L\u00f6sung f\u00fcr Ihre Bed\u00fcrfnisse  - Steritech","robots":{"index":"index","follow":"follow","max-snippet":"max-snippet:-1","max-image-preview":"max-image-preview:large","max-video-preview":"max-video-preview:-1"},"canonical":"https:\/\/www.steritech.eu.com\/de\/finden-sie-die-passende-loesung\/","og_locale":"de_DE","og_type":"article","og_title":"Finden Sie &lt;span&gt;die beste&lt;\/span&gt; L\u00f6sung f\u00fcr &lt;span&gt;Ihre Bed\u00fcrfnisse&lt;\/span&gt; - Steritech","og_url":"https:\/\/www.steritech.eu.com\/de\/finden-sie-die-passende-loesung\/","og_site_name":"Steritech","article_modified_time":"2025-07-31T12:04:59+00:00","twitter_card":"summary_large_image","schema":{"@context":"https:\/\/schema.org","@graph":[{"@type":"WebPage","@id":"https:\/\/www.steritech.eu.com\/de\/finden-sie-die-passende-loesung\/","url":"https:\/\/www.steritech.eu.com\/de\/finden-sie-die-passende-loesung\/","name":"Finden Sie &lt;span&gt;die beste&lt;\/span&gt; L\u00f6sung f\u00fcr &lt;span&gt;Ihre Bed\u00fcrfnisse&lt;\/span&gt; - Steritech","isPartOf":{"@id":"https:\/\/www.steritech.eu.com\/de\/#website"},"datePublished":"2024-07-30T14:40:12+00:00","dateModified":"2025-07-31T12:04:59+00:00","breadcrumb":{"@id":"https:\/\/www.steritech.eu.com\/de\/finden-sie-die-passende-loesung\/#breadcrumb"},"inLanguage":"de","potentialAction":[{"@type":"ReadAction","target":["https:\/\/www.steritech.eu.com\/de\/finden-sie-die-passende-loesung\/"]}]},{"@type":"BreadcrumbList","@id":"https:\/\/www.steritech.eu.com\/de\/finden-sie-die-passende-loesung\/#breadcrumb","itemListElement":[{"@type":"ListItem","position":1,"name":"Startseite","item":"https:\/\/www.steritech.eu.com\/de\/"},{"@type":"ListItem","position":2,"name":"Finden Sie die beste L\u00f6sung f\u00fcr Ihre Bed\u00fcrfnisse"}]},{"@type":"WebSite","@id":"https:\/\/www.steritech.eu.com\/de\/#website","url":"https:\/\/www.steritech.eu.com\/de\/","name":"Steritech","description":"Smart preservation","publisher":{"@id":"https:\/\/www.steritech.eu.com\/de\/#organization"},"alternateName":"STERITECH","potentialAction":[{"@type":"SearchAction","target":{"@type":"EntryPoint","urlTemplate":"https:\/\/www.steritech.eu.com\/de\/?s={search_term_string}"},"query-input":{"@type":"PropertyValueSpecification","valueRequired":true,"valueName":"search_term_string"}}],"inLanguage":"de"},{"@type":"Organization","@id":"https:\/\/www.steritech.eu.com\/de\/#organization","name":"Steritech","url":"https:\/\/www.steritech.eu.com\/de\/","logo":{"@type":"ImageObject","inLanguage":"de","@id":"https:\/\/www.steritech.eu.com\/de\/#\/schema\/logo\/image\/","url":"https:\/\/www.steritech.eu.com\/wp-content\/uploads\/2024\/06\/Logo-Steritech-texte.svg","contentUrl":"https:\/\/www.steritech.eu.com\/wp-content\/uploads\/2024\/06\/Logo-Steritech-texte.svg","caption":"Steritech"},"image":{"@id":"https:\/\/www.steritech.eu.com\/de\/#\/schema\/logo\/image\/"},"sameAs":["https:\/\/www.linkedin.com\/company\/steritechsas"]}]}},"_links":{"self":[{"href":"https:\/\/www.steritech.eu.com\/de\/wp-json\/wp\/v2\/pages\/7896","targetHints":{"allow":["GET"]}}],"collection":[{"href":"https:\/\/www.steritech.eu.com\/de\/wp-json\/wp\/v2\/pages"}],"about":[{"href":"https:\/\/www.steritech.eu.com\/de\/wp-json\/wp\/v2\/types\/page"}],"author":[{"embeddable":true,"href":"https:\/\/www.steritech.eu.com\/de\/wp-json\/wp\/v2\/users\/1"}],"replies":[{"embeddable":true,"href":"https:\/\/www.steritech.eu.com\/de\/wp-json\/wp\/v2\/comments?post=7896"}],"version-history":[{"count":0,"href":"https:\/\/www.steritech.eu.com\/de\/wp-json\/wp\/v2\/pages\/7896\/revisions"}],"wp:attachment":[{"href":"https:\/\/www.steritech.eu.com\/de\/wp-json\/wp\/v2\/media?parent=7896"}],"wp:term":[{"taxonomy":"folder","embeddable":true,"href":"https:\/\/www.steritech.eu.com\/de\/wp-json\/wp\/v2\/folder?post=7896"}],"curies":[{"name":"wp","href":"https:\/\/api.w.org\/{rel}","templated":true}]}}