{"id":8100,"date":"2024-08-08T12:12:58","date_gmt":"2024-08-08T10:12:58","guid":{"rendered":"https:\/\/www.steritech.eu.com\/rechtliche-hinweise-und-datenschutz\/"},"modified":"2025-10-28T10:42:44","modified_gmt":"2025-10-28T09:42:44","slug":"rechtliche-hinweise-und-datenschutz","status":"publish","type":"page","link":"https:\/\/www.steritech.eu.com\/de\/rechtliche-hinweise-und-datenschutz\/","title":{"rendered":"Rechtliche Hinweise und Datenschutz"},"content":{"rendered":"\n<p><\/p>\n\n<div class=\"wp-block-group is-layout-constrained wp-block-group-is-layout-constrained\">\n<div class=\"wp-block-group is-layout-constrained wp-block-group-is-layout-constrained\">\n<p>In \u00dcbereinstimmung mit den Verpflichtungen aus Artikel 6-III und 19 des Gesetzes Nr. 2004-575 vom 21. Juni 2004 \u00fcber das Vertrauen in die digitale Wirtschaft (L.C.E.N.) werden die auf der Website <a href=\"https:\/\/www.steritech.eu.com\/de\/\">https:\/\/www.steritech.eu.com\/<\/a> gesammelten pers\u00f6nlichen Daten nicht automatisch verarbeitet. Es handelt sich hierbei um die Erfassung von Daten \u00fcber ein Kontaktformular. <br\/><br\/>Wir informieren die Besucher der Website<a href=\"https:\/\/www.steritech.eu.com\/de\/\"> <\/a><a href=\"https:\/\/www.steritech.eu.com\/de\/\">https:\/\/www.steritech.eu.com\/<\/a> die folgenden Informationen:<\/p>\n<\/div>\n<\/div>\n\n<h2 class=\"wp-block-heading is-style-h2-souligne has-steritech-bleu-fonce-color has-text-color has-link-color wp-elements-ac9fc7757d95c2310bdf56bbe30b61f0\">1. Rechtliche Daten<\/h2>\n\n<div class=\"wp-block-group is-layout-constrained wp-block-group-is-layout-constrained\">\n<p>Die Website <a href=\"https:\/\/www.steritech.eu.com\/de\/\" target=\"_blank\" rel=\"noreferrer noopener\"><\/a><a href=\"https:\/\/www.steritech.eu.com\/de\/\">https:\/\/www.steritech.eu.com\/<\/a> ist das absolute Eigentum von <strong>SAS<\/strong> <strong>STERITECH<\/strong>.<br\/><br\/><strong>SAS<\/strong> <strong>STERITECH<\/strong> \u2013 Tel.: <strong>03.88.71.04.33<\/strong><br\/><br\/><strong>1, Rue du FURCHHAUSEN<\/strong> <strong>67700 SAVERNE<\/strong><br\/><br\/>Eingetragen im Handels- und Gesellschaftsregister (RCS) unter der Nummer 34325167400036<br\/>Umsatzsteuer-Identifikationsnummer: <strong>FR27343251674<\/strong><br\/>E-Mail-Adresse: <a href=\"mailto:info@steritech.eu.com?subject=Contact%20a%20partir%20des%20mentions%20l%C3%A9gales%20via%20le%20site%20www.steritech.eu.com\">info@steritech.eu.com<\/a><\/p>\n<\/div>\n\n<h2 class=\"wp-block-heading is-style-h2-souligne has-steritech-bleu-fonce-color has-text-color has-link-color wp-elements-9ac059d0ee99abadce7964c4f33e87ae\">2. <strong>Erkl\u00e4rung <\/strong>zum Schutz <strong>personenbezogener Daten \/ DSGVO<\/strong><\/h2>\n\n<h3 class=\"wp-block-heading\"><strong>Grundsatz<\/strong><\/h3>\n\n<p>STERITECH<strong> legt gro\u00dfen Wert auf die Sicherheit und den Schutz Ihrer personenbezogenen Daten<\/strong>. Wir erheben und verarbeiten Ihre personenbezogenen Daten gem\u00e4\u00df der Datenschutz-Grundverordnung (DSGVO), die seit dem 25. Mai 2018 in Kraft ist, sowie allen geltenden Datenschutzgesetzen.<\/p>\n\n<h3 class=\"wp-block-heading\"><strong>Datenerhebung und -speicherung<\/strong><\/h3>\n\n<p>Personenbezogene Daten werden nur gespeichert, wenn Sie uns diese zur Verf\u00fcgung gestellt haben, beispielsweise wenn Sie unseren Stand auf einer Messe besuchen, bei Veranstaltungen, beim Besuch eines unserer Vertriebsmitarbeiter, beim Ausf\u00fcllen eines Formulars, bei der Teilnahme an einer Umfrage oder wenn Sie mit uns zusammenarbeiten oder einen Vertrag mit uns abschlie\u00dfen.<br\/><br\/>Ihre personenbezogenen Daten werden nur so lange gespeichert, wie es zur Erf\u00fcllung der Zwecke, f\u00fcr die sie erhoben wurden, oder zur Erf\u00fcllung gesetzlicher Anforderungen erforderlich ist. Dieser Zeitraum kann je nach Art der Informationen und gesetzlichen Verpflichtungen variieren. <\/p>\n\n<h3 class=\"wp-block-heading\"><strong>Zweck und Rechtsgrundlage der Verarbeitung<\/strong><\/h3>\n\n<p>Die von uns erhobenen personenbezogenen Daten werden gem\u00e4\u00df den in der DSGVO festgelegten Rechtsgrundlagen f\u00fcr die Unternehmensf\u00fchrung, die Vertragserf\u00fcllung und die Verbesserung unserer Dienstleistungen verwendet:<\/p>\n\n<ul class=\"wp-block-list\">\n<li>Vertragserf\u00fcllung (f\u00fcr die Auftragsabwicklung, Dienstleistungen usw.).<\/li>\n\n\n\n<li>Einwilligung (z. B. zum Versand von Marketingmitteilungen).<\/li>\n\n\n\n<li>Berechtigtes Interesse (zur Verbesserung unserer Dienstleistungen und Produkte). Diese Daten werden f\u00fcr den Zeitraum aufbewahrt, der zur Erf\u00fcllung der Zwecke, f\u00fcr die sie erhoben wurden, erforderlich ist, und in \u00dcbereinstimmung mit den gesetzlichen Bestimmungen. <\/li>\n<\/ul>\n\n<h3 class=\"wp-block-heading\"><strong>Datenempf\u00e4nger<\/strong><\/h3>\n\n<p>STERITECH verpflichtet sich, Ihre personenbezogenen Daten weder zu verkaufen noch zu vermieten. Daten d\u00fcrfen nur im Rahmen der Erbringung von Dienstleistungen oder f\u00fcr bestimmte Kommunikationsaktivit\u00e4ten an unsere autorisierten Subunternehmer und Partner weitergegeben werden. Wir stellen sicher, dass diese Dritten die gleichen Datenschutzstandards einhalten.  <\/p>\n\n<h3 class=\"wp-block-heading\"><strong>Datenschutz<\/strong><\/h3>\n\n<p>STERITECH ergreift geeignete technische und organisatorische Ma\u00dfnahmen, um Ihre personenbezogenen Daten vor vors\u00e4tzlicher Manipulation, Verlust, Zerst\u00f6rung oder unbefugtem Zugriff zu sch\u00fctzen. Unsere Sicherheitsma\u00dfnahmen werden regelm\u00e4\u00dfig aktualisiert, um mit den technologischen Entwicklungen Schritt zu halten. <\/p>\n\n<h3 class=\"wp-block-heading\"><strong>Auskunft und\/oder L\u00f6schung Ihrer Daten<\/strong><\/h3>\n\n<p>In \u00dcbereinstimmung mit den Empfehlungen der CNIL vom April 2018 zur DSGVO im Dokument \u201eVerbessern und kontrollieren Sie Ihre Kundenbeziehungen\u201d hat STERITECH in seinen B2B-Beziehungen einen Abmeldelink in seine E-Mail-Kommunikation integriert. So haben die Empf\u00e4nger die M\u00f6glichkeit, mit einem einfachen Klick keine Informationen mehr in dieser Form zu erhalten. <\/p>\n\n<p>Sie k\u00f6nnen sich jederzeit an uns wenden, um Ihre Rechte auf Zugang, Berichtigung, L\u00f6schung, Widerspruch, \u00dcbertragbarkeit und Einschr\u00e4nkung der Verarbeitung auszu\u00fcben. Wenden Sie sich dazu einfach an <a href=\"mailto:info@steritech.eu.com\">info@steritech.eu.com.<\/a> <\/p>\n\n<h2 class=\"wp-block-heading is-style-h2-souligne has-steritech-bleu-fonce-color has-text-color has-link-color wp-elements-917cd5e59ac220df984258bc311596ea\">3. Warnung<\/h2>\n\n<p>Alle Informationen auf dieser Website dienen ausschlie\u00dflich zu Informationszwecken und der Herausgeber kann nicht haftbar gemacht werden.<br\/>Diese Informationen, die keinen Anspruch auf Vollst\u00e4ndigkeit erheben, stellen keine Beratung jeglicher Art dar.<\/p>\n\n<p>Diese Informationen k\u00f6nnen jederzeit und ohne Vorank\u00fcndigung ge\u00e4ndert werden. Wir empfehlen Ihnen daher, regelm\u00e4\u00dfig unsere rechtlichen Hinweise zu konsultieren.<\/p>\n\n<h2 class=\"wp-block-heading is-style-h2-souligne has-steritech-bleu-fonce-color has-text-color has-link-color wp-elements-4a8a1053879cc7eb148f042cf7e3c4ae\">4. Hypertext-Links<\/h2>\n\n<p>Die Website <a href=\"https:\/\/www.steritech.eu.com\/de\/\" target=\"_blank\" rel=\"noreferrer noopener\"><\/a><a href=\"https:\/\/www.steritech.eu.com\/de\/\">https:\/\/www.steritech.eu.com\/<\/a> enth\u00e4lt verschiedene URL-Links zu anderen Websites (Partnerschaften, Informationen usw.). Steritech SAS hat jedoch nicht die M\u00f6glichkeit, alle Elemente der so besuchten Websites zu sichern und lehnt daher die volle Verantwortung f\u00fcr m\u00f6gliche illegale Inhalte ab. <\/p>\n\n<h2 class=\"wp-block-heading is-style-h2-souligne has-steritech-bleu-fonce-color has-text-color has-link-color wp-elements-17ae6b36b7e7a1d000a8f3a0c1bf4640\">5. Fehler melden<\/h2>\n\n<p>Steritech ist bestrebt, korrekte Informationen zu verbreiten, diese auf dem neuesten Stand zu halten und die Qualit\u00e4t seiner Inhalte sicherzustellen. Wenn Inhalte nicht mehr angemessen sind oder einem Unternehmen schaden, melden Sie uns das Problem bitte \u00fcber die Kontaktseite. Der Inhalt wird innerhalb von 48 Stunden (Werktagen) ge\u00e4ndert\/korrigiert.  <\/p>\n\n<h2 class=\"wp-block-heading is-style-h2-souligne has-steritech-bleu-fonce-color has-text-color has-link-color wp-elements-3eed7d6debbe19d9d2f17705ef9fe9e6\">6. Cookies<\/h2>\n\n<p>Der Nutzer wird darauf hingewiesen, dass w\u00e4hrend seiner Navigation auf der Website <a href=\"https:\/\/www.steritech.eu.com\/de\/\">https:\/\/www.steritech.eu.com\/<\/a> ein Cookie automatisch \u00fcber seine Navigationssoftware auf seinem Computer installiert werden kann.<\/p>\n\n<p>Ein Cookie ist ein Element, das den Nutzer nicht identifiziert, sondern dazu dient, Informationen \u00fcber das Surfverhalten des Nutzers auf der Website zu speichern. Es erm\u00f6glicht die Speicherung nutzerspezifischer Informationen, um die Navigation zu erleichtern, die Leistung der Website zu verbessern oder personalisierte Dienste anzubieten. <\/p>\n\n<p>Unsere Cookie-Richtlinien k\u00f6nnen Sie unter folgendem Link einsehen: https: <a href=\"https:\/\/www.steritech.eu.com\/de\/cookie-verwaltung\/\">\/\/www.steritech.eu.com\/gestion-des-cookies\/ <\/a> <\/p>\n\n<h3 class=\"wp-block-heading\"><strong>Einwilligung<\/strong><\/h3>\n\n<p>Gem\u00e4\u00df den geltenden Rechtsvorschriften erfordert die Verwendung bestimmter Cookies Ihre Einwilligung. Wenn Sie unsere Website zum ersten Mal besuchen, werden Sie \u00fcber ein Informationsbanner \u00fcber das Vorhandensein dieser Cookies informiert und aufgefordert, diese zu akzeptieren oder zu konfigurieren. <\/p>\n\n<p>Sie k\u00f6nnen Ihre Einwilligung jederzeit widerrufen oder \u00e4ndern, indem Sie auf das Feld \u201eEinwilligung verwalten\u201d in der unteren rechten Ecke klicken.<\/p>\n\n<h3 class=\"wp-block-heading\"><strong>Cookie-Verwaltung<\/strong><\/h3>\n\n<p>Sie k\u00f6nnen Ihren Browser so konfigurieren, dass bereits auf Ihrem Ger\u00e4t installierte Cookies blockiert oder gel\u00f6scht werden. Bitte beachten Sie jedoch, dass das Blockieren bestimmter Cookies Ihre Benutzererfahrung auf unserer Website beeintr\u00e4chtigen kann. <\/p>\n\n<p>Weitere Informationen zur Verwaltung von Cookies und zu deren Konfiguration finden Sie in der Dokumentation Ihres Browsers.<\/p>\n\n<h2 class=\"wp-block-heading is-style-h2-souligne has-steritech-bleu-fonce-color has-text-color has-link-color wp-elements-c5e8f9577c9a2629937fe09354d9b297\">7. Erstellung der Website<\/h2>\n\n<p>Design der Website (grafische Schnittstelle und Entwicklung):<\/p>\n\n<p>La couleur du Z\u00e8bre, eine Agentur f\u00fcr digitale Kommunikation im Elsass.<br\/>3 Passage de la Cath\u00e9drale, 67000 Strasbourg<\/p>\n\n<p> <br\/>Contact : <a href=\"mailto:contact@lacouleurduzebre.com\">contact@lacouleurduzebre.com<\/a><\/p>\n\n<p><a href=\"http:\/\/www.lacouleurduzebre.com\">www.lacouleurduzebre.com<\/a><\/p>\n\n<p>Publication manager <br\/> STERITECH <a href=\"mailto:info@steritech.eu.com\">info@steritech.eu.com<\/a><\/p>\n\n<h2 class=\"wp-block-heading is-style-h2-souligne has-steritech-bleu-fonce-color has-text-color has-link-color wp-elements-3f50d52fd5f00cf8e87fd6abaff04357\">8. Unterkunft<\/h2>\n\n<p>Die Website wird gehostet von: SAS PulseHeberg<br\/>Vereinfachte Aktiengesellschaft<br\/>Handels- und Gesellschaftsregister Toulon 824 070 619<br\/>Hauptt\u00e4tigkeitscode (APE) 63.11Z<br\/>Umsatzsteuer-Identifikationsnummer: FR29824070619<br\/><br\/>Hauptsitz des Gastgebers: 9, Boulevard de Strasbourg, 83000 Toulon<\/p>\n\n<h2 class=\"wp-block-heading is-style-h2-souligne has-steritech-bleu-fonce-color has-text-color has-link-color wp-elements-c163731bc1256c8812a6d3c658ed587e\">9. Photo credits <\/h2>\n\n<p><a href=\"http:\/\/www.elodiewinter.com\/\">Elodie Winter<\/a><br\/>STRASBOURG<br\/><a href=\"mailto:work@bywinter.com\">work@bywinter.com<\/a><\/p>\n\n<p><a href=\"https:\/\/www.pappers.fr\/entreprise\/sciannimanico-olivier-489456400\">Olivier SCIANNIMANICO <\/a><br\/>VENDENHEIM <br\/><a href=\"mailto:olivier@studio-s2o.fr\">olivier@studio-s2o.fr<\/a> <br\/><\/p>\n\n<p><a href=\"https:\/\/www.dorianrollin.com\/\">Dorian ROLLIN<\/a><br\/>RIBEAUVILLE<br\/><a href=\"mailto:dorian.rollin@free.fr\">dorian.rollin@free.fr<\/a><\/p>\n\n<p>Tribu Comm\u2019 von Steritech<br\/>SAVERNE<br\/><a href=\"mailto:info@steritech.eu.com\">info@steritech.eu.com<\/a><\/p>\n\n<h2 class=\"wp-block-heading is-style-h2-souligne has-steritech-bleu-fonce-color has-text-color has-link-color wp-elements-00fd235241f2103bb686f866875ff1cc\">10. Geistige Eigentumsrechte<\/h2>\n\n<p>Steritech SAS ist alleiniger Inhaber aller geistigen Eigentumsrechte bzw. verf\u00fcgt \u00fcber die Rechte und Genehmigungen zur Nutzung aller auf der folgenden Website zug\u00e4nglichen Elemente, sowohl strukturell als auch in Bezug auf Artikel und Texte, Grafiken, Logos, Videos, Tonspuren usw.<br\/><br\/>Die vollst\u00e4ndige oder teilweise Vervielf\u00e4ltigung oder Darstellung der Seiten, der Daten und aller anderen Elemente, aus denen sich die Website zusammensetzt, durch ein beliebiges Verfahren oder einen beliebigen Datentr\u00e4ger ist verboten und stellt einen Versto\u00df dar, der gem\u00e4\u00df Artikel L335-2 ff. des franz\u00f6sischen Gesetzes \u00fcber geistiges Eigentum (Code de la Propri\u00e9t\u00e9 Intellectuelle) geahndet wird, sofern keine ausdr\u00fcckliche vorherige Genehmigung durch den Herausgeber vorliegt.<br\/><br\/>Jede Nutzung des Inhalts und der Website zu illegalen Zwecken wird strafrechtlich verfolgt.<\/p>\n\n<p><a id=\"_msocom_1\"><\/a><\/p>\n\n<div class=\"wp-block-group alignwide is-style-bords-arrondis is-layout-constrained wp-block-group-is-layout-constrained\" style=\"margin-top:var(--wp--preset--spacing--60);margin-bottom:var(--wp--preset--spacing--60);padding-top:var(--wp--preset--spacing--30);padding-bottom:var(--wp--preset--spacing--30)\">\n<div class=\"wp-block-buttons is-horizontal is-content-justification-center is-layout-flex wp-container-core-buttons-is-layout-e1a8c94f wp-block-buttons-is-layout-flex\" style=\"padding-top:0;padding-bottom:0\">\n<div class=\"wp-block-button has-custom-width wp-block-button__width-50 is-style-btn-primary\"><a class=\"wp-block-button__link wp-element-button\" href=\"https:\/\/www.steritech.eu.com\/de\/kontaktieren-sie-uns\/\">Kontaktieren Sie uns!<\/a><\/div>\n<\/div>\n<\/div>\n","protected":false},"excerpt":{"rendered":"<p>In \u00dcbereinstimmung mit den Verpflichtungen aus Artikel 6-III und 19 des Gesetzes Nr. 2004-575 vom 21. Juni 2004 \u00fcber das Vertrauen in die digitale Wirtschaft (L.C.E.N.) werden die auf der Website https:\/\/www.steritech.eu.com\/ gesammelten pers\u00f6nlichen Daten nicht automatisch verarbeitet. Es handelt sich hierbei um die Erfassung von Daten \u00fcber ein Kontaktformular. Wir informieren die Besucher der [&hellip;]<\/p>\n","protected":false},"author":5,"featured_media":0,"parent":0,"menu_order":0,"comment_status":"closed","ping_status":"closed","template":"","meta":{"_acf_changed":false,"footnotes":""},"folder":[121],"class_list":["post-8100","page","type-page","status-publish","hentry"],"acf":[],"yoast_head":"<!-- This site is optimized with the Yoast SEO plugin v27.3 - https:\/\/yoast.com\/product\/yoast-seo-wordpress\/ -->\n<title>Rechtliche Hinweise und Datenschutz - Steritech<\/title>\n<meta name=\"robots\" content=\"index, follow, max-snippet:-1, max-image-preview:large, max-video-preview:-1\" \/>\n<link rel=\"canonical\" href=\"https:\/\/www.steritech.eu.com\/de\/rechtliche-hinweise-und-datenschutz\/\" \/>\n<meta property=\"og:locale\" content=\"de_DE\" \/>\n<meta property=\"og:type\" content=\"article\" \/>\n<meta property=\"og:title\" content=\"Rechtliche Hinweise und Datenschutz - Steritech\" \/>\n<meta property=\"og:description\" content=\"In \u00dcbereinstimmung mit den Verpflichtungen aus Artikel 6-III und 19 des Gesetzes Nr. 2004-575 vom 21. Juni 2004 \u00fcber das Vertrauen in die digitale Wirtschaft (L.C.E.N.) werden die auf der Website https:\/\/www.steritech.eu.com\/ gesammelten pers\u00f6nlichen Daten nicht automatisch verarbeitet. Es handelt sich hierbei um die Erfassung von Daten \u00fcber ein Kontaktformular. Wir informieren die Besucher der [&hellip;]\" \/>\n<meta property=\"og:url\" content=\"https:\/\/www.steritech.eu.com\/de\/rechtliche-hinweise-und-datenschutz\/\" \/>\n<meta property=\"og:site_name\" content=\"Steritech\" \/>\n<meta property=\"article:modified_time\" content=\"2025-10-28T09:42:44+00:00\" \/>\n<meta name=\"twitter:card\" content=\"summary_large_image\" \/>\n<meta name=\"twitter:label1\" content=\"Gesch\u00e4tzte Lesezeit\" \/>\n\t<meta name=\"twitter:data1\" content=\"6\u00a0Minuten\" \/>\n<script type=\"application\/ld+json\" class=\"yoast-schema-graph\">{\"@context\":\"https:\\\/\\\/schema.org\",\"@graph\":[{\"@type\":\"WebPage\",\"@id\":\"https:\\\/\\\/www.steritech.eu.com\\\/de\\\/rechtliche-hinweise-und-datenschutz\\\/\",\"url\":\"https:\\\/\\\/www.steritech.eu.com\\\/de\\\/rechtliche-hinweise-und-datenschutz\\\/\",\"name\":\"Rechtliche Hinweise und Datenschutz - Steritech\",\"isPartOf\":{\"@id\":\"https:\\\/\\\/www.steritech.eu.com\\\/de\\\/#website\"},\"datePublished\":\"2024-08-08T10:12:58+00:00\",\"dateModified\":\"2025-10-28T09:42:44+00:00\",\"breadcrumb\":{\"@id\":\"https:\\\/\\\/www.steritech.eu.com\\\/de\\\/rechtliche-hinweise-und-datenschutz\\\/#breadcrumb\"},\"inLanguage\":\"de\",\"potentialAction\":[{\"@type\":\"ReadAction\",\"target\":[\"https:\\\/\\\/www.steritech.eu.com\\\/de\\\/rechtliche-hinweise-und-datenschutz\\\/\"]}]},{\"@type\":\"BreadcrumbList\",\"@id\":\"https:\\\/\\\/www.steritech.eu.com\\\/de\\\/rechtliche-hinweise-und-datenschutz\\\/#breadcrumb\",\"itemListElement\":[{\"@type\":\"ListItem\",\"position\":1,\"name\":\"Startseite\",\"item\":\"https:\\\/\\\/www.steritech.eu.com\\\/de\\\/\"},{\"@type\":\"ListItem\",\"position\":2,\"name\":\"Rechtliche Hinweise und Datenschutz\"}]},{\"@type\":\"WebSite\",\"@id\":\"https:\\\/\\\/www.steritech.eu.com\\\/de\\\/#website\",\"url\":\"https:\\\/\\\/www.steritech.eu.com\\\/de\\\/\",\"name\":\"Steritech\",\"description\":\"Smart preservation\",\"publisher\":{\"@id\":\"https:\\\/\\\/www.steritech.eu.com\\\/de\\\/#organization\"},\"alternateName\":\"STERITECH\",\"potentialAction\":[{\"@type\":\"SearchAction\",\"target\":{\"@type\":\"EntryPoint\",\"urlTemplate\":\"https:\\\/\\\/www.steritech.eu.com\\\/de\\\/?s={search_term_string}\"},\"query-input\":{\"@type\":\"PropertyValueSpecification\",\"valueRequired\":true,\"valueName\":\"search_term_string\"}}],\"inLanguage\":\"de\"},{\"@type\":\"Organization\",\"@id\":\"https:\\\/\\\/www.steritech.eu.com\\\/de\\\/#organization\",\"name\":\"Steritech\",\"url\":\"https:\\\/\\\/www.steritech.eu.com\\\/de\\\/\",\"logo\":{\"@type\":\"ImageObject\",\"inLanguage\":\"de\",\"@id\":\"https:\\\/\\\/www.steritech.eu.com\\\/de\\\/#\\\/schema\\\/logo\\\/image\\\/\",\"url\":\"https:\\\/\\\/www.steritech.eu.com\\\/wp-content\\\/uploads\\\/2024\\\/06\\\/Logo-Steritech-texte.svg\",\"contentUrl\":\"https:\\\/\\\/www.steritech.eu.com\\\/wp-content\\\/uploads\\\/2024\\\/06\\\/Logo-Steritech-texte.svg\",\"caption\":\"Steritech\"},\"image\":{\"@id\":\"https:\\\/\\\/www.steritech.eu.com\\\/de\\\/#\\\/schema\\\/logo\\\/image\\\/\"},\"sameAs\":[\"https:\\\/\\\/www.linkedin.com\\\/company\\\/steritechsas\"]}]}<\/script>\n<!-- \/ Yoast SEO plugin. -->","yoast_head_json":{"title":"Rechtliche Hinweise und Datenschutz - Steritech","robots":{"index":"index","follow":"follow","max-snippet":"max-snippet:-1","max-image-preview":"max-image-preview:large","max-video-preview":"max-video-preview:-1"},"canonical":"https:\/\/www.steritech.eu.com\/de\/rechtliche-hinweise-und-datenschutz\/","og_locale":"de_DE","og_type":"article","og_title":"Rechtliche Hinweise und Datenschutz - Steritech","og_description":"In \u00dcbereinstimmung mit den Verpflichtungen aus Artikel 6-III und 19 des Gesetzes Nr. 2004-575 vom 21. Juni 2004 \u00fcber das Vertrauen in die digitale Wirtschaft (L.C.E.N.) werden die auf der Website https:\/\/www.steritech.eu.com\/ gesammelten pers\u00f6nlichen Daten nicht automatisch verarbeitet. Es handelt sich hierbei um die Erfassung von Daten \u00fcber ein Kontaktformular. Wir informieren die Besucher der [&hellip;]","og_url":"https:\/\/www.steritech.eu.com\/de\/rechtliche-hinweise-und-datenschutz\/","og_site_name":"Steritech","article_modified_time":"2025-10-28T09:42:44+00:00","twitter_card":"summary_large_image","twitter_misc":{"Gesch\u00e4tzte Lesezeit":"6\u00a0Minuten"},"schema":{"@context":"https:\/\/schema.org","@graph":[{"@type":"WebPage","@id":"https:\/\/www.steritech.eu.com\/de\/rechtliche-hinweise-und-datenschutz\/","url":"https:\/\/www.steritech.eu.com\/de\/rechtliche-hinweise-und-datenschutz\/","name":"Rechtliche Hinweise und Datenschutz - Steritech","isPartOf":{"@id":"https:\/\/www.steritech.eu.com\/de\/#website"},"datePublished":"2024-08-08T10:12:58+00:00","dateModified":"2025-10-28T09:42:44+00:00","breadcrumb":{"@id":"https:\/\/www.steritech.eu.com\/de\/rechtliche-hinweise-und-datenschutz\/#breadcrumb"},"inLanguage":"de","potentialAction":[{"@type":"ReadAction","target":["https:\/\/www.steritech.eu.com\/de\/rechtliche-hinweise-und-datenschutz\/"]}]},{"@type":"BreadcrumbList","@id":"https:\/\/www.steritech.eu.com\/de\/rechtliche-hinweise-und-datenschutz\/#breadcrumb","itemListElement":[{"@type":"ListItem","position":1,"name":"Startseite","item":"https:\/\/www.steritech.eu.com\/de\/"},{"@type":"ListItem","position":2,"name":"Rechtliche Hinweise und Datenschutz"}]},{"@type":"WebSite","@id":"https:\/\/www.steritech.eu.com\/de\/#website","url":"https:\/\/www.steritech.eu.com\/de\/","name":"Steritech","description":"Smart preservation","publisher":{"@id":"https:\/\/www.steritech.eu.com\/de\/#organization"},"alternateName":"STERITECH","potentialAction":[{"@type":"SearchAction","target":{"@type":"EntryPoint","urlTemplate":"https:\/\/www.steritech.eu.com\/de\/?s={search_term_string}"},"query-input":{"@type":"PropertyValueSpecification","valueRequired":true,"valueName":"search_term_string"}}],"inLanguage":"de"},{"@type":"Organization","@id":"https:\/\/www.steritech.eu.com\/de\/#organization","name":"Steritech","url":"https:\/\/www.steritech.eu.com\/de\/","logo":{"@type":"ImageObject","inLanguage":"de","@id":"https:\/\/www.steritech.eu.com\/de\/#\/schema\/logo\/image\/","url":"https:\/\/www.steritech.eu.com\/wp-content\/uploads\/2024\/06\/Logo-Steritech-texte.svg","contentUrl":"https:\/\/www.steritech.eu.com\/wp-content\/uploads\/2024\/06\/Logo-Steritech-texte.svg","caption":"Steritech"},"image":{"@id":"https:\/\/www.steritech.eu.com\/de\/#\/schema\/logo\/image\/"},"sameAs":["https:\/\/www.linkedin.com\/company\/steritechsas"]}]}},"_links":{"self":[{"href":"https:\/\/www.steritech.eu.com\/de\/wp-json\/wp\/v2\/pages\/8100","targetHints":{"allow":["GET"]}}],"collection":[{"href":"https:\/\/www.steritech.eu.com\/de\/wp-json\/wp\/v2\/pages"}],"about":[{"href":"https:\/\/www.steritech.eu.com\/de\/wp-json\/wp\/v2\/types\/page"}],"author":[{"embeddable":true,"href":"https:\/\/www.steritech.eu.com\/de\/wp-json\/wp\/v2\/users\/5"}],"replies":[{"embeddable":true,"href":"https:\/\/www.steritech.eu.com\/de\/wp-json\/wp\/v2\/comments?post=8100"}],"version-history":[{"count":2,"href":"https:\/\/www.steritech.eu.com\/de\/wp-json\/wp\/v2\/pages\/8100\/revisions"}],"predecessor-version":[{"id":9723,"href":"https:\/\/www.steritech.eu.com\/de\/wp-json\/wp\/v2\/pages\/8100\/revisions\/9723"}],"wp:attachment":[{"href":"https:\/\/www.steritech.eu.com\/de\/wp-json\/wp\/v2\/media?parent=8100"}],"wp:term":[{"taxonomy":"folder","embeddable":true,"href":"https:\/\/www.steritech.eu.com\/de\/wp-json\/wp\/v2\/folder?post=8100"}],"curies":[{"name":"wp","href":"https:\/\/api.w.org\/{rel}","templated":true}]}}