{"id":8125,"date":"2025-06-12T12:09:03","date_gmt":"2025-06-12T10:09:03","guid":{"rendered":"https:\/\/www.steritech.eu.com\/gemietetes-oder-gebrauchtes-material\/"},"modified":"2025-11-10T14:09:11","modified_gmt":"2025-11-10T13:09:11","slug":"gemietetes-oder-gebrauchtes-material","status":"publish","type":"page","link":"https:\/\/www.steritech.eu.com\/de\/gemietetes-oder-gebrauchtes-material\/","title":{"rendered":"Gemietetes oder gebrauchtes Material"},"content":{"rendered":"\n<p>Im Rahmen unserer <a href=\"https:\/\/www.steritech.eu.com\/de\/begleitung-bei-ihrem-projekt\/\"><strong>ma\u00dfgeschneiderten Betreuung<\/strong><\/a> bietet Steritech <strong>L\u00f6sungen f\u00fcr die Anmietung von Autoklaven f\u00fcr Konservenfabriken an<\/strong>, damit Sie Ihre Rezepte und Verfahren unter realen Bedingungen testen k\u00f6nnen, ohne sofort investieren zu m\u00fcssen. Wir stellen Ihnen auch gebrauchte, g<strong>eneral\u00fcberholte Go\u00fbt\u2019stave-Autoklaven zur Verf\u00fcgung<\/strong>, die zuverl\u00e4ssig und leistungsstark sind und eine wirtschaftliche und nachhaltige Alternative zum Kauf von Neuger\u00e4ten darstellen. <\/p>\n\n<div class=\"wp-block-group alignwide is-layout-constrained wp-block-group-is-layout-constrained\">\n<div class=\"wp-block-group alignwide is-style-bords-arrondis has-steritech-bleu-fonce-background-color has-background is-layout-flow wp-container-core-group-is-layout-1aff7ddd wp-block-group-is-layout-flow\" style=\"margin-top:var(--wp--preset--spacing--60);margin-bottom:var(--wp--preset--spacing--60);padding-top:var(--wp--preset--spacing--50);padding-right:var(--wp--preset--spacing--60);padding-bottom:var(--wp--preset--spacing--50);padding-left:var(--wp--preset--spacing--60)\">\n<h2 class=\"wp-block-heading is-style-h2-souligne has-white-color has-text-color has-link-color has-grand-font-size wp-elements-37534b7036f6739d4c3da0fb61077ad1\" id=\"location\" style=\"padding-top:0;padding-bottom:0\">Autoklavenvermietung<\/h2>\n<\/div>\n\n\n\n<div class=\"wp-block-group is-layout-constrained wp-block-group-is-layout-constrained\">\n<p>Um Ihnen den Einstieg in die handwerkliche Konservenindustrie zu erleichtern, bieten wir die <a href=\"https:\/\/www.steritech.eu.com\/de\/goutstave-kleiner-elektrischer-autoklav\/\">Go\u00fbt\u2019stave <\/a>zur Miete an. Bei der Installation bieten wir eine umfassende Betreuung, einschlie\u00dflich der Inbetriebnahme der Anlage und einer Schulung Ihres Teams f\u00fcr den selbstst\u00e4ndigen Gebrauch des Autoklaven. <\/p>\n\n\n\n<p>Das Mieten von Autoklaven ist auch ideal, wenn Sie einen einmaligen Bedarf haben und Ihre Produktion testen m\u00f6chten. <strong><mark style=\"background-color:rgba(0, 0, 0, 0)\" class=\"has-inline-color has-steritech-bleu-fonce-color\">ohne sofortige Kaufverpflichtung<\/mark><\/strong>.<\/p>\n\n\n\n<p>Wir passen unsere Mietvertr\u00e4ge an Ihre spezifischen Anforderungen an und bieten Ihnen die M\u00f6glichkeit, die Immobilie zu kaufen. <strong><mark style=\"background-color:rgba(0, 0, 0, 0)\" class=\"has-inline-color has-steritech-bleu-fonce-color\">sich f\u00fcr einen endg\u00fcltigen Erwerb zu entscheiden<\/mark><\/strong> wenn dies Ihren Bed\u00fcrfnissen entspricht<\/p>\n\n\n\n<div style=\"height:33px\" aria-hidden=\"true\" class=\"wp-block-spacer\"><\/div>\n<\/div>\n\n\n\n<div class=\"wp-block-group is-style-default has-white-background-color has-background is-layout-flow wp-container-core-group-is-layout-19c37727 wp-block-group-is-layout-flow\" style=\"margin-top:0;margin-bottom:0;padding-top:var(--wp--preset--spacing--50);padding-right:0;padding-bottom:var(--wp--preset--spacing--50);padding-left:0\">\n<div class=\"wp-block-columns is-layout-flex wp-container-core-columns-is-layout-28f84493 wp-block-columns-is-layout-flex\">\n<div class=\"wp-block-column is-layout-flow wp-block-column-is-layout-flow\" style=\"flex-basis:25%\"><\/div>\n\n\n\n<div class=\"wp-block-column is-layout-flow wp-block-column-is-layout-flow\" style=\"flex-basis:50%\">\n<div class=\"wp-block-group is-style-bords-arrondis has-steritech-vert-background-color has-background is-layout-constrained wp-block-group-is-layout-constrained\" style=\"padding-top:var(--wp--preset--spacing--50);padding-bottom:var(--wp--preset--spacing--50)\">\n<h2 class=\"wp-block-heading has-text-align-center is-style-default has-steritech-bleu-fonce-color has-text-color has-link-color has-moyen-font-size wp-elements-c753f535d067bb602d07ba386d965b9a\"><strong>M\u00f6chten Sie einen Autoklaven mieten?<\/strong><\/h2>\n\n\n\n<div class=\"wp-block-buttons is-horizontal is-content-justification-center is-layout-flex wp-container-core-buttons-is-layout-e1a8c94f wp-block-buttons-is-layout-flex\" style=\"padding-top:0;padding-bottom:0\">\n<div class=\"wp-block-button is-style-btn-secondary\"><a class=\"wp-block-button__link wp-element-button\" href=\"https:\/\/www.steritech.eu.com\/de\/kontaktieren-sie-uns\/\">Fordern Sie ein Angebot an!<\/a><\/div>\n<\/div>\n<\/div>\n<\/div>\n\n\n\n<div class=\"wp-block-column is-layout-flow wp-block-column-is-layout-flow\" style=\"flex-basis:25%\"><\/div>\n<\/div>\n<\/div>\n\n\n\n<div class=\"wp-block-cover has-parallax\" style=\"min-height:484px;aspect-ratio:unset;\"><div class=\"wp-block-cover__image-background wp-image-5530 has-parallax\" style=\"background-position:50% 50%;background-image:url(https:\/\/www.steritech.eu.com\/wp-content\/uploads\/2025\/06\/Goutstave-a-Saverne-68-1.jpg)\"><\/div><span aria-hidden=\"true\" class=\"wp-block-cover__background has-white-background-color has-background-dim-10 has-background-dim\"><\/span><div class=\"wp-block-cover__inner-container is-layout-constrained wp-block-cover-is-layout-constrained\">\n<p class=\"has-text-align-center has-large-font-size\"><\/p>\n<\/div><\/div>\n<\/div>\n\n<div class=\"wp-block-group alignwide is-layout-constrained wp-block-group-is-layout-constrained\">\n<div class=\"wp-block-group alignwide is-style-bords-arrondis has-steritech-bleu-fonce-background-color has-background is-layout-flow wp-container-core-group-is-layout-1aff7ddd wp-block-group-is-layout-flow\" style=\"margin-top:var(--wp--preset--spacing--60);margin-bottom:var(--wp--preset--spacing--60);padding-top:var(--wp--preset--spacing--50);padding-right:var(--wp--preset--spacing--60);padding-bottom:var(--wp--preset--spacing--50);padding-left:var(--wp--preset--spacing--60)\">\n<h2 class=\"wp-block-heading is-style-h2-souligne has-white-color has-text-color has-link-color has-grand-font-size wp-elements-3315b0ac7bf92d2149db22426be55d7d\" id=\"occasion\" style=\"padding-top:0;padding-bottom:0\">Gebrauchtger\u00e4te<\/h2>\n<\/div>\n\n\n\n<div class=\"wp-block-group is-layout-constrained wp-block-group-is-layout-constrained\">\n<div class=\"wp-block-columns is-layout-flex wp-container-core-columns-is-layout-28f84493 wp-block-columns-is-layout-flex\">\n<div class=\"wp-block-column is-layout-flow wp-block-column-is-layout-flow\" style=\"flex-basis:40%\">\n<figure class=\"wp-block-image size-large is-style-bords-arrondis\"><img loading=\"lazy\" decoding=\"async\" width=\"1024\" height=\"683\" src=\"https:\/\/www.steritech.eu.com\/wp-content\/uploads\/2025\/06\/Goutstave-a-Saverne-214-1024x683.jpg\" alt=\"\" class=\"wp-image-5518\" srcset=\"https:\/\/www.steritech.eu.com\/wp-content\/uploads\/2025\/06\/Goutstave-a-Saverne-214-1024x683.jpg 1024w, https:\/\/www.steritech.eu.com\/wp-content\/uploads\/2025\/06\/Goutstave-a-Saverne-214-300x200.jpg 300w, https:\/\/www.steritech.eu.com\/wp-content\/uploads\/2025\/06\/Goutstave-a-Saverne-214-768x512.jpg 768w, https:\/\/www.steritech.eu.com\/wp-content\/uploads\/2025\/06\/Goutstave-a-Saverne-214-1536x1024.jpg 1536w, https:\/\/www.steritech.eu.com\/wp-content\/uploads\/2025\/06\/Goutstave-a-Saverne-214.jpg 1920w\" sizes=\"auto, (max-width: 1024px) 100vw, 1024px\" \/><\/figure>\n<\/div>\n\n\n\n<div class=\"wp-block-column is-vertically-aligned-center is-layout-flow wp-block-column-is-layout-flow\" style=\"flex-basis:66.66%\">\n<p style=\"padding-right:0;padding-left:0\">Wir \u00fcberholen unsere Go\u00fbt&#8217;stave, um Ihnen eine kosteng\u00fcnstige L\u00f6sung zu bieten, die gleichzeitig eine zuverl\u00e4ssige und standardkonforme Leistung gew\u00e4hrleistet. Diese general\u00fcberholten Autoklaven sind eine nachhaltige Alternative ohne Kompromisse bei der Qualit\u00e4t. <\/p>\n\n\n\n<div class=\"wp-block-columns is-layout-flex wp-container-core-columns-is-layout-f0342b05 wp-block-columns-is-layout-flex\" style=\"margin-top:0;margin-bottom:0\">\n<div class=\"wp-block-column is-layout-flow wp-block-column-is-layout-flow\" style=\"flex-basis:10%\">\n<hr class=\"wp-block-separator has-text-color has-steritech-vert-color has-alpha-channel-opacity has-steritech-vert-background-color has-background\"\/>\n<\/div>\n<\/div>\n<\/div>\n<\/div>\n<\/div>\n\n\n\n<div class=\"wp-block-columns is-layout-flex wp-container-core-columns-is-layout-28f84493 wp-block-columns-is-layout-flex\">\n<div class=\"wp-block-column is-layout-flow wp-block-column-is-layout-flow\" style=\"flex-basis:25%\"><\/div>\n\n\n\n<div class=\"wp-block-column is-layout-flow wp-block-column-is-layout-flow\" style=\"flex-basis:50%\">\n<div class=\"wp-block-group is-style-bords-arrondis has-steritech-vert-background-color has-background is-layout-constrained wp-block-group-is-layout-constrained\" style=\"padding-top:var(--wp--preset--spacing--50);padding-bottom:var(--wp--preset--spacing--50)\">\n<h2 class=\"wp-block-heading has-text-align-center is-style-default has-steritech-bleu-fonce-color has-text-color has-link-color has-moyen-font-size wp-elements-355035e8d4208ffccc836cc407aeb341\"><strong>Sind Sie an unseren gebrauchten Ger\u00e4ten interessiert?<\/strong><\/h2>\n\n\n\n<div class=\"wp-block-buttons is-horizontal is-content-justification-center is-layout-flex wp-container-core-buttons-is-layout-e1a8c94f wp-block-buttons-is-layout-flex\" style=\"padding-top:0;padding-bottom:0\">\n<div class=\"wp-block-button is-style-btn-secondary\"><a class=\"wp-block-button__link wp-element-button\" href=\"https:\/\/www.steritech.eu.com\/de\/pilot-miet-und-gebrauchtmaterial\/#catalogue-occasion\">Schauen Sie sich unseren Katalog an!<\/a><\/div>\n<\/div>\n<\/div>\n<\/div>\n\n\n\n<div class=\"wp-block-column is-layout-flow wp-block-column-is-layout-flow\" style=\"flex-basis:25%\"><\/div>\n<\/div>\n\n\n\n<div style=\"height:50px\" aria-hidden=\"true\" class=\"wp-block-spacer\"><\/div>\n<\/div>\n","protected":false},"excerpt":{"rendered":"<p>Im Rahmen unserer ma\u00dfgeschneiderten Betreuung bietet Steritech L\u00f6sungen f\u00fcr die Anmietung von Autoklaven f\u00fcr Konservenfabriken an, damit Sie Ihre Rezepte und Verfahren unter realen Bedingungen testen k\u00f6nnen, ohne sofort investieren zu m\u00fcssen. Wir stellen Ihnen auch gebrauchte, general\u00fcberholte Go\u00fbt\u2019stave-Autoklaven zur Verf\u00fcgung, die zuverl\u00e4ssig und leistungsstark sind und eine wirtschaftliche und nachhaltige Alternative zum Kauf von [&hellip;]<\/p>\n","protected":false},"author":7,"featured_media":1718,"parent":0,"menu_order":0,"comment_status":"closed","ping_status":"closed","template":"","meta":{"_acf_changed":false,"footnotes":""},"folder":[86],"class_list":["post-8125","page","type-page","status-publish","has-post-thumbnail","hentry"],"acf":[],"yoast_head":"<!-- This site is optimized with the Yoast SEO plugin v27.3 - https:\/\/yoast.com\/product\/yoast-seo-wordpress\/ -->\n<title>Vermietung von Autoklaven f\u00fcr Konservenfabriken und Gebrauchtger\u00e4ten \u2013 Steritech<\/title>\n<meta name=\"description\" content=\"Entdecken Sie unsere Autoklav-Mietl\u00f6sungen f\u00fcr Konservenfabriken und unsere gebrauchten Go\u00fbt\u2019stave-Ger\u00e4te, die zuverl\u00e4ssig und einsatzbereit sind.\" \/>\n<meta name=\"robots\" content=\"index, follow, max-snippet:-1, max-image-preview:large, max-video-preview:-1\" \/>\n<link rel=\"canonical\" href=\"https:\/\/www.steritech.eu.com\/de\/gemietetes-oder-gebrauchtes-material\/\" \/>\n<meta property=\"og:locale\" content=\"de_DE\" \/>\n<meta property=\"og:type\" content=\"article\" \/>\n<meta property=\"og:title\" content=\"Vermietung von Autoklaven f\u00fcr Konservenfabriken und Gebrauchtger\u00e4ten \u2013 Steritech\" \/>\n<meta property=\"og:description\" content=\"Entdecken Sie unsere Autoklav-Mietl\u00f6sungen f\u00fcr Konservenfabriken und unsere gebrauchten Go\u00fbt\u2019stave-Ger\u00e4te, die zuverl\u00e4ssig und einsatzbereit sind.\" \/>\n<meta property=\"og:url\" content=\"https:\/\/www.steritech.eu.com\/de\/gemietetes-oder-gebrauchtes-material\/\" \/>\n<meta property=\"og:site_name\" content=\"Steritech\" \/>\n<meta property=\"article:modified_time\" content=\"2025-11-10T13:09:11+00:00\" \/>\n<meta property=\"og:image\" content=\"https:\/\/www.steritech.eu.com\/wp-content\/uploads\/2024\/10\/IMG_20240725_101945-scaled.jpg\" \/>\n\t<meta property=\"og:image:width\" content=\"2560\" \/>\n\t<meta property=\"og:image:height\" content=\"1920\" \/>\n\t<meta property=\"og:image:type\" content=\"image\/jpeg\" \/>\n<meta name=\"twitter:card\" content=\"summary_large_image\" \/>\n<meta name=\"twitter:label1\" content=\"Gesch\u00e4tzte Lesezeit\" \/>\n\t<meta name=\"twitter:data1\" content=\"1\u00a0Minute\" \/>\n<script type=\"application\/ld+json\" class=\"yoast-schema-graph\">{\"@context\":\"https:\\\/\\\/schema.org\",\"@graph\":[{\"@type\":\"WebPage\",\"@id\":\"https:\\\/\\\/www.steritech.eu.com\\\/de\\\/gemietetes-oder-gebrauchtes-material\\\/\",\"url\":\"https:\\\/\\\/www.steritech.eu.com\\\/de\\\/gemietetes-oder-gebrauchtes-material\\\/\",\"name\":\"Vermietung von Autoklaven f\u00fcr Konservenfabriken und Gebrauchtger\u00e4ten \u2013 Steritech\",\"isPartOf\":{\"@id\":\"https:\\\/\\\/www.steritech.eu.com\\\/de\\\/#website\"},\"primaryImageOfPage\":{\"@id\":\"https:\\\/\\\/www.steritech.eu.com\\\/de\\\/gemietetes-oder-gebrauchtes-material\\\/#primaryimage\"},\"image\":{\"@id\":\"https:\\\/\\\/www.steritech.eu.com\\\/de\\\/gemietetes-oder-gebrauchtes-material\\\/#primaryimage\"},\"thumbnailUrl\":\"https:\\\/\\\/www.steritech.eu.com\\\/wp-content\\\/uploads\\\/2024\\\/10\\\/IMG_20240725_101945-scaled.jpg\",\"datePublished\":\"2025-06-12T10:09:03+00:00\",\"dateModified\":\"2025-11-10T13:09:11+00:00\",\"description\":\"Entdecken Sie unsere Autoklav-Mietl\u00f6sungen f\u00fcr Konservenfabriken und unsere gebrauchten Go\u00fbt\u2019stave-Ger\u00e4te, die zuverl\u00e4ssig und einsatzbereit sind.\",\"breadcrumb\":{\"@id\":\"https:\\\/\\\/www.steritech.eu.com\\\/de\\\/gemietetes-oder-gebrauchtes-material\\\/#breadcrumb\"},\"inLanguage\":\"de\",\"potentialAction\":[{\"@type\":\"ReadAction\",\"target\":[\"https:\\\/\\\/www.steritech.eu.com\\\/de\\\/gemietetes-oder-gebrauchtes-material\\\/\"]}]},{\"@type\":\"ImageObject\",\"inLanguage\":\"de\",\"@id\":\"https:\\\/\\\/www.steritech.eu.com\\\/de\\\/gemietetes-oder-gebrauchtes-material\\\/#primaryimage\",\"url\":\"https:\\\/\\\/www.steritech.eu.com\\\/wp-content\\\/uploads\\\/2024\\\/10\\\/IMG_20240725_101945-scaled.jpg\",\"contentUrl\":\"https:\\\/\\\/www.steritech.eu.com\\\/wp-content\\\/uploads\\\/2024\\\/10\\\/IMG_20240725_101945-scaled.jpg\",\"width\":2560,\"height\":1920,\"caption\":\"Petit autoclave production artisanale\"},{\"@type\":\"BreadcrumbList\",\"@id\":\"https:\\\/\\\/www.steritech.eu.com\\\/de\\\/gemietetes-oder-gebrauchtes-material\\\/#breadcrumb\",\"itemListElement\":[{\"@type\":\"ListItem\",\"position\":1,\"name\":\"Startseite\",\"item\":\"https:\\\/\\\/www.steritech.eu.com\\\/de\\\/\"},{\"@type\":\"ListItem\",\"position\":2,\"name\":\"Gemietetes oder gebrauchtes Material\"}]},{\"@type\":\"WebSite\",\"@id\":\"https:\\\/\\\/www.steritech.eu.com\\\/de\\\/#website\",\"url\":\"https:\\\/\\\/www.steritech.eu.com\\\/de\\\/\",\"name\":\"Steritech\",\"description\":\"Smart preservation\",\"publisher\":{\"@id\":\"https:\\\/\\\/www.steritech.eu.com\\\/de\\\/#organization\"},\"alternateName\":\"STERITECH\",\"potentialAction\":[{\"@type\":\"SearchAction\",\"target\":{\"@type\":\"EntryPoint\",\"urlTemplate\":\"https:\\\/\\\/www.steritech.eu.com\\\/de\\\/?s={search_term_string}\"},\"query-input\":{\"@type\":\"PropertyValueSpecification\",\"valueRequired\":true,\"valueName\":\"search_term_string\"}}],\"inLanguage\":\"de\"},{\"@type\":\"Organization\",\"@id\":\"https:\\\/\\\/www.steritech.eu.com\\\/de\\\/#organization\",\"name\":\"Steritech\",\"url\":\"https:\\\/\\\/www.steritech.eu.com\\\/de\\\/\",\"logo\":{\"@type\":\"ImageObject\",\"inLanguage\":\"de\",\"@id\":\"https:\\\/\\\/www.steritech.eu.com\\\/de\\\/#\\\/schema\\\/logo\\\/image\\\/\",\"url\":\"https:\\\/\\\/www.steritech.eu.com\\\/wp-content\\\/uploads\\\/2024\\\/06\\\/Logo-Steritech-texte.svg\",\"contentUrl\":\"https:\\\/\\\/www.steritech.eu.com\\\/wp-content\\\/uploads\\\/2024\\\/06\\\/Logo-Steritech-texte.svg\",\"caption\":\"Steritech\"},\"image\":{\"@id\":\"https:\\\/\\\/www.steritech.eu.com\\\/de\\\/#\\\/schema\\\/logo\\\/image\\\/\"},\"sameAs\":[\"https:\\\/\\\/www.linkedin.com\\\/company\\\/steritechsas\"]}]}<\/script>\n<!-- \/ Yoast SEO plugin. -->","yoast_head_json":{"title":"Vermietung von Autoklaven f\u00fcr Konservenfabriken und Gebrauchtger\u00e4ten \u2013 Steritech","description":"Entdecken Sie unsere Autoklav-Mietl\u00f6sungen f\u00fcr Konservenfabriken und unsere gebrauchten Go\u00fbt\u2019stave-Ger\u00e4te, die zuverl\u00e4ssig und einsatzbereit sind.","robots":{"index":"index","follow":"follow","max-snippet":"max-snippet:-1","max-image-preview":"max-image-preview:large","max-video-preview":"max-video-preview:-1"},"canonical":"https:\/\/www.steritech.eu.com\/de\/gemietetes-oder-gebrauchtes-material\/","og_locale":"de_DE","og_type":"article","og_title":"Vermietung von Autoklaven f\u00fcr Konservenfabriken und Gebrauchtger\u00e4ten \u2013 Steritech","og_description":"Entdecken Sie unsere Autoklav-Mietl\u00f6sungen f\u00fcr Konservenfabriken und unsere gebrauchten Go\u00fbt\u2019stave-Ger\u00e4te, die zuverl\u00e4ssig und einsatzbereit sind.","og_url":"https:\/\/www.steritech.eu.com\/de\/gemietetes-oder-gebrauchtes-material\/","og_site_name":"Steritech","article_modified_time":"2025-11-10T13:09:11+00:00","og_image":[{"width":2560,"height":1920,"url":"https:\/\/www.steritech.eu.com\/wp-content\/uploads\/2024\/10\/IMG_20240725_101945-scaled.jpg","type":"image\/jpeg"}],"twitter_card":"summary_large_image","twitter_misc":{"Gesch\u00e4tzte Lesezeit":"1\u00a0Minute"},"schema":{"@context":"https:\/\/schema.org","@graph":[{"@type":"WebPage","@id":"https:\/\/www.steritech.eu.com\/de\/gemietetes-oder-gebrauchtes-material\/","url":"https:\/\/www.steritech.eu.com\/de\/gemietetes-oder-gebrauchtes-material\/","name":"Vermietung von Autoklaven f\u00fcr Konservenfabriken und Gebrauchtger\u00e4ten \u2013 Steritech","isPartOf":{"@id":"https:\/\/www.steritech.eu.com\/de\/#website"},"primaryImageOfPage":{"@id":"https:\/\/www.steritech.eu.com\/de\/gemietetes-oder-gebrauchtes-material\/#primaryimage"},"image":{"@id":"https:\/\/www.steritech.eu.com\/de\/gemietetes-oder-gebrauchtes-material\/#primaryimage"},"thumbnailUrl":"https:\/\/www.steritech.eu.com\/wp-content\/uploads\/2024\/10\/IMG_20240725_101945-scaled.jpg","datePublished":"2025-06-12T10:09:03+00:00","dateModified":"2025-11-10T13:09:11+00:00","description":"Entdecken Sie unsere Autoklav-Mietl\u00f6sungen f\u00fcr Konservenfabriken und unsere gebrauchten Go\u00fbt\u2019stave-Ger\u00e4te, die zuverl\u00e4ssig und einsatzbereit sind.","breadcrumb":{"@id":"https:\/\/www.steritech.eu.com\/de\/gemietetes-oder-gebrauchtes-material\/#breadcrumb"},"inLanguage":"de","potentialAction":[{"@type":"ReadAction","target":["https:\/\/www.steritech.eu.com\/de\/gemietetes-oder-gebrauchtes-material\/"]}]},{"@type":"ImageObject","inLanguage":"de","@id":"https:\/\/www.steritech.eu.com\/de\/gemietetes-oder-gebrauchtes-material\/#primaryimage","url":"https:\/\/www.steritech.eu.com\/wp-content\/uploads\/2024\/10\/IMG_20240725_101945-scaled.jpg","contentUrl":"https:\/\/www.steritech.eu.com\/wp-content\/uploads\/2024\/10\/IMG_20240725_101945-scaled.jpg","width":2560,"height":1920,"caption":"Petit autoclave production artisanale"},{"@type":"BreadcrumbList","@id":"https:\/\/www.steritech.eu.com\/de\/gemietetes-oder-gebrauchtes-material\/#breadcrumb","itemListElement":[{"@type":"ListItem","position":1,"name":"Startseite","item":"https:\/\/www.steritech.eu.com\/de\/"},{"@type":"ListItem","position":2,"name":"Gemietetes oder gebrauchtes Material"}]},{"@type":"WebSite","@id":"https:\/\/www.steritech.eu.com\/de\/#website","url":"https:\/\/www.steritech.eu.com\/de\/","name":"Steritech","description":"Smart preservation","publisher":{"@id":"https:\/\/www.steritech.eu.com\/de\/#organization"},"alternateName":"STERITECH","potentialAction":[{"@type":"SearchAction","target":{"@type":"EntryPoint","urlTemplate":"https:\/\/www.steritech.eu.com\/de\/?s={search_term_string}"},"query-input":{"@type":"PropertyValueSpecification","valueRequired":true,"valueName":"search_term_string"}}],"inLanguage":"de"},{"@type":"Organization","@id":"https:\/\/www.steritech.eu.com\/de\/#organization","name":"Steritech","url":"https:\/\/www.steritech.eu.com\/de\/","logo":{"@type":"ImageObject","inLanguage":"de","@id":"https:\/\/www.steritech.eu.com\/de\/#\/schema\/logo\/image\/","url":"https:\/\/www.steritech.eu.com\/wp-content\/uploads\/2024\/06\/Logo-Steritech-texte.svg","contentUrl":"https:\/\/www.steritech.eu.com\/wp-content\/uploads\/2024\/06\/Logo-Steritech-texte.svg","caption":"Steritech"},"image":{"@id":"https:\/\/www.steritech.eu.com\/de\/#\/schema\/logo\/image\/"},"sameAs":["https:\/\/www.linkedin.com\/company\/steritechsas"]}]}},"_links":{"self":[{"href":"https:\/\/www.steritech.eu.com\/de\/wp-json\/wp\/v2\/pages\/8125","targetHints":{"allow":["GET"]}}],"collection":[{"href":"https:\/\/www.steritech.eu.com\/de\/wp-json\/wp\/v2\/pages"}],"about":[{"href":"https:\/\/www.steritech.eu.com\/de\/wp-json\/wp\/v2\/types\/page"}],"author":[{"embeddable":true,"href":"https:\/\/www.steritech.eu.com\/de\/wp-json\/wp\/v2\/users\/7"}],"replies":[{"embeddable":true,"href":"https:\/\/www.steritech.eu.com\/de\/wp-json\/wp\/v2\/comments?post=8125"}],"version-history":[{"count":8,"href":"https:\/\/www.steritech.eu.com\/de\/wp-json\/wp\/v2\/pages\/8125\/revisions"}],"predecessor-version":[{"id":9977,"href":"https:\/\/www.steritech.eu.com\/de\/wp-json\/wp\/v2\/pages\/8125\/revisions\/9977"}],"wp:featuredmedia":[{"embeddable":true,"href":"https:\/\/www.steritech.eu.com\/de\/wp-json\/wp\/v2\/media\/1718"}],"wp:attachment":[{"href":"https:\/\/www.steritech.eu.com\/de\/wp-json\/wp\/v2\/media?parent=8125"}],"wp:term":[{"taxonomy":"folder","embeddable":true,"href":"https:\/\/www.steritech.eu.com\/de\/wp-json\/wp\/v2\/folder?post=8125"}],"curies":[{"name":"wp","href":"https:\/\/api.w.org\/{rel}","templated":true}]}}