{"id":7322,"date":"2025-06-12T12:09:03","date_gmt":"2025-06-12T10:09:03","guid":{"rendered":"https:\/\/www.steritech.eu.com\/rental-or-used-equipment\/"},"modified":"2025-11-10T14:03:55","modified_gmt":"2025-11-10T13:03:55","slug":"rental-or-used-equipment","status":"publish","type":"page","link":"https:\/\/www.steritech.eu.com\/en\/rental-or-used-equipment\/","title":{"rendered":"Rental or second-hand equipment"},"content":{"rendered":"\n<p>Dans le cadre de notre <a href=\"https:\/\/www.steritech.eu.com\/en\/support-for-your-project\/\">accompagnement sur-mesure<\/a>, nous proposons diff\u00e9rents services permettant de tester nos solutions avec du mat\u00e9riel en location. Nous offrons aussi des solutions d\u2019occasion remises \u00e0 niveau par nos soins.<\/p>\n\n<div class=\"wp-block-group alignwide is-layout-constrained wp-block-group-is-layout-constrained\">\n<div class=\"wp-block-group alignwide is-style-bords-arrondis has-steritech-bleu-fonce-background-color has-background is-layout-flow wp-container-core-group-is-layout-1aff7ddd wp-block-group-is-layout-flow\" style=\"margin-top:var(--wp--preset--spacing--60);margin-bottom:var(--wp--preset--spacing--60);padding-top:var(--wp--preset--spacing--50);padding-right:var(--wp--preset--spacing--60);padding-bottom:var(--wp--preset--spacing--50);padding-left:var(--wp--preset--spacing--60)\">\n<h2 class=\"wp-block-heading is-style-h2-souligne has-white-color has-text-color has-link-color has-grand-font-size wp-elements-fd415c6ca8128af475cc689dab33f331\" id=\"location\" style=\"padding-top:0;padding-bottom:0\">Autoclave rental<\/h2>\n<\/div>\n\n\n\n<div class=\"wp-block-group is-layout-constrained wp-block-group-is-layout-constrained\">\n<p>Pour faciliter la mise en place de votre activit\u00e9 de conserverie artisanale, nous proposons le<a href=\"https:\/\/www.steritech.eu.com\/en\/goutstave-small-electric-autoclave\/\"> Go\u00fbt\u2019stave<\/a> \u00e0 la location. Lors de l\u2019installation, nous assurons un accompagnement complet, comprenant la mise en route de l\u2019\u00e9quipement ainsi qu\u2019une formation de votre \u00e9quipe \u00e0 l\u2019utilisation de l\u2019autoclave en autonomie.<\/p>\n\n\n\n<p>Autoclave rental is also ideal for one-off requirements, allowing you to test your production. <strong><mark style=\"background-color:rgba(0, 0, 0, 0)\" class=\"has-inline-color has-steritech-bleu-fonce-color\">with no immediate commitment to purchase<\/mark><\/strong>.<\/p>\n\n\n\n<p>We tailor our rental contracts to your specific requirements, with the option of <strong><mark style=\"background-color:rgba(0, 0, 0, 0)\" class=\"has-inline-color has-steritech-bleu-fonce-color\">to opt for a permanent purchase<\/mark><\/strong> if this suits your needs<\/p>\n\n\n\n<div style=\"height:33px\" aria-hidden=\"true\" class=\"wp-block-spacer\"><\/div>\n<\/div>\n\n\n\n<div class=\"wp-block-group is-style-default has-white-background-color has-background is-layout-flow wp-container-core-group-is-layout-19c37727 wp-block-group-is-layout-flow\" style=\"margin-top:0;margin-bottom:0;padding-top:var(--wp--preset--spacing--50);padding-right:0;padding-bottom:var(--wp--preset--spacing--50);padding-left:0\">\n<div class=\"wp-block-columns is-layout-flex wp-container-core-columns-is-layout-28f84493 wp-block-columns-is-layout-flex\">\n<div class=\"wp-block-column is-layout-flow wp-block-column-is-layout-flow\" style=\"flex-basis:25%\"><\/div>\n\n\n\n<div class=\"wp-block-column is-layout-flow wp-block-column-is-layout-flow\" style=\"flex-basis:50%\">\n<div class=\"wp-block-group is-style-bords-arrondis has-steritech-vert-background-color has-background is-layout-constrained wp-block-group-is-layout-constrained\" style=\"padding-top:var(--wp--preset--spacing--50);padding-bottom:var(--wp--preset--spacing--50)\">\n<h2 class=\"wp-block-heading has-text-align-center is-style-default has-steritech-bleu-fonce-color has-text-color has-link-color has-moyen-font-size wp-elements-705f6a8b5536614b68146f12628a4cb3\"><strong>Would you like to rent an autoclave?<\/strong><\/h2>\n\n\n\n<div class=\"wp-block-buttons is-horizontal is-content-justification-center is-layout-flex wp-container-core-buttons-is-layout-e1a8c94f wp-block-buttons-is-layout-flex\" style=\"padding-top:0;padding-bottom:0\">\n<div class=\"wp-block-button is-style-btn-secondary\"><a class=\"wp-block-button__link wp-element-button\" href=\"https:\/\/www.steritech.eu.com\/en\/contact-us\/\">Request a quotation !<\/a><\/div>\n<\/div>\n<\/div>\n<\/div>\n\n\n\n<div class=\"wp-block-column is-layout-flow wp-block-column-is-layout-flow\" style=\"flex-basis:25%\"><\/div>\n<\/div>\n<\/div>\n\n\n\n<div class=\"wp-block-cover has-parallax\" style=\"min-height:484px;aspect-ratio:unset;\"><div class=\"wp-block-cover__image-background wp-image-5530 has-parallax\" style=\"background-position:50% 50%;background-image:url(https:\/\/www.steritech.eu.com\/wp-content\/uploads\/2025\/06\/Goutstave-a-Saverne-68-1.jpg)\"><\/div><span aria-hidden=\"true\" class=\"wp-block-cover__background has-white-background-color has-background-dim-10 has-background-dim\"><\/span><div class=\"wp-block-cover__inner-container is-layout-constrained wp-block-cover-is-layout-constrained\">\n<p class=\"has-text-align-center has-large-font-size\"><\/p>\n<\/div><\/div>\n<\/div>\n\n<div class=\"wp-block-group alignwide is-layout-constrained wp-block-group-is-layout-constrained\">\n<div class=\"wp-block-group alignwide is-style-bords-arrondis has-steritech-bleu-fonce-background-color has-background is-layout-flow wp-container-core-group-is-layout-1aff7ddd wp-block-group-is-layout-flow\" style=\"margin-top:var(--wp--preset--spacing--60);margin-bottom:var(--wp--preset--spacing--60);padding-top:var(--wp--preset--spacing--50);padding-right:var(--wp--preset--spacing--60);padding-bottom:var(--wp--preset--spacing--50);padding-left:var(--wp--preset--spacing--60)\">\n<h2 class=\"wp-block-heading is-style-h2-souligne has-white-color has-text-color has-link-color has-grand-font-size wp-elements-9f9159a8a5fa5de7693aa9d9f2ae389d\" id=\"occasion\" style=\"padding-top:0;padding-bottom:0\">Second-hand equipment<\/h2>\n<\/div>\n\n\n\n<div class=\"wp-block-group is-layout-constrained wp-block-group-is-layout-constrained\">\n<div class=\"wp-block-columns is-layout-flex wp-container-core-columns-is-layout-28f84493 wp-block-columns-is-layout-flex\">\n<div class=\"wp-block-column is-layout-flow wp-block-column-is-layout-flow\" style=\"flex-basis:40%\">\n<figure class=\"wp-block-image size-large is-style-bords-arrondis\"><img loading=\"lazy\" decoding=\"async\" width=\"1024\" height=\"683\" src=\"https:\/\/www.steritech.eu.com\/wp-content\/uploads\/2025\/06\/Goutstave-a-Saverne-214-1024x683.jpg\" alt=\"\" class=\"wp-image-5518\" srcset=\"https:\/\/www.steritech.eu.com\/wp-content\/uploads\/2025\/06\/Goutstave-a-Saverne-214-1024x683.jpg 1024w, https:\/\/www.steritech.eu.com\/wp-content\/uploads\/2025\/06\/Goutstave-a-Saverne-214-300x200.jpg 300w, https:\/\/www.steritech.eu.com\/wp-content\/uploads\/2025\/06\/Goutstave-a-Saverne-214-768x512.jpg 768w, https:\/\/www.steritech.eu.com\/wp-content\/uploads\/2025\/06\/Goutstave-a-Saverne-214-1536x1024.jpg 1536w, https:\/\/www.steritech.eu.com\/wp-content\/uploads\/2025\/06\/Goutstave-a-Saverne-214.jpg 1920w\" sizes=\"auto, (max-width: 1024px) 100vw, 1024px\" \/><\/figure>\n<\/div>\n\n\n\n<div class=\"wp-block-column is-vertically-aligned-center is-layout-flow wp-block-column-is-layout-flow\" style=\"flex-basis:66.66%\">\n<p style=\"padding-right:0;padding-left:0\">We recondition our Go\u00fbt&#8217;stave autoclaves to offer you a cost-effective solution, while guaranteeing reliable, standards-compliant performance. These refurbished autoclaves offer a sustainable alternative without compromising on quality. <\/p>\n\n\n\n<div class=\"wp-block-columns is-layout-flex wp-container-core-columns-is-layout-f0342b05 wp-block-columns-is-layout-flex\" style=\"margin-top:0;margin-bottom:0\">\n<div class=\"wp-block-column is-layout-flow wp-block-column-is-layout-flow\" style=\"flex-basis:10%\">\n<hr class=\"wp-block-separator has-text-color has-steritech-vert-color has-alpha-channel-opacity has-steritech-vert-background-color has-background\"\/>\n<\/div>\n<\/div>\n<\/div>\n<\/div>\n<\/div>\n\n\n\n<div class=\"wp-block-columns is-layout-flex wp-container-core-columns-is-layout-28f84493 wp-block-columns-is-layout-flex\">\n<div class=\"wp-block-column is-layout-flow wp-block-column-is-layout-flow\" style=\"flex-basis:25%\"><\/div>\n\n\n\n<div class=\"wp-block-column is-layout-flow wp-block-column-is-layout-flow\" style=\"flex-basis:50%\">\n<div class=\"wp-block-group is-style-bords-arrondis has-steritech-vert-background-color has-background is-layout-constrained wp-block-group-is-layout-constrained\" style=\"padding-top:var(--wp--preset--spacing--50);padding-bottom:var(--wp--preset--spacing--50)\">\n<h2 class=\"wp-block-heading has-text-align-center is-style-default has-steritech-bleu-fonce-color has-text-color has-link-color has-moyen-font-size wp-elements-385df00cb9c9ea015894d4184112be4f\"><strong>Interested in our second-hand equipment?<\/strong><\/h2>\n\n\n\n<div class=\"wp-block-buttons is-horizontal is-content-justification-center is-layout-flex wp-container-core-buttons-is-layout-e1a8c94f wp-block-buttons-is-layout-flex\" style=\"padding-top:0;padding-bottom:0\">\n<div class=\"wp-block-button is-style-btn-secondary\"><a class=\"wp-block-button__link wp-element-button\" href=\"https:\/\/www.steritech.eu.com\/en\/pilot-rental-second-hand-equipment\/#catalogue-occasion\">take a look at our catalog!<\/a><\/div>\n<\/div>\n<\/div>\n<\/div>\n\n\n\n<div class=\"wp-block-column is-layout-flow wp-block-column-is-layout-flow\" style=\"flex-basis:25%\"><\/div>\n<\/div>\n\n\n\n<div style=\"height:50px\" aria-hidden=\"true\" class=\"wp-block-spacer\"><\/div>\n<\/div>\n","protected":false},"excerpt":{"rendered":"<p>Dans le cadre de notre accompagnement sur-mesure, nous proposons diff\u00e9rents services permettant de tester nos solutions avec du mat\u00e9riel en location. Nous offrons aussi des solutions d\u2019occasion remises \u00e0 niveau par nos soins. Autoclave rental Pour faciliter la mise en place de votre activit\u00e9 de conserverie artisanale, nous proposons le Go\u00fbt\u2019stave \u00e0 la location. Lors [&hellip;]<\/p>\n","protected":false},"author":7,"featured_media":1717,"parent":0,"menu_order":0,"comment_status":"closed","ping_status":"closed","template":"","meta":{"_acf_changed":false,"footnotes":""},"folder":[86],"class_list":["post-7322","page","type-page","status-publish","has-post-thumbnail","hentry"],"acf":[],"yoast_head":"<!-- This site is optimized with the Yoast SEO plugin v27.3 - https:\/\/yoast.com\/product\/yoast-seo-wordpress\/ -->\n<title>Rental of autoclaves for canning factories and second-hand equipment - Steritech<\/title>\n<meta name=\"description\" content=\"Discover our autoclave rental solutions for canning factories and our reliable, ready-to-use Go\u00fbt\u2019stave second-hand equipment.\" \/>\n<meta name=\"robots\" content=\"index, follow, max-snippet:-1, max-image-preview:large, max-video-preview:-1\" \/>\n<link rel=\"canonical\" href=\"https:\/\/www.steritech.eu.com\/en\/rental-or-used-equipment\/\" \/>\n<meta property=\"og:locale\" content=\"en_US\" \/>\n<meta property=\"og:type\" content=\"article\" \/>\n<meta property=\"og:title\" content=\"Rental of autoclaves for canning factories and second-hand equipment - Steritech\" \/>\n<meta property=\"og:description\" content=\"Discover our autoclave rental solutions for canning factories and our reliable, ready-to-use Go\u00fbt\u2019stave second-hand equipment.\" \/>\n<meta property=\"og:url\" content=\"https:\/\/www.steritech.eu.com\/en\/rental-or-used-equipment\/\" \/>\n<meta property=\"og:site_name\" content=\"Steritech\" \/>\n<meta property=\"article:modified_time\" content=\"2025-11-10T13:03:55+00:00\" \/>\n<meta property=\"og:image\" content=\"https:\/\/www.steritech.eu.com\/wp-content\/uploads\/2024\/10\/IMG_20240725_101945-scaled.jpg\" \/>\n\t<meta property=\"og:image:width\" content=\"2560\" \/>\n\t<meta property=\"og:image:height\" content=\"1920\" \/>\n\t<meta property=\"og:image:type\" content=\"image\/jpeg\" \/>\n<meta name=\"twitter:card\" content=\"summary_large_image\" \/>\n<meta name=\"twitter:label1\" content=\"Est. reading time\" \/>\n\t<meta name=\"twitter:data1\" content=\"2 minutes\" \/>\n<script type=\"application\/ld+json\" class=\"yoast-schema-graph\">{\"@context\":\"https:\\\/\\\/schema.org\",\"@graph\":[{\"@type\":\"WebPage\",\"@id\":\"https:\\\/\\\/www.steritech.eu.com\\\/en\\\/rental-or-used-equipment\\\/\",\"url\":\"https:\\\/\\\/www.steritech.eu.com\\\/en\\\/rental-or-used-equipment\\\/\",\"name\":\"Rental of autoclaves for canning factories and second-hand equipment - Steritech\",\"isPartOf\":{\"@id\":\"https:\\\/\\\/www.steritech.eu.com\\\/en\\\/#website\"},\"primaryImageOfPage\":{\"@id\":\"https:\\\/\\\/www.steritech.eu.com\\\/en\\\/rental-or-used-equipment\\\/#primaryimage\"},\"image\":{\"@id\":\"https:\\\/\\\/www.steritech.eu.com\\\/en\\\/rental-or-used-equipment\\\/#primaryimage\"},\"thumbnailUrl\":\"https:\\\/\\\/www.steritech.eu.com\\\/wp-content\\\/uploads\\\/2024\\\/10\\\/IMG_20240725_101945-scaled.jpg\",\"datePublished\":\"2025-06-12T10:09:03+00:00\",\"dateModified\":\"2025-11-10T13:03:55+00:00\",\"description\":\"Discover our autoclave rental solutions for canning factories and our reliable, ready-to-use Go\u00fbt\u2019stave second-hand equipment.\",\"breadcrumb\":{\"@id\":\"https:\\\/\\\/www.steritech.eu.com\\\/en\\\/rental-or-used-equipment\\\/#breadcrumb\"},\"inLanguage\":\"en-US\",\"potentialAction\":[{\"@type\":\"ReadAction\",\"target\":[\"https:\\\/\\\/www.steritech.eu.com\\\/en\\\/rental-or-used-equipment\\\/\"]}]},{\"@type\":\"ImageObject\",\"inLanguage\":\"en-US\",\"@id\":\"https:\\\/\\\/www.steritech.eu.com\\\/en\\\/rental-or-used-equipment\\\/#primaryimage\",\"url\":\"https:\\\/\\\/www.steritech.eu.com\\\/wp-content\\\/uploads\\\/2024\\\/10\\\/IMG_20240725_101945-scaled.jpg\",\"contentUrl\":\"https:\\\/\\\/www.steritech.eu.com\\\/wp-content\\\/uploads\\\/2024\\\/10\\\/IMG_20240725_101945-scaled.jpg\",\"width\":1920,\"height\":1440,\"caption\":\"Petit autoclave production artisanale\"},{\"@type\":\"BreadcrumbList\",\"@id\":\"https:\\\/\\\/www.steritech.eu.com\\\/en\\\/rental-or-used-equipment\\\/#breadcrumb\",\"itemListElement\":[{\"@type\":\"ListItem\",\"position\":1,\"name\":\"Home\",\"item\":\"https:\\\/\\\/www.steritech.eu.com\\\/en\\\/\"},{\"@type\":\"ListItem\",\"position\":2,\"name\":\"Rental or second-hand equipment\"}]},{\"@type\":\"WebSite\",\"@id\":\"https:\\\/\\\/www.steritech.eu.com\\\/en\\\/#website\",\"url\":\"https:\\\/\\\/www.steritech.eu.com\\\/en\\\/\",\"name\":\"Steritech\",\"description\":\"Smart preservation\",\"publisher\":{\"@id\":\"https:\\\/\\\/www.steritech.eu.com\\\/en\\\/#organization\"},\"alternateName\":\"STERITECH\",\"potentialAction\":[{\"@type\":\"SearchAction\",\"target\":{\"@type\":\"EntryPoint\",\"urlTemplate\":\"https:\\\/\\\/www.steritech.eu.com\\\/en\\\/?s={search_term_string}\"},\"query-input\":{\"@type\":\"PropertyValueSpecification\",\"valueRequired\":true,\"valueName\":\"search_term_string\"}}],\"inLanguage\":\"en-US\"},{\"@type\":\"Organization\",\"@id\":\"https:\\\/\\\/www.steritech.eu.com\\\/en\\\/#organization\",\"name\":\"Steritech\",\"url\":\"https:\\\/\\\/www.steritech.eu.com\\\/en\\\/\",\"logo\":{\"@type\":\"ImageObject\",\"inLanguage\":\"en-US\",\"@id\":\"https:\\\/\\\/www.steritech.eu.com\\\/en\\\/#\\\/schema\\\/logo\\\/image\\\/\",\"url\":\"https:\\\/\\\/www.steritech.eu.com\\\/wp-content\\\/uploads\\\/2024\\\/06\\\/Logo-Steritech-texte.svg\",\"contentUrl\":\"https:\\\/\\\/www.steritech.eu.com\\\/wp-content\\\/uploads\\\/2024\\\/06\\\/Logo-Steritech-texte.svg\",\"caption\":\"Steritech\"},\"image\":{\"@id\":\"https:\\\/\\\/www.steritech.eu.com\\\/en\\\/#\\\/schema\\\/logo\\\/image\\\/\"},\"sameAs\":[\"https:\\\/\\\/www.linkedin.com\\\/company\\\/steritechsas\"]}]}<\/script>\n<!-- \/ Yoast SEO plugin. -->","yoast_head_json":{"title":"Rental of autoclaves for canning factories and second-hand equipment - Steritech","description":"Discover our autoclave rental solutions for canning factories and our reliable, ready-to-use Go\u00fbt\u2019stave second-hand equipment.","robots":{"index":"index","follow":"follow","max-snippet":"max-snippet:-1","max-image-preview":"max-image-preview:large","max-video-preview":"max-video-preview:-1"},"canonical":"https:\/\/www.steritech.eu.com\/en\/rental-or-used-equipment\/","og_locale":"en_US","og_type":"article","og_title":"Rental of autoclaves for canning factories and second-hand equipment - Steritech","og_description":"Discover our autoclave rental solutions for canning factories and our reliable, ready-to-use Go\u00fbt\u2019stave second-hand equipment.","og_url":"https:\/\/www.steritech.eu.com\/en\/rental-or-used-equipment\/","og_site_name":"Steritech","article_modified_time":"2025-11-10T13:03:55+00:00","og_image":[{"width":2560,"height":1920,"url":"https:\/\/www.steritech.eu.com\/wp-content\/uploads\/2024\/10\/IMG_20240725_101945-scaled.jpg","type":"image\/jpeg"}],"twitter_card":"summary_large_image","twitter_misc":{"Est. reading time":"2 minutes"},"schema":{"@context":"https:\/\/schema.org","@graph":[{"@type":"WebPage","@id":"https:\/\/www.steritech.eu.com\/en\/rental-or-used-equipment\/","url":"https:\/\/www.steritech.eu.com\/en\/rental-or-used-equipment\/","name":"Rental of autoclaves for canning factories and second-hand equipment - Steritech","isPartOf":{"@id":"https:\/\/www.steritech.eu.com\/en\/#website"},"primaryImageOfPage":{"@id":"https:\/\/www.steritech.eu.com\/en\/rental-or-used-equipment\/#primaryimage"},"image":{"@id":"https:\/\/www.steritech.eu.com\/en\/rental-or-used-equipment\/#primaryimage"},"thumbnailUrl":"https:\/\/www.steritech.eu.com\/wp-content\/uploads\/2024\/10\/IMG_20240725_101945-scaled.jpg","datePublished":"2025-06-12T10:09:03+00:00","dateModified":"2025-11-10T13:03:55+00:00","description":"Discover our autoclave rental solutions for canning factories and our reliable, ready-to-use Go\u00fbt\u2019stave second-hand equipment.","breadcrumb":{"@id":"https:\/\/www.steritech.eu.com\/en\/rental-or-used-equipment\/#breadcrumb"},"inLanguage":"en-US","potentialAction":[{"@type":"ReadAction","target":["https:\/\/www.steritech.eu.com\/en\/rental-or-used-equipment\/"]}]},{"@type":"ImageObject","inLanguage":"en-US","@id":"https:\/\/www.steritech.eu.com\/en\/rental-or-used-equipment\/#primaryimage","url":"https:\/\/www.steritech.eu.com\/wp-content\/uploads\/2024\/10\/IMG_20240725_101945-scaled.jpg","contentUrl":"https:\/\/www.steritech.eu.com\/wp-content\/uploads\/2024\/10\/IMG_20240725_101945-scaled.jpg","width":1920,"height":1440,"caption":"Petit autoclave production artisanale"},{"@type":"BreadcrumbList","@id":"https:\/\/www.steritech.eu.com\/en\/rental-or-used-equipment\/#breadcrumb","itemListElement":[{"@type":"ListItem","position":1,"name":"Home","item":"https:\/\/www.steritech.eu.com\/en\/"},{"@type":"ListItem","position":2,"name":"Rental or second-hand equipment"}]},{"@type":"WebSite","@id":"https:\/\/www.steritech.eu.com\/en\/#website","url":"https:\/\/www.steritech.eu.com\/en\/","name":"Steritech","description":"Smart preservation","publisher":{"@id":"https:\/\/www.steritech.eu.com\/en\/#organization"},"alternateName":"STERITECH","potentialAction":[{"@type":"SearchAction","target":{"@type":"EntryPoint","urlTemplate":"https:\/\/www.steritech.eu.com\/en\/?s={search_term_string}"},"query-input":{"@type":"PropertyValueSpecification","valueRequired":true,"valueName":"search_term_string"}}],"inLanguage":"en-US"},{"@type":"Organization","@id":"https:\/\/www.steritech.eu.com\/en\/#organization","name":"Steritech","url":"https:\/\/www.steritech.eu.com\/en\/","logo":{"@type":"ImageObject","inLanguage":"en-US","@id":"https:\/\/www.steritech.eu.com\/en\/#\/schema\/logo\/image\/","url":"https:\/\/www.steritech.eu.com\/wp-content\/uploads\/2024\/06\/Logo-Steritech-texte.svg","contentUrl":"https:\/\/www.steritech.eu.com\/wp-content\/uploads\/2024\/06\/Logo-Steritech-texte.svg","caption":"Steritech"},"image":{"@id":"https:\/\/www.steritech.eu.com\/en\/#\/schema\/logo\/image\/"},"sameAs":["https:\/\/www.linkedin.com\/company\/steritechsas"]}]}},"_links":{"self":[{"href":"https:\/\/www.steritech.eu.com\/en\/wp-json\/wp\/v2\/pages\/7322","targetHints":{"allow":["GET"]}}],"collection":[{"href":"https:\/\/www.steritech.eu.com\/en\/wp-json\/wp\/v2\/pages"}],"about":[{"href":"https:\/\/www.steritech.eu.com\/en\/wp-json\/wp\/v2\/types\/page"}],"author":[{"embeddable":true,"href":"https:\/\/www.steritech.eu.com\/en\/wp-json\/wp\/v2\/users\/7"}],"replies":[{"embeddable":true,"href":"https:\/\/www.steritech.eu.com\/en\/wp-json\/wp\/v2\/comments?post=7322"}],"version-history":[{"count":5,"href":"https:\/\/www.steritech.eu.com\/en\/wp-json\/wp\/v2\/pages\/7322\/revisions"}],"predecessor-version":[{"id":9314,"href":"https:\/\/www.steritech.eu.com\/en\/wp-json\/wp\/v2\/pages\/7322\/revisions\/9314"}],"wp:featuredmedia":[{"embeddable":true,"href":"https:\/\/www.steritech.eu.com\/en\/wp-json\/wp\/v2\/media\/1717"}],"wp:attachment":[{"href":"https:\/\/www.steritech.eu.com\/en\/wp-json\/wp\/v2\/media?parent=7322"}],"wp:term":[{"taxonomy":"folder","embeddable":true,"href":"https:\/\/www.steritech.eu.com\/en\/wp-json\/wp\/v2\/folder?post=7322"}],"curies":[{"name":"wp","href":"https:\/\/api.w.org\/{rel}","templated":true}]}}