{"id":4989,"date":"2024-09-13T15:50:58","date_gmt":"2024-09-13T13:50:58","guid":{"rendered":"https:\/\/www.steritech.eu.com\/unete-a-nosotros\/"},"modified":"2026-03-13T11:20:07","modified_gmt":"2026-03-13T10:20:07","slug":"unete-a-nosotros","status":"publish","type":"page","link":"https:\/\/www.steritech.eu.com\/es\/unete-a-nosotros\/","title":{"rendered":"\u00danase al equipo de Steritech"},"content":{"rendered":"\n<div class=\"wp-block-group alignfull has-steritech-bleu-fonce-background-color has-background is-layout-constrained wp-block-group-is-layout-constrained\" style=\"margin-bottom:100px;padding-top:80px;padding-bottom:55px\">\n<div class=\"wp-block-group alignwide is-layout-constrained wp-block-group-is-layout-constrained\">\n<h2 class=\"wp-block-heading has-white-color has-text-color has-link-color wp-elements-26ebb3346e09d1881a3b6c875e434f72\">\u00bfTe gustar\u00eda trabajar en una <mark style=\"background-color:rgba(0, 0, 0, 0)\" class=\"has-inline-color has-steritech-vert-color\">PYME din\u00e1mica, familiar y con vocaci\u00f3n internacional<\/mark>?<\/h2>\n\n\n<div class=\"bloc-offresEmploi--conteneur\">\n    <div class=\"bloc-offresEmploi--contenu\">\n                                <p class=\"bloc-offresEmploi--aucunResultat text-center\">\n                Actualmente todos nuestros puestos est\u00e1n cubiertos, pero siempre estamos abiertos a candidaturas espont\u00e1neas: \u00a1nunca se sabe, la pareja perfecta podr\u00eda llegar en cualquier momento!\n            <\/p>\n        \n        <div class=\"bloc-offresEmploi--actions flex flex-col md:flex-row align-items-center justify-center\">\n                        \n                                        <a class=\"bloc-offresEmploi--btnCandidatureSpontanee text-uppercase\" href=\"#candidatureSpontanee\">Solicitud espont\u00e1nea<\/a>\n                    <\/div>\n    <\/div>\n<\/div>\n<\/div>\n<\/div>\n\n<h2 class=\"wp-block-heading has-text-align-center has-steritech-bleu-fonce-color has-text-color has-link-color wp-elements-af59bdbeeb17e0f29d38dbbc8b2566cb\" style=\"margin-bottom:65px\">\u00a1A 3 pasos del gran salto!<\/h2>\n<div class=\"bloc-etapes--conteneur\">\n    <div class=\"bloc-etapes--contenu flex flex-col lg:flex-row\">\n                                <div class=\"bloc-etapes--etape flex align-items-center\">\n                                <p class=\"bloc-etapes--etape_chiffre\">1<\/p>\n\n                <div class=\"bloc-etapes--etape_infos\">\n                                                            <img decoding=\"async\" class=\"bloc-etapes--etape_picto\" src=\"https:\/\/www.steritech.eu.com\/wp-content\/uploads\/2024\/10\/picto-telephone.svg\" alt=\"\">\n\n                                                                <p class=\"bloc-etapes--etape_texte\">Central telef\u00f3nica<\/p>\n                                    <\/div>\n            <\/div>\n                                <div class=\"bloc-etapes--etape flex align-items-center\">\n                                <p class=\"bloc-etapes--etape_chiffre\">2<\/p>\n\n                <div class=\"bloc-etapes--etape_infos\">\n                                                            <img decoding=\"async\" class=\"bloc-etapes--etape_picto\" src=\"https:\/\/www.steritech.eu.com\/wp-content\/uploads\/2024\/10\/picto-manager.svg\" alt=\"\">\n\n                                                                <p class=\"bloc-etapes--etape_texte\">Entrevistas con RH y directivos<\/p>\n                                    <\/div>\n            <\/div>\n                                <div class=\"bloc-etapes--etape flex align-items-center\">\n                                <p class=\"bloc-etapes--etape_chiffre\">3<\/p>\n\n                <div class=\"bloc-etapes--etape_infos\">\n                                                            <img decoding=\"async\" class=\"bloc-etapes--etape_picto\" src=\"https:\/\/www.steritech.eu.com\/wp-content\/uploads\/2024\/10\/picto-test.svg\" alt=\"\">\n\n                                                                <p class=\"bloc-etapes--etape_texte\">Prueba t\u00e9cnica<\/p>\n                                    <\/div>\n            <\/div>\n            <\/div>\n<\/div>\n\n<div class=\"wp-block-group alignfull has-white-background-color has-background is-layout-constrained wp-block-group-is-layout-constrained\" style=\"margin-top:100px;padding-top:50px;padding-bottom:78px;background-position:80% 50%;background-repeat:no-repeat;background-size:contain;\">\n<h2 class=\"wp-block-heading has-steritech-bleu-fonce-color has-text-color has-link-color wp-elements-aa4045f6d51e4725e2346c6ffd2f1da5\">\u00bfPor qu\u00e9 <mark style=\"background-color:rgba(0, 0, 0, 0)\" class=\"has-inline-color has-steritech-vert-color\">unirse <\/mark> a nosotros?<\/h2>\n\n\n<section class=\"bloc-carresolutions--container my-8\" data-align=\"\">\n\t\t\t<a class=\"bloc-carresolutions--link\" href=\"https:\/\/www.steritech.eu.com\/es\/nuestro-equipo\/\">\n                        <div class=\"bloc-carresolutions--item\" style=\"background-image:url('https:\/\/www.steritech.eu.com\/wp-content\/uploads\/2025\/07\/Photo-groupe-5-768x512.jpg');\">\n\n            <h4>Nuestro equipo<\/h4>\n\t\t\t\t<div class=\"bloc-carresolutions--separateur\"><\/div>\n\t\t\t\t<p><\/p>\n\n\t\t\t<\/div>\n\t\t<\/a>\n\t\t\t<a class=\"bloc-carresolutions--link\" href=\"https:\/\/www.steritech.eu.com\/es\/la-vida-en-steritech\/\">\n                        <div class=\"bloc-carresolutions--item\" style=\"background-image:url('https:\/\/www.steritech.eu.com\/wp-content\/uploads\/2025\/04\/IMG_9428-768x512.jpg');\">\n\n            <h4>La vida en Steritech!<\/h4>\n\t\t\t\t<div class=\"bloc-carresolutions--separateur\"><\/div>\n\t\t\t\t<p><\/p>\n\n\t\t\t<\/div>\n\t\t<\/a>\n\t\t\t<a class=\"bloc-carresolutions--link\" href=\"https:\/\/www.steritech.eu.com\/es\/quienes-somos\/\">\n                        <div class=\"bloc-carresolutions--item\" style=\"background-image:url('https:\/\/www.steritech.eu.com\/wp-content\/uploads\/2024\/11\/IMG_0397-768x576.jpg');\">\n\n            <h4>M\u00e1s informaci\u00f3n sobre Steritech<\/h4>\n\t\t\t\t<div class=\"bloc-carresolutions--separateur\"><\/div>\n\t\t\t\t<p><\/p>\n\n\t\t\t<\/div>\n\t\t<\/a>\n\t\t\t<a class=\"bloc-carresolutions--link\" href=\"https:\/\/www.steritech.eu.com\/es\/nuestros-compromisos-rse\/\">\n                        <div class=\"bloc-carresolutions--item\" style=\"background-image:url('https:\/\/www.steritech.eu.com\/wp-content\/uploads\/2025\/04\/Notre-engagement-RSE-une-part-importante-de-notre-ADN-768x432.jpg');\">\n\n            <h4>Nuestros compromisos en materia de RSE<\/h4>\n\t\t\t\t<div class=\"bloc-carresolutions--separateur\"><\/div>\n\t\t\t\t<p><\/p>\n\n\t\t\t<\/div>\n\t\t<\/a>\n\t\n<\/section>\n<\/div>\n","protected":false},"excerpt":{"rendered":"<p>\u00bfTe gustar\u00eda trabajar en una PYME din\u00e1mica, familiar y con vocaci\u00f3n internacional? \u00a1A 3 pasos del gran salto! \u00bfPor qu\u00e9 unirse a nosotros?<\/p>\n","protected":false},"author":1,"featured_media":2865,"parent":0,"menu_order":0,"comment_status":"closed","ping_status":"closed","template":"","meta":{"_acf_changed":false,"footnotes":""},"folder":[121],"class_list":["post-4989","page","type-page","status-publish","has-post-thumbnail","hentry"],"acf":[],"yoast_head":"<!-- This site is optimized with the Yoast SEO plugin v27.3 - https:\/\/yoast.com\/product\/yoast-seo-wordpress\/ -->\n<title>\u00danase al equipo de Steritech - Steritech<\/title>\n<meta name=\"robots\" content=\"index, follow, max-snippet:-1, max-image-preview:large, max-video-preview:-1\" \/>\n<link rel=\"canonical\" href=\"https:\/\/www.steritech.eu.com\/es\/unete-a-nosotros\/\" \/>\n<meta property=\"og:locale\" content=\"es_ES\" \/>\n<meta property=\"og:type\" content=\"article\" \/>\n<meta property=\"og:title\" content=\"\u00danase al equipo de Steritech - Steritech\" \/>\n<meta property=\"og:description\" content=\"\u00bfTe gustar\u00eda trabajar en una PYME din\u00e1mica, familiar y con vocaci\u00f3n internacional? \u00a1A 3 pasos del gran salto! \u00bfPor qu\u00e9 unirse a nosotros?\" \/>\n<meta property=\"og:url\" content=\"https:\/\/www.steritech.eu.com\/es\/unete-a-nosotros\/\" \/>\n<meta property=\"og:site_name\" content=\"Steritech\" \/>\n<meta property=\"article:modified_time\" content=\"2026-03-13T10:20:07+00:00\" \/>\n<meta property=\"og:image\" content=\"https:\/\/www.steritech.eu.com\/wp-content\/uploads\/2024\/11\/S2O_4681-5593x3074-1-scaled.jpg\" \/>\n\t<meta property=\"og:image:width\" content=\"1\" \/>\n\t<meta property=\"og:image:height\" content=\"1\" \/>\n\t<meta property=\"og:image:type\" content=\"image\/jpeg\" \/>\n<meta name=\"twitter:card\" content=\"summary_large_image\" \/>\n<script type=\"application\/ld+json\" class=\"yoast-schema-graph\">{\"@context\":\"https:\\\/\\\/schema.org\",\"@graph\":[{\"@type\":\"WebPage\",\"@id\":\"https:\\\/\\\/www.steritech.eu.com\\\/es\\\/unete-a-nosotros\\\/\",\"url\":\"https:\\\/\\\/www.steritech.eu.com\\\/es\\\/unete-a-nosotros\\\/\",\"name\":\"\u00danase al equipo de Steritech - Steritech\",\"isPartOf\":{\"@id\":\"https:\\\/\\\/www.steritech.eu.com\\\/es\\\/#website\"},\"primaryImageOfPage\":{\"@id\":\"https:\\\/\\\/www.steritech.eu.com\\\/es\\\/unete-a-nosotros\\\/#primaryimage\"},\"image\":{\"@id\":\"https:\\\/\\\/www.steritech.eu.com\\\/es\\\/unete-a-nosotros\\\/#primaryimage\"},\"thumbnailUrl\":\"https:\\\/\\\/www.steritech.eu.com\\\/wp-content\\\/uploads\\\/2024\\\/11\\\/S2O_4681-5593x3074-1-scaled.jpg\",\"datePublished\":\"2024-09-13T13:50:58+00:00\",\"dateModified\":\"2026-03-13T10:20:07+00:00\",\"breadcrumb\":{\"@id\":\"https:\\\/\\\/www.steritech.eu.com\\\/es\\\/unete-a-nosotros\\\/#breadcrumb\"},\"inLanguage\":\"es\",\"potentialAction\":[{\"@type\":\"ReadAction\",\"target\":[\"https:\\\/\\\/www.steritech.eu.com\\\/es\\\/unete-a-nosotros\\\/\"]}]},{\"@type\":\"ImageObject\",\"inLanguage\":\"es\",\"@id\":\"https:\\\/\\\/www.steritech.eu.com\\\/es\\\/unete-a-nosotros\\\/#primaryimage\",\"url\":\"https:\\\/\\\/www.steritech.eu.com\\\/wp-content\\\/uploads\\\/2024\\\/11\\\/S2O_4681-5593x3074-1-scaled.jpg\",\"contentUrl\":\"https:\\\/\\\/www.steritech.eu.com\\\/wp-content\\\/uploads\\\/2024\\\/11\\\/S2O_4681-5593x3074-1-scaled.jpg\"},{\"@type\":\"BreadcrumbList\",\"@id\":\"https:\\\/\\\/www.steritech.eu.com\\\/es\\\/unete-a-nosotros\\\/#breadcrumb\",\"itemListElement\":[{\"@type\":\"ListItem\",\"position\":1,\"name\":\"P\u00e1gina principal\",\"item\":\"https:\\\/\\\/www.steritech.eu.com\\\/es\\\/\"},{\"@type\":\"ListItem\",\"position\":2,\"name\":\"\u00danase al equipo de Steritech\"}]},{\"@type\":\"WebSite\",\"@id\":\"https:\\\/\\\/www.steritech.eu.com\\\/es\\\/#website\",\"url\":\"https:\\\/\\\/www.steritech.eu.com\\\/es\\\/\",\"name\":\"Steritech\",\"description\":\"Smart preservation\",\"publisher\":{\"@id\":\"https:\\\/\\\/www.steritech.eu.com\\\/es\\\/#organization\"},\"alternateName\":\"STERITECH\",\"potentialAction\":[{\"@type\":\"SearchAction\",\"target\":{\"@type\":\"EntryPoint\",\"urlTemplate\":\"https:\\\/\\\/www.steritech.eu.com\\\/es\\\/?s={search_term_string}\"},\"query-input\":{\"@type\":\"PropertyValueSpecification\",\"valueRequired\":true,\"valueName\":\"search_term_string\"}}],\"inLanguage\":\"es\"},{\"@type\":\"Organization\",\"@id\":\"https:\\\/\\\/www.steritech.eu.com\\\/es\\\/#organization\",\"name\":\"Steritech\",\"url\":\"https:\\\/\\\/www.steritech.eu.com\\\/es\\\/\",\"logo\":{\"@type\":\"ImageObject\",\"inLanguage\":\"es\",\"@id\":\"https:\\\/\\\/www.steritech.eu.com\\\/es\\\/#\\\/schema\\\/logo\\\/image\\\/\",\"url\":\"https:\\\/\\\/www.steritech.eu.com\\\/wp-content\\\/uploads\\\/2024\\\/06\\\/Logo-Steritech-texte.svg\",\"contentUrl\":\"https:\\\/\\\/www.steritech.eu.com\\\/wp-content\\\/uploads\\\/2024\\\/06\\\/Logo-Steritech-texte.svg\",\"caption\":\"Steritech\"},\"image\":{\"@id\":\"https:\\\/\\\/www.steritech.eu.com\\\/es\\\/#\\\/schema\\\/logo\\\/image\\\/\"},\"sameAs\":[\"https:\\\/\\\/www.linkedin.com\\\/company\\\/steritechsas\"]}]}<\/script>\n<!-- \/ Yoast SEO plugin. -->","yoast_head_json":{"title":"\u00danase al equipo de Steritech - Steritech","robots":{"index":"index","follow":"follow","max-snippet":"max-snippet:-1","max-image-preview":"max-image-preview:large","max-video-preview":"max-video-preview:-1"},"canonical":"https:\/\/www.steritech.eu.com\/es\/unete-a-nosotros\/","og_locale":"es_ES","og_type":"article","og_title":"\u00danase al equipo de Steritech - Steritech","og_description":"\u00bfTe gustar\u00eda trabajar en una PYME din\u00e1mica, familiar y con vocaci\u00f3n internacional? \u00a1A 3 pasos del gran salto! \u00bfPor qu\u00e9 unirse a nosotros?","og_url":"https:\/\/www.steritech.eu.com\/es\/unete-a-nosotros\/","og_site_name":"Steritech","article_modified_time":"2026-03-13T10:20:07+00:00","og_image":[{"url":"https:\/\/www.steritech.eu.com\/wp-content\/uploads\/2024\/11\/S2O_4681-5593x3074-1-scaled.jpg","width":1,"height":1,"type":"image\/jpeg"}],"twitter_card":"summary_large_image","schema":{"@context":"https:\/\/schema.org","@graph":[{"@type":"WebPage","@id":"https:\/\/www.steritech.eu.com\/es\/unete-a-nosotros\/","url":"https:\/\/www.steritech.eu.com\/es\/unete-a-nosotros\/","name":"\u00danase al equipo de Steritech - Steritech","isPartOf":{"@id":"https:\/\/www.steritech.eu.com\/es\/#website"},"primaryImageOfPage":{"@id":"https:\/\/www.steritech.eu.com\/es\/unete-a-nosotros\/#primaryimage"},"image":{"@id":"https:\/\/www.steritech.eu.com\/es\/unete-a-nosotros\/#primaryimage"},"thumbnailUrl":"https:\/\/www.steritech.eu.com\/wp-content\/uploads\/2024\/11\/S2O_4681-5593x3074-1-scaled.jpg","datePublished":"2024-09-13T13:50:58+00:00","dateModified":"2026-03-13T10:20:07+00:00","breadcrumb":{"@id":"https:\/\/www.steritech.eu.com\/es\/unete-a-nosotros\/#breadcrumb"},"inLanguage":"es","potentialAction":[{"@type":"ReadAction","target":["https:\/\/www.steritech.eu.com\/es\/unete-a-nosotros\/"]}]},{"@type":"ImageObject","inLanguage":"es","@id":"https:\/\/www.steritech.eu.com\/es\/unete-a-nosotros\/#primaryimage","url":"https:\/\/www.steritech.eu.com\/wp-content\/uploads\/2024\/11\/S2O_4681-5593x3074-1-scaled.jpg","contentUrl":"https:\/\/www.steritech.eu.com\/wp-content\/uploads\/2024\/11\/S2O_4681-5593x3074-1-scaled.jpg"},{"@type":"BreadcrumbList","@id":"https:\/\/www.steritech.eu.com\/es\/unete-a-nosotros\/#breadcrumb","itemListElement":[{"@type":"ListItem","position":1,"name":"P\u00e1gina principal","item":"https:\/\/www.steritech.eu.com\/es\/"},{"@type":"ListItem","position":2,"name":"\u00danase al equipo de Steritech"}]},{"@type":"WebSite","@id":"https:\/\/www.steritech.eu.com\/es\/#website","url":"https:\/\/www.steritech.eu.com\/es\/","name":"Steritech","description":"Smart preservation","publisher":{"@id":"https:\/\/www.steritech.eu.com\/es\/#organization"},"alternateName":"STERITECH","potentialAction":[{"@type":"SearchAction","target":{"@type":"EntryPoint","urlTemplate":"https:\/\/www.steritech.eu.com\/es\/?s={search_term_string}"},"query-input":{"@type":"PropertyValueSpecification","valueRequired":true,"valueName":"search_term_string"}}],"inLanguage":"es"},{"@type":"Organization","@id":"https:\/\/www.steritech.eu.com\/es\/#organization","name":"Steritech","url":"https:\/\/www.steritech.eu.com\/es\/","logo":{"@type":"ImageObject","inLanguage":"es","@id":"https:\/\/www.steritech.eu.com\/es\/#\/schema\/logo\/image\/","url":"https:\/\/www.steritech.eu.com\/wp-content\/uploads\/2024\/06\/Logo-Steritech-texte.svg","contentUrl":"https:\/\/www.steritech.eu.com\/wp-content\/uploads\/2024\/06\/Logo-Steritech-texte.svg","caption":"Steritech"},"image":{"@id":"https:\/\/www.steritech.eu.com\/es\/#\/schema\/logo\/image\/"},"sameAs":["https:\/\/www.linkedin.com\/company\/steritechsas"]}]}},"_links":{"self":[{"href":"https:\/\/www.steritech.eu.com\/es\/wp-json\/wp\/v2\/pages\/4989","targetHints":{"allow":["GET"]}}],"collection":[{"href":"https:\/\/www.steritech.eu.com\/es\/wp-json\/wp\/v2\/pages"}],"about":[{"href":"https:\/\/www.steritech.eu.com\/es\/wp-json\/wp\/v2\/types\/page"}],"author":[{"embeddable":true,"href":"https:\/\/www.steritech.eu.com\/es\/wp-json\/wp\/v2\/users\/1"}],"replies":[{"embeddable":true,"href":"https:\/\/www.steritech.eu.com\/es\/wp-json\/wp\/v2\/comments?post=4989"}],"version-history":[{"count":3,"href":"https:\/\/www.steritech.eu.com\/es\/wp-json\/wp\/v2\/pages\/4989\/revisions"}],"predecessor-version":[{"id":11161,"href":"https:\/\/www.steritech.eu.com\/es\/wp-json\/wp\/v2\/pages\/4989\/revisions\/11161"}],"wp:featuredmedia":[{"embeddable":true,"href":"https:\/\/www.steritech.eu.com\/es\/wp-json\/wp\/v2\/media\/2865"}],"wp:attachment":[{"href":"https:\/\/www.steritech.eu.com\/es\/wp-json\/wp\/v2\/media?parent=4989"}],"wp:term":[{"taxonomy":"folder","embeddable":true,"href":"https:\/\/www.steritech.eu.com\/es\/wp-json\/wp\/v2\/folder?post=4989"}],"curies":[{"name":"wp","href":"https:\/\/api.w.org\/{rel}","templated":true}]}}