{"id":7848,"date":"2024-09-11T16:37:20","date_gmt":"2024-09-11T14:37:20","guid":{"rendered":"https:\/\/www.steritech.eu.com\/mapa-del-sitio\/"},"modified":"2025-07-16T08:32:09","modified_gmt":"2025-07-16T06:32:09","slug":"mapa-del-sitio","status":"publish","type":"page","link":"https:\/\/www.steritech.eu.com\/es\/mapa-del-sitio\/","title":{"rendered":"Mapa del sitio"},"content":{"rendered":"<div class=\"bloc-plandusite \">\n        <div class=\"plandusite\">\n                    <h2>Menu principal ES<\/h2>\n            <div class=\"menu-menu-principal-es-container\"><ul id=\"menu-menu-principal-es\" class=\"menu\"><li id=\"menu-item-9124\" class=\"menu-item menu-item-type-custom menu-item-object-custom menu-item-has-children menu-item-9124\"><a href=\"#\">Sus necesidades<\/a>\n<ul class=\"sub-menu\">\n\t<li id=\"menu-item-9195\" class=\"menu-item menu-item-type-post_type menu-item-object-page menu-item-9195\"><a href=\"https:\/\/www.steritech.eu.com\/es\/encuentre-la-solucion-adecuada\/\">Encuentre la soluci\u00f3n que mejor se adapte a sus necesidades<\/a><\/li>\n\t<li id=\"menu-item-9196\" class=\"menu-item menu-item-type-post_type menu-item-object-page menu-item-9196\"><a href=\"https:\/\/www.steritech.eu.com\/es\/sus-productos-y-embalajes\/\">Sus productos y embalajes<\/a><\/li>\n<\/ul>\n<\/li>\n<li id=\"menu-item-9125\" class=\"menu-item menu-item-type-custom menu-item-object-custom menu-item-has-children menu-item-9125\"><a href=\"#\">Nuestras soluciones<\/a>\n<ul class=\"sub-menu\">\n\t<li id=\"menu-item-8266\" class=\"menu-item menu-item-type-post_type menu-item-object-page menu-item-8266\"><a href=\"https:\/\/www.steritech.eu.com\/es\/autoclaves-industriales\/\">Autoclaves industriales<\/a><\/li>\n\t<li id=\"menu-item-8267\" class=\"menu-item menu-item-type-post_type menu-item-object-page menu-item-8267\"><a href=\"https:\/\/www.steritech.eu.com\/es\/soluciones-tratamiento-termico-flujo-continuo\/\">Soluciones continuas y modulares<\/a><\/li>\n\t<li id=\"menu-item-8271\" class=\"menu-item menu-item-type-post_type menu-item-object-page menu-item-8271\"><a href=\"https:\/\/www.steritech.eu.com\/es\/equipamiento-adicional-y-caracteristicas-opcionales\/\">Equipamiento adicional y caracter\u00edsticas opcionales<\/a><\/li>\n\t<li id=\"menu-item-8269\" class=\"menu-item menu-item-type-post_type menu-item-object-page menu-item-8269\"><a href=\"https:\/\/www.steritech.eu.com\/es\/watterlow-para-recuperar-energia\/\">WatterloW, \u00a1para recuperar energ\u00eda!<\/a><\/li>\n\t<li id=\"menu-item-8275\" class=\"menu-item menu-item-type-post_type menu-item-object-page menu-item-8275\"><a href=\"https:\/\/www.steritech.eu.com\/es\/retrofit\/\">Retrofit de sus autoclaves<\/a><\/li>\n<\/ul>\n<\/li>\n<li id=\"menu-item-9126\" class=\"menu-item menu-item-type-custom menu-item-object-custom menu-item-has-children menu-item-9126\"><a href=\"#\">Nuestros servicios<\/a>\n<ul class=\"sub-menu\">\n\t<li id=\"menu-item-8270\" class=\"menu-item menu-item-type-post_type menu-item-object-page menu-item-8270\"><a href=\"https:\/\/www.steritech.eu.com\/es\/asistencia-personalizada-en-su-proyecto\/\">Asistencia personalizada en su proyecto<\/a><\/li>\n\t<li id=\"menu-item-8274\" class=\"menu-item menu-item-type-post_type menu-item-object-page menu-item-8274\"><a href=\"https:\/\/www.steritech.eu.com\/es\/pruebas-y-ensayos-en-nuestro-laboratorio\/\">Pruebas y ensayos en nuestro laboratorio<\/a><\/li>\n\t<li id=\"menu-item-8272\" class=\"menu-item menu-item-type-post_type menu-item-object-page menu-item-8272\"><a href=\"https:\/\/www.steritech.eu.com\/es\/equipos-piloto-alquiler-de-segunda-mano\/\">Equipos piloto \u2013 Alquiler de autoclaves \u2013 Autoclaves de segunda mano<\/a><\/li>\n\t<li id=\"menu-item-8273\" class=\"menu-item menu-item-type-post_type menu-item-object-page menu-item-8273\"><a href=\"https:\/\/www.steritech.eu.com\/es\/mantenimiento-y-servicio-postventa\/\">Mantenimiento y servicio postventa<\/a><\/li>\n\t<li id=\"menu-item-8276\" class=\"menu-item menu-item-type-post_type menu-item-object-page menu-item-8276\"><a href=\"https:\/\/www.steritech.eu.com\/es\/sistema-de-pilotaje-trilogy-industria-4-0\/\">Sistema de pilotaje Trilogy \u2013 Industria 4.0<\/a><\/li>\n\t<li id=\"menu-item-9029\" class=\"menu-item menu-item-type-post_type menu-item-object-page menu-item-9029\"><a href=\"https:\/\/www.steritech.eu.com\/es\/retrofit\/\">Retrofit de sus autoclaves<\/a><\/li>\n<\/ul>\n<\/li>\n<li id=\"menu-item-9127\" class=\"menu-item menu-item-type-custom menu-item-object-custom menu-item-has-children menu-item-9127\"><a href=\"#\">Descubrir Steritech<\/a>\n<ul class=\"sub-menu\">\n\t<li id=\"menu-item-4133\" class=\"menu-item menu-item-type-post_type menu-item-object-page menu-item-4133\"><a href=\"https:\/\/www.steritech.eu.com\/es\/quienes-somos\/\">\u00bfQui\u00e9nes somos?<\/a><\/li>\n\t<li id=\"menu-item-9199\" class=\"menu-item menu-item-type-post_type menu-item-object-page menu-item-9199\"><a href=\"https:\/\/www.steritech.eu.com\/es\/nuestro-equipo\/\">Nuestro equipo<\/a><\/li>\n\t<li id=\"menu-item-9197\" class=\"menu-item menu-item-type-post_type menu-item-object-page menu-item-9197\"><a href=\"https:\/\/www.steritech.eu.com\/es\/nuestros-compromisos-rse\/\">Nuestros compromisos RSE<\/a><\/li>\n\t<li id=\"menu-item-9198\" class=\"menu-item menu-item-type-post_type menu-item-object-page menu-item-9198\"><a href=\"https:\/\/www.steritech.eu.com\/es\/la-vida-en-steritech\/\">La vida en Steritech<\/a><\/li>\n<\/ul>\n<\/li>\n<li id=\"menu-item-9200\" class=\"menu-item menu-item-type-post_type menu-item-object-page current_page_parent menu-item-9200\"><a href=\"https:\/\/www.steritech.eu.com\/es\/noticias-de-steritech\/\">Noticias de Steritech<\/a><\/li>\n<li id=\"menu-item-8885\" class=\"menu-item menu-item-type-post_type menu-item-object-page menu-item-8885\"><a href=\"https:\/\/www.steritech.eu.com\/es\/unete-a-nosotros\/\">\u00danase a nosotros<\/a><\/li>\n<li id=\"menu-item-4981\" class=\"menu-item menu-item-type-post_type menu-item-object-page menu-item-4981\"><a href=\"https:\/\/www.steritech.eu.com\/es\/contacta-con-nosotros\/\">Cont\u00e1ctenos<\/a><\/li>\n<\/ul><\/div>\n                    <h2>Pie de p\u00e1gina<\/h2>\n            <div class=\"menu-pie-de-pagina-container\"><ul id=\"menu-pie-de-pagina\" class=\"menu\"><li id=\"menu-item-7824\" class=\"menu-item menu-item-type-custom menu-item-object-custom menu-item-7824\"><a href=\"https:\/\/www.steritech.eu.com\/es\/#solutions\">Nuestras soluciones<\/a><\/li>\n<li id=\"menu-item-7825\" class=\"menu-item menu-item-type-custom menu-item-object-custom menu-item-7825\"><a href=\"https:\/\/www.steritech.eu.com\/es\/#services\">Nuestros servicios<\/a><\/li>\n<li id=\"menu-item-7826\" class=\"menu-item menu-item-type-custom menu-item-object-custom menu-item-7826\"><a href=\"https:\/\/www.steritech.eu.com\/es\/quienes-somos\/\">La empresa<\/a><\/li>\n<li id=\"menu-item-9716\" class=\"menu-item menu-item-type-post_type menu-item-object-page menu-item-9716\"><a href=\"https:\/\/www.steritech.eu.com\/es\/unete-a-nosotros\/\">\u00danase a nosotros<\/a><\/li>\n<li id=\"menu-item-9717\" class=\"menu-item menu-item-type-post_type menu-item-object-page menu-item-9717\"><a href=\"https:\/\/www.steritech.eu.com\/es\/contacta-con-nosotros\/\">Cont\u00e1ctenos<\/a><\/li>\n<\/ul><\/div>\n                    <h2>Menu Principal B ES<\/h2>\n            <div class=\"menu-menu-principal-b-es-container\"><ul id=\"menu-menu-principal-b-es\" class=\"menu\"><li id=\"menu-item-8281\" class=\"menu-item menu-item-type-custom menu-item-object-custom menu-item-has-children menu-item-8281\"><a href=\"#\">Sus necesidades<\/a>\n<ul class=\"sub-menu\">\n\t<li id=\"menu-item-9153\" class=\"menu-item menu-item-type-post_type menu-item-object-page menu-item-9153\"><a href=\"https:\/\/www.steritech.eu.com\/es\/encuentre-la-solucion-adecuada\/\">Encuentre la soluci\u00f3n que mejor se adapte a sus necesidades<\/a><\/li>\n\t<li id=\"menu-item-9154\" class=\"menu-item menu-item-type-post_type menu-item-object-page menu-item-9154\"><a href=\"https:\/\/www.steritech.eu.com\/es\/sus-productos-y-embalajes\/\">Sus productos y embalajes<\/a><\/li>\n<\/ul>\n<\/li>\n<li id=\"menu-item-10896\" class=\"menu-item menu-item-type-custom menu-item-object-custom menu-item-has-children menu-item-10896\"><a href=\"#\">Go\u00fbt&#8217;stave : peque\u00f1a autoclave el\u00e9ctrica<\/a>\n<ul class=\"sub-menu\">\n\t<li id=\"menu-item-10900\" class=\"menu-item menu-item-type-post_type menu-item-object-page menu-item-10900\"><a href=\"https:\/\/www.steritech.eu.com\/es\/autoclave-electrico-pequeno-goutstave\/\">La gama Go\u00fbt\u2019stave<\/a><\/li>\n\t<li id=\"menu-item-10899\" class=\"menu-item menu-item-type-post_type menu-item-object-page menu-item-10899\"><a href=\"https:\/\/www.steritech.eu.com\/es\/la-historia-de-goutstave\/\">La historia de Go\u00fbt\u2019stave<\/a><\/li>\n<\/ul>\n<\/li>\n<li id=\"menu-item-8286\" class=\"menu-item menu-item-type-post_type menu-item-object-page menu-item-8286\"><a href=\"https:\/\/www.steritech.eu.com\/es\/material-de-alquiler-o-de-segunda-mano\/\">Material de alquiler o de segunda mano<\/a><\/li>\n<li id=\"menu-item-8287\" class=\"menu-item menu-item-type-post_type menu-item-object-page menu-item-8287\"><a href=\"https:\/\/www.steritech.eu.com\/es\/apoyo-a-su-proyecto\/\">Apoyo a su proyecto de conserver\u00eda<\/a><\/li>\n<li id=\"menu-item-8282\" class=\"menu-item menu-item-type-custom menu-item-object-custom menu-item-has-children menu-item-8282\"><a href=\"#\">Descubra Steritech<\/a>\n<ul class=\"sub-menu\">\n\t<li id=\"menu-item-8288\" class=\"menu-item menu-item-type-post_type menu-item-object-page menu-item-8288\"><a href=\"https:\/\/www.steritech.eu.com\/es\/quienes-somos\/\">\u00bfQui\u00e9nes somos?<\/a><\/li>\n\t<li id=\"menu-item-9156\" class=\"menu-item menu-item-type-post_type menu-item-object-page menu-item-9156\"><a href=\"https:\/\/www.steritech.eu.com\/es\/nuestro-equipo\/\">Nuestro equipo<\/a><\/li>\n\t<li id=\"menu-item-9157\" class=\"menu-item menu-item-type-post_type menu-item-object-page menu-item-9157\"><a href=\"https:\/\/www.steritech.eu.com\/es\/nuestros-compromisos-rse\/\">Nuestros compromisos RSE<\/a><\/li>\n\t<li id=\"menu-item-9158\" class=\"menu-item menu-item-type-post_type menu-item-object-page menu-item-9158\"><a href=\"https:\/\/www.steritech.eu.com\/es\/la-vida-en-steritech\/\">La vida en Steritech<\/a><\/li>\n<\/ul>\n<\/li>\n<li id=\"menu-item-9159\" class=\"menu-item menu-item-type-post_type menu-item-object-page current_page_parent menu-item-9159\"><a href=\"https:\/\/www.steritech.eu.com\/es\/noticias-de-steritech\/\">Noticias de Steritech<\/a><\/li>\n<li id=\"menu-item-8294\" class=\"menu-item menu-item-type-post_type menu-item-object-page menu-item-8294\"><a href=\"https:\/\/www.steritech.eu.com\/es\/unete-a-nosotros\/\">\u00danase a nosotros<\/a><\/li>\n<li id=\"menu-item-8293\" class=\"menu-item menu-item-type-post_type menu-item-object-page menu-item-8293\"><a href=\"https:\/\/www.steritech.eu.com\/es\/contacta-con-nosotros\/\">Cont\u00e1ctenos<\/a><\/li>\n<\/ul><\/div>\n                    <h2>Men\u00fa secundario del pie de p\u00e1gina<\/h2>\n            <div class=\"menu-menu-secundario-del-pie-de-pagina-container\"><ul id=\"menu-menu-secundario-del-pie-de-pagina\" class=\"menu\"><li id=\"menu-item-8111\" class=\"menu-item menu-item-type-post_type menu-item-object-page menu-item-8111\"><a href=\"https:\/\/www.steritech.eu.com\/es\/informacion-juridica-y-politica-de-privacidad\/\">Informaci\u00f3n jur\u00eddica y pol\u00edtica de privacidad<\/a><\/li>\n<li id=\"menu-item-8670\" class=\"menu-item menu-item-type-post_type menu-item-object-page menu-item-8670\"><a href=\"https:\/\/www.steritech.eu.com\/es\/gestion-de-cookies\/\">Gesti\u00f3n de cookies<\/a><\/li>\n<li id=\"menu-item-8671\" class=\"menu-item menu-item-type-post_type menu-item-object-page menu-item-8671\"><a href=\"https:\/\/www.steritech.eu.com\/es\/mapa-del-sitio\/\">Mapa del sitio<\/a><\/li>\n<\/ul><\/div>\n        \n                \n                    <\/div>\n<\/div>\n","protected":false},"excerpt":{"rendered":"","protected":false},"author":1,"featured_media":0,"parent":0,"menu_order":0,"comment_status":"closed","ping_status":"closed","template":"","meta":{"_acf_changed":false,"footnotes":""},"folder":[121],"class_list":["post-7848","page","type-page","status-publish","hentry"],"acf":[],"yoast_head":"<!-- This site is optimized with the Yoast SEO plugin v27.3 - https:\/\/yoast.com\/product\/yoast-seo-wordpress\/ -->\n<title>Mapa del sitio - Steritech<\/title>\n<meta name=\"robots\" content=\"index, follow, max-snippet:-1, max-image-preview:large, max-video-preview:-1\" \/>\n<link rel=\"canonical\" href=\"https:\/\/www.steritech.eu.com\/es\/mapa-del-sitio\/\" \/>\n<meta property=\"og:locale\" content=\"es_ES\" \/>\n<meta property=\"og:type\" content=\"article\" \/>\n<meta property=\"og:title\" content=\"Mapa del sitio - Steritech\" \/>\n<meta property=\"og:url\" content=\"https:\/\/www.steritech.eu.com\/es\/mapa-del-sitio\/\" \/>\n<meta property=\"og:site_name\" content=\"Steritech\" \/>\n<meta property=\"article:modified_time\" content=\"2025-07-16T06:32:09+00:00\" \/>\n<meta name=\"twitter:card\" content=\"summary_large_image\" \/>\n<script type=\"application\/ld+json\" class=\"yoast-schema-graph\">{\"@context\":\"https:\\\/\\\/schema.org\",\"@graph\":[{\"@type\":\"WebPage\",\"@id\":\"https:\\\/\\\/www.steritech.eu.com\\\/es\\\/mapa-del-sitio\\\/\",\"url\":\"https:\\\/\\\/www.steritech.eu.com\\\/es\\\/mapa-del-sitio\\\/\",\"name\":\"Mapa del sitio - Steritech\",\"isPartOf\":{\"@id\":\"https:\\\/\\\/www.steritech.eu.com\\\/es\\\/#website\"},\"datePublished\":\"2024-09-11T14:37:20+00:00\",\"dateModified\":\"2025-07-16T06:32:09+00:00\",\"breadcrumb\":{\"@id\":\"https:\\\/\\\/www.steritech.eu.com\\\/es\\\/mapa-del-sitio\\\/#breadcrumb\"},\"inLanguage\":\"es\",\"potentialAction\":[{\"@type\":\"ReadAction\",\"target\":[\"https:\\\/\\\/www.steritech.eu.com\\\/es\\\/mapa-del-sitio\\\/\"]}]},{\"@type\":\"BreadcrumbList\",\"@id\":\"https:\\\/\\\/www.steritech.eu.com\\\/es\\\/mapa-del-sitio\\\/#breadcrumb\",\"itemListElement\":[{\"@type\":\"ListItem\",\"position\":1,\"name\":\"P\u00e1gina principal\",\"item\":\"https:\\\/\\\/www.steritech.eu.com\\\/es\\\/\"},{\"@type\":\"ListItem\",\"position\":2,\"name\":\"Mapa del sitio\"}]},{\"@type\":\"WebSite\",\"@id\":\"https:\\\/\\\/www.steritech.eu.com\\\/es\\\/#website\",\"url\":\"https:\\\/\\\/www.steritech.eu.com\\\/es\\\/\",\"name\":\"Steritech\",\"description\":\"Smart preservation\",\"publisher\":{\"@id\":\"https:\\\/\\\/www.steritech.eu.com\\\/es\\\/#organization\"},\"alternateName\":\"STERITECH\",\"potentialAction\":[{\"@type\":\"SearchAction\",\"target\":{\"@type\":\"EntryPoint\",\"urlTemplate\":\"https:\\\/\\\/www.steritech.eu.com\\\/es\\\/?s={search_term_string}\"},\"query-input\":{\"@type\":\"PropertyValueSpecification\",\"valueRequired\":true,\"valueName\":\"search_term_string\"}}],\"inLanguage\":\"es\"},{\"@type\":\"Organization\",\"@id\":\"https:\\\/\\\/www.steritech.eu.com\\\/es\\\/#organization\",\"name\":\"Steritech\",\"url\":\"https:\\\/\\\/www.steritech.eu.com\\\/es\\\/\",\"logo\":{\"@type\":\"ImageObject\",\"inLanguage\":\"es\",\"@id\":\"https:\\\/\\\/www.steritech.eu.com\\\/es\\\/#\\\/schema\\\/logo\\\/image\\\/\",\"url\":\"https:\\\/\\\/www.steritech.eu.com\\\/wp-content\\\/uploads\\\/2024\\\/06\\\/Logo-Steritech-texte.svg\",\"contentUrl\":\"https:\\\/\\\/www.steritech.eu.com\\\/wp-content\\\/uploads\\\/2024\\\/06\\\/Logo-Steritech-texte.svg\",\"caption\":\"Steritech\"},\"image\":{\"@id\":\"https:\\\/\\\/www.steritech.eu.com\\\/es\\\/#\\\/schema\\\/logo\\\/image\\\/\"},\"sameAs\":[\"https:\\\/\\\/www.linkedin.com\\\/company\\\/steritechsas\"]}]}<\/script>\n<!-- \/ Yoast SEO plugin. -->","yoast_head_json":{"title":"Mapa del sitio - Steritech","robots":{"index":"index","follow":"follow","max-snippet":"max-snippet:-1","max-image-preview":"max-image-preview:large","max-video-preview":"max-video-preview:-1"},"canonical":"https:\/\/www.steritech.eu.com\/es\/mapa-del-sitio\/","og_locale":"es_ES","og_type":"article","og_title":"Mapa del sitio - Steritech","og_url":"https:\/\/www.steritech.eu.com\/es\/mapa-del-sitio\/","og_site_name":"Steritech","article_modified_time":"2025-07-16T06:32:09+00:00","twitter_card":"summary_large_image","schema":{"@context":"https:\/\/schema.org","@graph":[{"@type":"WebPage","@id":"https:\/\/www.steritech.eu.com\/es\/mapa-del-sitio\/","url":"https:\/\/www.steritech.eu.com\/es\/mapa-del-sitio\/","name":"Mapa del sitio - Steritech","isPartOf":{"@id":"https:\/\/www.steritech.eu.com\/es\/#website"},"datePublished":"2024-09-11T14:37:20+00:00","dateModified":"2025-07-16T06:32:09+00:00","breadcrumb":{"@id":"https:\/\/www.steritech.eu.com\/es\/mapa-del-sitio\/#breadcrumb"},"inLanguage":"es","potentialAction":[{"@type":"ReadAction","target":["https:\/\/www.steritech.eu.com\/es\/mapa-del-sitio\/"]}]},{"@type":"BreadcrumbList","@id":"https:\/\/www.steritech.eu.com\/es\/mapa-del-sitio\/#breadcrumb","itemListElement":[{"@type":"ListItem","position":1,"name":"P\u00e1gina principal","item":"https:\/\/www.steritech.eu.com\/es\/"},{"@type":"ListItem","position":2,"name":"Mapa del sitio"}]},{"@type":"WebSite","@id":"https:\/\/www.steritech.eu.com\/es\/#website","url":"https:\/\/www.steritech.eu.com\/es\/","name":"Steritech","description":"Smart preservation","publisher":{"@id":"https:\/\/www.steritech.eu.com\/es\/#organization"},"alternateName":"STERITECH","potentialAction":[{"@type":"SearchAction","target":{"@type":"EntryPoint","urlTemplate":"https:\/\/www.steritech.eu.com\/es\/?s={search_term_string}"},"query-input":{"@type":"PropertyValueSpecification","valueRequired":true,"valueName":"search_term_string"}}],"inLanguage":"es"},{"@type":"Organization","@id":"https:\/\/www.steritech.eu.com\/es\/#organization","name":"Steritech","url":"https:\/\/www.steritech.eu.com\/es\/","logo":{"@type":"ImageObject","inLanguage":"es","@id":"https:\/\/www.steritech.eu.com\/es\/#\/schema\/logo\/image\/","url":"https:\/\/www.steritech.eu.com\/wp-content\/uploads\/2024\/06\/Logo-Steritech-texte.svg","contentUrl":"https:\/\/www.steritech.eu.com\/wp-content\/uploads\/2024\/06\/Logo-Steritech-texte.svg","caption":"Steritech"},"image":{"@id":"https:\/\/www.steritech.eu.com\/es\/#\/schema\/logo\/image\/"},"sameAs":["https:\/\/www.linkedin.com\/company\/steritechsas"]}]}},"_links":{"self":[{"href":"https:\/\/www.steritech.eu.com\/es\/wp-json\/wp\/v2\/pages\/7848","targetHints":{"allow":["GET"]}}],"collection":[{"href":"https:\/\/www.steritech.eu.com\/es\/wp-json\/wp\/v2\/pages"}],"about":[{"href":"https:\/\/www.steritech.eu.com\/es\/wp-json\/wp\/v2\/types\/page"}],"author":[{"embeddable":true,"href":"https:\/\/www.steritech.eu.com\/es\/wp-json\/wp\/v2\/users\/1"}],"replies":[{"embeddable":true,"href":"https:\/\/www.steritech.eu.com\/es\/wp-json\/wp\/v2\/comments?post=7848"}],"version-history":[{"count":0,"href":"https:\/\/www.steritech.eu.com\/es\/wp-json\/wp\/v2\/pages\/7848\/revisions"}],"wp:attachment":[{"href":"https:\/\/www.steritech.eu.com\/es\/wp-json\/wp\/v2\/media?parent=7848"}],"wp:term":[{"taxonomy":"folder","embeddable":true,"href":"https:\/\/www.steritech.eu.com\/es\/wp-json\/wp\/v2\/folder?post=7848"}],"curies":[{"name":"wp","href":"https:\/\/api.w.org\/{rel}","templated":true}]}}