{"id":8110,"date":"2024-08-08T12:12:58","date_gmt":"2024-08-08T10:12:58","guid":{"rendered":"https:\/\/www.steritech.eu.com\/informacion-juridica-y-politica-de-privacidad\/"},"modified":"2025-08-22T10:48:05","modified_gmt":"2025-08-22T08:48:05","slug":"informacion-juridica-y-politica-de-privacidad","status":"publish","type":"page","link":"https:\/\/www.steritech.eu.com\/es\/informacion-juridica-y-politica-de-privacidad\/","title":{"rendered":"Informaci\u00f3n jur\u00eddica y pol\u00edtica de privacidad"},"content":{"rendered":"\n<p><\/p>\n\n<div class=\"wp-block-group is-layout-constrained wp-block-group-is-layout-constrained\">\n<div class=\"wp-block-group is-layout-constrained wp-block-group-is-layout-constrained\">\n<p>De conformidad con las obligaciones de los art\u00edculos 6-III y 19 de la Ley n\u00ba 2004-575 de 21 de junio de 2004 sobre la confianza en la econom\u00eda digital, conocida como L.C.E.N., los datos personales recogidos en el sitio <a href=\"https:\/\/www.steritech.eu.com\/es\/\">https:\/\/www.steritech.eu.com\/ <\/a>no son objeto de un tratamiento automatizado. Se trata de la recuperaci\u00f3n de datos a trav\u00e9s de un formulario de contacto. <br\/><br\/>Se informa a los visitantes del sitio web:<a href=\"https:\/\/www.steritech.eu.com\/es\/\"> <\/a><a href=\"https:\/\/www.steritech.eu.com\/es\/\">https:\/\/www.steritech.eu.com\/<\/a> de la siguiente informaci\u00f3n:<\/p>\n<\/div>\n<\/div>\n\n<h2 class=\"wp-block-heading is-style-h2-souligne has-steritech-bleu-fonce-color has-text-color has-link-color wp-elements-f43382f47908d6b323f542805b6e5402\">1. Informaci\u00f3n jur\u00eddica<\/h2>\n\n<div class=\"wp-block-group is-layout-constrained wp-block-group-is-layout-constrained\">\n<p>El sitio <a href=\"https:\/\/www.steritech.eu.com\/es\/\" target=\"_blank\" rel=\"noreferrer noopener\"><\/a><a href=\"https:\/\/www.steritech.eu.com\/es\/\">https:\/\/www.steritech.eu.com\/<\/a> es propiedad absoluta de <strong>SAS <\/strong><strong>STERITECH<\/strong>.<br\/><br\/><strong>SAS<\/strong> <strong>STERITECH<\/strong> \u2013 N\u00b0 TEL : <strong>03.88.71.04.33<\/strong><br\/><br\/><strong>1, Rue du FURCHHAUSEN<\/strong> <strong>67700 SAVERNE<\/strong><br\/><br\/>Inscrita en el Registre du Commerce et des Soci\u00e9t\u00e9s (RCS) con el n\u00famero 34325167400036<br\/>N\u00famero de IVA intracomunitario: <strong>FR27343251674<\/strong><br\/>Direcci\u00f3n de correo electr\u00f3nico: <a href=\"mailto:info@steritech.eu.com?subject=Contact%20a%20partir%20des%20mentions%20l%C3%A9gales%20via%20le%20site%20www.steritech.eu.com\">info@steritech.eu.com<\/a><\/p>\n<\/div>\n\n<h2 class=\"wp-block-heading is-style-h2-souligne has-steritech-bleu-fonce-color has-text-color has-link-color wp-elements-ae05c0e42d266f0c3be81a6d64cefdfc\">2. <strong>Declaraci\u00f3n <\/strong>de <strong>datos personales \/ RGPD<\/strong><\/h2>\n\n<h3 class=\"wp-block-heading\"><strong>Principio<\/strong><\/h3>\n\n<p>STERITECH concede <strong>gran importancia a la seguridad y protecci\u00f3n de sus datos personales.<\/strong> Recopilamos y procesamos sus datos personales de conformidad con el Reglamento General de Protecci\u00f3n de Datos (RGPD) en vigor desde el 25 de mayo de 2018, as\u00ed como con todas las leyes de protecci\u00f3n de datos aplicables.<\/p>\n\n<h3 class=\"wp-block-heading\"><strong>Recogida y almacenamiento de datos<\/strong><\/h3>\n\n<p>Los datos personales solo se registran cuando nos han sido facilitados por usted, por ejemplo, cuando acude a nuestro stand en una feria, en eventos, cuando visita a uno de nuestros Representantes Comerciales, cuando rellena un formulario, cuando responde a una encuesta o cuando trabaja o celebra un contrato con nosotros.<br\/><br\/>Sus datos personales s\u00f3lo se conservan durante el tiempo necesario para cumplir los fines para los que fueron recogidos o para cumplir requisitos legales. Este periodo puede variar en funci\u00f3n de la naturaleza de la informaci\u00f3n y de las obligaciones legales. <\/p>\n\n<h3 class=\"wp-block-heading\"><strong>Finalidad y fundamento jur\u00eddico del tratamiento<\/strong><\/h3>\n\n<p>Los datos personales que recopilamos se utilizan con fines de gesti\u00f3n comercial, ejecuci\u00f3n de contratos y mejora de nuestros servicios, de conformidad con las bases jur\u00eddicas definidas por el RGPD:<\/p>\n\n<ul class=\"wp-block-list\">\n<li>Ejecuci\u00f3n del contrato (para gestionar pedidos, servicios, etc.).<\/li>\n\n\n\n<li>Consentimiento (por ejemplo, para enviar comunicaciones de marketing).<\/li>\n\n\n\n<li>Inter\u00e9s leg\u00edtimo (para mejorar nuestros servicios y productos). Estos datos se conservan durante el tiempo necesario para cumplir los fines para los que se recogieron, y de conformidad con los requisitos legales. <\/li>\n<\/ul>\n\n<h3 class=\"wp-block-heading\"><strong>Destinatarios de los datos<\/strong><\/h3>\n\n<p>STERITECH se compromete a no vender ni alquilar sus datos personales. Los datos s\u00f3lo podr\u00e1n compartirse con nuestros subcontratistas y socios autorizados en el marco de la prestaci\u00f3n de servicios o con fines de comunicaci\u00f3n espec\u00edficos. Nos aseguramos de que estos terceros cumplan las mismas normas de protecci\u00f3n de datos.  <\/p>\n\n<h3 class=\"wp-block-heading\"><strong>Protecci\u00f3n de datos<\/strong><\/h3>\n\n<p>STERITECH aplica medidas t\u00e9cnicas y organizativas adecuadas para proteger sus datos personales contra la manipulaci\u00f3n intencionada, la p\u00e9rdida, la destrucci\u00f3n o el acceso no autorizado. Nuestras pr\u00e1cticas de seguridad se actualizan peri\u00f3dicamente para seguir el ritmo de los avances tecnol\u00f3gicos. <\/p>\n\n<h3 class=\"wp-block-heading\"><strong>Conocer y\/o suprimir sus datos<\/strong><\/h3>\n\n<p>De conformidad con las recomendaciones publicadas en abril de 2018 por la CNIL relativas al RGPD en el documento titulado \u00abMejore y controle sus relaciones con los clientes\u00bb, STERITECH, en sus relaciones B2B, ha integrado un enlace de cancelaci\u00f3n de suscripci\u00f3n en sus comunicaciones por correo electr\u00f3nico. Esto significa que, con un simple clic, sus clientes pueden dejar de recibir informaci\u00f3n de esta forma. <\/p>\n\n<p>Puede ponerse en contacto con nosotros en cualquier momento para ejercer sus derechos de acceso, rectificaci\u00f3n, supresi\u00f3n, oposici\u00f3n, portabilidad y oposici\u00f3n al tratamiento. Para ello, s\u00f3lo tiene que ponerse en contacto con nosotros en <a href=\"mailto:info@steritech.eu.com\">info@steritech.eu.com<\/a>. <\/p>\n\n<h2 class=\"wp-block-heading is-style-h2-souligne has-steritech-bleu-fonce-color has-text-color has-link-color wp-elements-49ddae9ab570ffbfaab9084b33b537f7\">3. Advertencia<\/h2>\n\n<p>Toda la informaci\u00f3n que aparece en este sitio es puramente indicativa y no compromete la responsabilidad del editor.<br\/>Esta informaci\u00f3n, que no pretende ser exhaustiva, no constituye asesoramiento de ning\u00fan tipo.<\/p>\n\n<p>Esta informaci\u00f3n est\u00e1 sujeta a cambios en cualquier momento y sin previo aviso, por lo que le invitamos a consultar peri\u00f3dicamente nuestro aviso legal.<\/p>\n\n<h2 class=\"wp-block-heading is-style-h2-souligne has-steritech-bleu-fonce-color has-text-color has-link-color wp-elements-cb0a0df56f21b77a511da36d45a59ccf\">4. Enlaces de hipertexto<\/h2>\n\n<p>El sitio web <a href=\"https:\/\/www.steritech.eu.com\/es\/\" target=\"_blank\" rel=\"noreferrer noopener\"><\/a><a href=\"https:\/\/www.steritech.eu.com\/es\/\">https:\/\/www.steritech.eu.com\/<\/a> contiene varios enlaces URL hacia otros sitios (asociaciones, informaci\u00f3n, etc.). Sin embargo, Steritech SAS no tiene la posibilidad de asegurar todos los elementos de los sitios visitados de esta manera y por lo tanto declina toda responsabilidad por cualquier riesgo de contenido il\u00edcito. <\/p>\n\n<h2 class=\"wp-block-heading is-style-h2-souligne has-steritech-bleu-fonce-color has-text-color has-link-color wp-elements-009fa0b4537c767a6ab0a0c70a4dbd89\">5. Informar de un error<\/h2>\n\n<p>Steritech hace todo lo posible por difundir informaci\u00f3n v\u00e1lida, mantenerla actualizada y garantizar la calidad del contenido. Si alg\u00fan contenido ya no es apropiado o molesta a alguna empresa, le rogamos que nos lo comunique a trav\u00e9s de la p\u00e1gina de contacto. El contenido ser\u00e1 modificado\/corregido en un plazo de 48 horas (d\u00edas laborables).  <\/p>\n\n<h2 class=\"wp-block-heading is-style-h2-souligne has-steritech-bleu-fonce-color has-text-color has-link-color wp-elements-3eed7d6debbe19d9d2f17705ef9fe9e6\">6. Cookies<\/h2>\n\n<p>Se informa al usuario de que, durante su navegaci\u00f3n por el sitio web <a href=\"https:\/\/www.steritech.eu.com\/es\/\">https:\/\/www.steritech.eu.com\/<\/a>, puede instalarse autom\u00e1ticamente una cookie en su ordenador a trav\u00e9s de su programa de navegaci\u00f3n.<\/p>\n\n<p>Una cookie es un elemento que no permite identificar al usuario pero que se utiliza para registrar informaci\u00f3n relativa a su navegaci\u00f3n en el sitio web. Se utiliza para almacenar informaci\u00f3n espec\u00edfica sobre el usuario con el fin de facilitar la navegaci\u00f3n, mejorar el rendimiento del sitio u ofrecer servicios personalizados. <\/p>\n\n<p>Para consultar nuestra pol\u00edtica de cookies, sigue este enlace: <a href=\"https:\/\/www.steritech.eu.com\/es\/gestion-de-cookies\/\">https:\/\/www.steritech.eu.com\/gestion-des-cookies\/<\/a> <\/p>\n\n<h3 class=\"wp-block-heading\"><strong>Consentimiento<\/strong><\/h3>\n\n<p>De conformidad con la legislaci\u00f3n vigente, la colocaci\u00f3n de determinadas cookies requiere su consentimiento. Cuando visita nuestro sitio por primera vez, un banner informativo le informa de la presencia de estas cookies y le invita a aceptarlas o configurarlas. <\/p>\n\n<p>Puede retirar o modificar su consentimiento en cualquier momento haciendo clic en la casilla \u00abGestionar consentimiento\u00bb situada en la esquina inferior derecha.<\/p>\n\n<h3 class=\"wp-block-heading\"><strong>Gesti\u00f3n de las cookies<\/strong><\/h3>\n\n<p>Puede configurar su navegador para bloquear o eliminar las cookies ya instaladas en su dispositivo. Tenga en cuenta, no obstante, que el bloqueo de determinadas cookies puede afectar a su experiencia de usuario en nuestro sitio. <\/p>\n\n<p>Para m\u00e1s informaci\u00f3n sobre la gesti\u00f3n de cookies y c\u00f3mo configurarlas, consulte la documentaci\u00f3n de su navegador.<\/p>\n\n<h2 class=\"wp-block-heading is-style-h2-souligne has-steritech-bleu-fonce-color has-text-color has-link-color wp-elements-c60cc48bd05ff9a141dadaf38776d45b\">7. Creaci\u00f3n del sitio web<\/h2>\n\n<p>Dise\u00f1o de sitios web (interfaz gr\u00e1fica y desarrollo) :<\/p>\n\n<p>La couleur du Z\u00e8bre, agencia de comunicaci\u00f3n digital en Alsacia.<br\/>3 Passage de la Cath\u00e9drale, 67000 Estrasburgo<\/p>\n\n<p><img loading=\"lazy\" decoding=\"async\" width=\"165\" height=\"70\" src=\"blob:https:\/\/www.steritech.eu.com\/fc8a98ba-3351-48ff-b25b-d47f52bc8529\"\/> <br\/>Contacto: <a href=\"mailto:contact@lacouleurduzebre.com\">contact@lacouleurduzebre.com<\/a><\/p>\n\n<p><a href=\"http:\/\/www.lacouleurduzebre.com\">www.lacouleurduzebre.com<\/a><\/p>\n\n<p>Director de la publicaci\u00f3n: STERITECH <a href=\"mailto:info@steritech.eu.com\">info@steritech.eu.com<\/a><\/p>\n\n<h2 class=\"wp-block-heading is-style-h2-souligne has-steritech-bleu-fonce-color has-text-color has-link-color wp-elements-43d523dcea97f1137ed2aae440322c86\">8. Alojamiento<\/h2>\n\n<p>El sitio est\u00e1 alojado en : SAS PulseHeberg<br\/>Sociedad por acciones simplificada<br\/>Registro Mercantil de Toulon 824 070 619<br\/>C\u00f3digo de actividad principal (APE) 63.11Z<br\/>N\u00famero de IVA: FR29824070619<br\/>Domicilio social: 9, Boulevard de Strasbourg 83000 Toulon<\/p>\n\n<h2 class=\"wp-block-heading is-style-h2-souligne has-steritech-bleu-fonce-color has-text-color has-link-color wp-elements-061ef9e416c75056d24c3ccff32d3856\">9. Cr\u00e9ditos de las fotos <\/h2>\n\n<p><a href=\"http:\/\/www.elodiewinter.com\/\">Elodie Winter<\/a><br\/>STRASBOURG<br\/><a href=\"mailto:work@bywinter.com\">work@bywinter.com<\/a><\/p>\n\n<p><a href=\"https:\/\/www.pappers.fr\/entreprise\/sciannimanico-olivier-489456400\">Olivier SCIANNIMANICO <\/a><br\/>VENDENHEIM <br\/><a href=\"mailto:olivier@studio-s2o.fr\">olivier@studio-s2o.fr<\/a> <br\/><\/p>\n\n<p><a href=\"https:\/\/www.dorianrollin.com\/\">Dorian ROLLIN<\/a><br\/>RIBEAUVILLE<br\/><a href=\"mailto:dorian.rollin@free.fr\">dorian.rollin@free.fr<\/a><\/p>\n\n<p>Tribu Comm\u2019 de Steritech<br\/>SAVERNE<br\/><a href=\"mailto:info@steritech.eu.com\">info@steritech.eu.com<\/a><\/p>\n\n<h2 class=\"wp-block-heading is-style-h2-souligne has-steritech-bleu-fonce-color has-text-color has-link-color wp-elements-f8953964f920d442d16532d167d2f81c\">10. Derechos de propiedad intelectual<\/h2>\n\n<p>Steritech SAS es el \u00fanico propietario de todos los derechos de propiedad intelectual o titular de los derechos y autorizaciones de uso de todos los elementos accesibles en el siguiente sitio, tanto estructuralmente como en t\u00e9rminos de art\u00edculos, textos, gr\u00e1ficos, logotipos, v\u00eddeos, bandas sonoras, etc.<br\/><br\/>La reproducci\u00f3n o representaci\u00f3n, total o parcial, de las p\u00e1ginas, datos y cualquier otro elemento que componga el sitio, por cualquier procedimiento o soporte, est\u00e1 prohibida y constituye una infracci\u00f3n sancionada por los art\u00edculos L335-2 y siguientes del C\u00f3digo franc\u00e9s de la Propiedad Intelectual, sin la autorizaci\u00f3n expresa y previa del editor.<br\/><br\/>Toda utilizaci\u00f3n del contenido y del sitio con fines ilegales ser\u00e1 perseguida judicialmente.<\/p>\n\n<p><a id=\"_msocom_1\"><\/a><\/p>\n\n<div class=\"wp-block-group alignwide is-style-bords-arrondis is-layout-constrained wp-block-group-is-layout-constrained\" style=\"margin-top:var(--wp--preset--spacing--60);margin-bottom:var(--wp--preset--spacing--60);padding-top:var(--wp--preset--spacing--30);padding-bottom:var(--wp--preset--spacing--30)\">\n<div class=\"wp-block-buttons is-horizontal is-content-justification-center is-layout-flex wp-container-core-buttons-is-layout-e1a8c94f wp-block-buttons-is-layout-flex\" style=\"padding-top:0;padding-bottom:0\">\n<div class=\"wp-block-button has-custom-width wp-block-button__width-50 is-style-btn-primary\"><a class=\"wp-block-button__link wp-element-button\" href=\"https:\/\/www.steritech.eu.com\/es\/contacta-con-nosotros\/\">Cont\u00e1ctenos<\/a><\/div>\n<\/div>\n<\/div>\n","protected":false},"excerpt":{"rendered":"<p>De conformidad con las obligaciones de los art\u00edculos 6-III y 19 de la Ley n\u00ba 2004-575 de 21 de junio de 2004 sobre la confianza en la econom\u00eda digital, conocida como L.C.E.N., los datos personales recogidos en el sitio https:\/\/www.steritech.eu.com\/ no son objeto de un tratamiento automatizado. Se trata de la recuperaci\u00f3n de datos a [&hellip;]<\/p>\n","protected":false},"author":5,"featured_media":0,"parent":0,"menu_order":0,"comment_status":"closed","ping_status":"closed","template":"","meta":{"_acf_changed":false,"footnotes":""},"folder":[121],"class_list":["post-8110","page","type-page","status-publish","hentry"],"acf":[],"yoast_head":"<!-- This site is optimized with the Yoast SEO plugin v27.3 - https:\/\/yoast.com\/product\/yoast-seo-wordpress\/ -->\n<title>Informaci\u00f3n jur\u00eddica y pol\u00edtica de privacidad - Steritech<\/title>\n<meta name=\"robots\" content=\"index, follow, max-snippet:-1, max-image-preview:large, max-video-preview:-1\" \/>\n<link rel=\"canonical\" href=\"https:\/\/www.steritech.eu.com\/es\/informacion-juridica-y-politica-de-privacidad\/\" \/>\n<meta property=\"og:locale\" content=\"es_ES\" \/>\n<meta property=\"og:type\" content=\"article\" \/>\n<meta property=\"og:title\" content=\"Informaci\u00f3n jur\u00eddica y pol\u00edtica de privacidad - Steritech\" \/>\n<meta property=\"og:description\" content=\"De conformidad con las obligaciones de los art\u00edculos 6-III y 19 de la Ley n\u00ba 2004-575 de 21 de junio de 2004 sobre la confianza en la econom\u00eda digital, conocida como L.C.E.N., los datos personales recogidos en el sitio https:\/\/www.steritech.eu.com\/ no son objeto de un tratamiento automatizado. Se trata de la recuperaci\u00f3n de datos a [&hellip;]\" \/>\n<meta property=\"og:url\" content=\"https:\/\/www.steritech.eu.com\/es\/informacion-juridica-y-politica-de-privacidad\/\" \/>\n<meta property=\"og:site_name\" content=\"Steritech\" \/>\n<meta property=\"article:modified_time\" content=\"2025-08-22T08:48:05+00:00\" \/>\n<meta name=\"twitter:card\" content=\"summary_large_image\" \/>\n<meta name=\"twitter:label1\" content=\"Tiempo de lectura\" \/>\n\t<meta name=\"twitter:data1\" content=\"6 minutos\" \/>\n<script type=\"application\/ld+json\" class=\"yoast-schema-graph\">{\"@context\":\"https:\\\/\\\/schema.org\",\"@graph\":[{\"@type\":\"WebPage\",\"@id\":\"https:\\\/\\\/www.steritech.eu.com\\\/es\\\/informacion-juridica-y-politica-de-privacidad\\\/\",\"url\":\"https:\\\/\\\/www.steritech.eu.com\\\/es\\\/informacion-juridica-y-politica-de-privacidad\\\/\",\"name\":\"Informaci\u00f3n jur\u00eddica y pol\u00edtica de privacidad - Steritech\",\"isPartOf\":{\"@id\":\"https:\\\/\\\/www.steritech.eu.com\\\/es\\\/#website\"},\"datePublished\":\"2024-08-08T10:12:58+00:00\",\"dateModified\":\"2025-08-22T08:48:05+00:00\",\"breadcrumb\":{\"@id\":\"https:\\\/\\\/www.steritech.eu.com\\\/es\\\/informacion-juridica-y-politica-de-privacidad\\\/#breadcrumb\"},\"inLanguage\":\"es\",\"potentialAction\":[{\"@type\":\"ReadAction\",\"target\":[\"https:\\\/\\\/www.steritech.eu.com\\\/es\\\/informacion-juridica-y-politica-de-privacidad\\\/\"]}]},{\"@type\":\"BreadcrumbList\",\"@id\":\"https:\\\/\\\/www.steritech.eu.com\\\/es\\\/informacion-juridica-y-politica-de-privacidad\\\/#breadcrumb\",\"itemListElement\":[{\"@type\":\"ListItem\",\"position\":1,\"name\":\"P\u00e1gina principal\",\"item\":\"https:\\\/\\\/www.steritech.eu.com\\\/es\\\/\"},{\"@type\":\"ListItem\",\"position\":2,\"name\":\"Informaci\u00f3n jur\u00eddica y pol\u00edtica de privacidad\"}]},{\"@type\":\"WebSite\",\"@id\":\"https:\\\/\\\/www.steritech.eu.com\\\/es\\\/#website\",\"url\":\"https:\\\/\\\/www.steritech.eu.com\\\/es\\\/\",\"name\":\"Steritech\",\"description\":\"Smart preservation\",\"publisher\":{\"@id\":\"https:\\\/\\\/www.steritech.eu.com\\\/es\\\/#organization\"},\"alternateName\":\"STERITECH\",\"potentialAction\":[{\"@type\":\"SearchAction\",\"target\":{\"@type\":\"EntryPoint\",\"urlTemplate\":\"https:\\\/\\\/www.steritech.eu.com\\\/es\\\/?s={search_term_string}\"},\"query-input\":{\"@type\":\"PropertyValueSpecification\",\"valueRequired\":true,\"valueName\":\"search_term_string\"}}],\"inLanguage\":\"es\"},{\"@type\":\"Organization\",\"@id\":\"https:\\\/\\\/www.steritech.eu.com\\\/es\\\/#organization\",\"name\":\"Steritech\",\"url\":\"https:\\\/\\\/www.steritech.eu.com\\\/es\\\/\",\"logo\":{\"@type\":\"ImageObject\",\"inLanguage\":\"es\",\"@id\":\"https:\\\/\\\/www.steritech.eu.com\\\/es\\\/#\\\/schema\\\/logo\\\/image\\\/\",\"url\":\"https:\\\/\\\/www.steritech.eu.com\\\/wp-content\\\/uploads\\\/2024\\\/06\\\/Logo-Steritech-texte.svg\",\"contentUrl\":\"https:\\\/\\\/www.steritech.eu.com\\\/wp-content\\\/uploads\\\/2024\\\/06\\\/Logo-Steritech-texte.svg\",\"caption\":\"Steritech\"},\"image\":{\"@id\":\"https:\\\/\\\/www.steritech.eu.com\\\/es\\\/#\\\/schema\\\/logo\\\/image\\\/\"},\"sameAs\":[\"https:\\\/\\\/www.linkedin.com\\\/company\\\/steritechsas\"]}]}<\/script>\n<!-- \/ Yoast SEO plugin. -->","yoast_head_json":{"title":"Informaci\u00f3n jur\u00eddica y pol\u00edtica de privacidad - Steritech","robots":{"index":"index","follow":"follow","max-snippet":"max-snippet:-1","max-image-preview":"max-image-preview:large","max-video-preview":"max-video-preview:-1"},"canonical":"https:\/\/www.steritech.eu.com\/es\/informacion-juridica-y-politica-de-privacidad\/","og_locale":"es_ES","og_type":"article","og_title":"Informaci\u00f3n jur\u00eddica y pol\u00edtica de privacidad - Steritech","og_description":"De conformidad con las obligaciones de los art\u00edculos 6-III y 19 de la Ley n\u00ba 2004-575 de 21 de junio de 2004 sobre la confianza en la econom\u00eda digital, conocida como L.C.E.N., los datos personales recogidos en el sitio https:\/\/www.steritech.eu.com\/ no son objeto de un tratamiento automatizado. Se trata de la recuperaci\u00f3n de datos a [&hellip;]","og_url":"https:\/\/www.steritech.eu.com\/es\/informacion-juridica-y-politica-de-privacidad\/","og_site_name":"Steritech","article_modified_time":"2025-08-22T08:48:05+00:00","twitter_card":"summary_large_image","twitter_misc":{"Tiempo de lectura":"6 minutos"},"schema":{"@context":"https:\/\/schema.org","@graph":[{"@type":"WebPage","@id":"https:\/\/www.steritech.eu.com\/es\/informacion-juridica-y-politica-de-privacidad\/","url":"https:\/\/www.steritech.eu.com\/es\/informacion-juridica-y-politica-de-privacidad\/","name":"Informaci\u00f3n jur\u00eddica y pol\u00edtica de privacidad - Steritech","isPartOf":{"@id":"https:\/\/www.steritech.eu.com\/es\/#website"},"datePublished":"2024-08-08T10:12:58+00:00","dateModified":"2025-08-22T08:48:05+00:00","breadcrumb":{"@id":"https:\/\/www.steritech.eu.com\/es\/informacion-juridica-y-politica-de-privacidad\/#breadcrumb"},"inLanguage":"es","potentialAction":[{"@type":"ReadAction","target":["https:\/\/www.steritech.eu.com\/es\/informacion-juridica-y-politica-de-privacidad\/"]}]},{"@type":"BreadcrumbList","@id":"https:\/\/www.steritech.eu.com\/es\/informacion-juridica-y-politica-de-privacidad\/#breadcrumb","itemListElement":[{"@type":"ListItem","position":1,"name":"P\u00e1gina principal","item":"https:\/\/www.steritech.eu.com\/es\/"},{"@type":"ListItem","position":2,"name":"Informaci\u00f3n jur\u00eddica y pol\u00edtica de privacidad"}]},{"@type":"WebSite","@id":"https:\/\/www.steritech.eu.com\/es\/#website","url":"https:\/\/www.steritech.eu.com\/es\/","name":"Steritech","description":"Smart preservation","publisher":{"@id":"https:\/\/www.steritech.eu.com\/es\/#organization"},"alternateName":"STERITECH","potentialAction":[{"@type":"SearchAction","target":{"@type":"EntryPoint","urlTemplate":"https:\/\/www.steritech.eu.com\/es\/?s={search_term_string}"},"query-input":{"@type":"PropertyValueSpecification","valueRequired":true,"valueName":"search_term_string"}}],"inLanguage":"es"},{"@type":"Organization","@id":"https:\/\/www.steritech.eu.com\/es\/#organization","name":"Steritech","url":"https:\/\/www.steritech.eu.com\/es\/","logo":{"@type":"ImageObject","inLanguage":"es","@id":"https:\/\/www.steritech.eu.com\/es\/#\/schema\/logo\/image\/","url":"https:\/\/www.steritech.eu.com\/wp-content\/uploads\/2024\/06\/Logo-Steritech-texte.svg","contentUrl":"https:\/\/www.steritech.eu.com\/wp-content\/uploads\/2024\/06\/Logo-Steritech-texte.svg","caption":"Steritech"},"image":{"@id":"https:\/\/www.steritech.eu.com\/es\/#\/schema\/logo\/image\/"},"sameAs":["https:\/\/www.linkedin.com\/company\/steritechsas"]}]}},"_links":{"self":[{"href":"https:\/\/www.steritech.eu.com\/es\/wp-json\/wp\/v2\/pages\/8110","targetHints":{"allow":["GET"]}}],"collection":[{"href":"https:\/\/www.steritech.eu.com\/es\/wp-json\/wp\/v2\/pages"}],"about":[{"href":"https:\/\/www.steritech.eu.com\/es\/wp-json\/wp\/v2\/types\/page"}],"author":[{"embeddable":true,"href":"https:\/\/www.steritech.eu.com\/es\/wp-json\/wp\/v2\/users\/5"}],"replies":[{"embeddable":true,"href":"https:\/\/www.steritech.eu.com\/es\/wp-json\/wp\/v2\/comments?post=8110"}],"version-history":[{"count":0,"href":"https:\/\/www.steritech.eu.com\/es\/wp-json\/wp\/v2\/pages\/8110\/revisions"}],"wp:attachment":[{"href":"https:\/\/www.steritech.eu.com\/es\/wp-json\/wp\/v2\/media?parent=8110"}],"wp:term":[{"taxonomy":"folder","embeddable":true,"href":"https:\/\/www.steritech.eu.com\/es\/wp-json\/wp\/v2\/folder?post=8110"}],"curies":[{"name":"wp","href":"https:\/\/api.w.org\/{rel}","templated":true}]}}